{"id":97,"date":"2024-06-22T11:19:16","date_gmt":"2024-06-22T11:19:16","guid":{"rendered":"https:\/\/vazub.com\/?page_id=97"},"modified":"2024-07-03T09:03:30","modified_gmt":"2024-07-03T09:03:30","slug":"o-spolecnosti-vazub","status":"publish","type":"page","link":"https:\/\/vazub.com\/cs\/o-spolecnosti-vazub\/","title":{"rendered":"O spole\u010dnosti Vazub"},"content":{"rendered":"<h2 class=\"fusion-responsive-typography-calculated\" style=\"text-align: center; --fontsize: 40; line-height: 1.2;\" data-fontsize=\"40\" data-lineheight=\"48px\"><strong>Tov\u00e1rna na n\u00e1stroje Vazub<\/strong><\/h2>\n<p>Vazub je v\u00fdrobce s 21 lety zku\u0161enost\u00ed v oblasti v\u00fdzkumu a v\u00fdvoje, konstrukce a v\u00fdroby zku\u0161ebn\u00edch stroj\u016f. M\u00e1 bohat\u00e9 zku\u0161enosti a spolupracuje se zn\u00e1m\u00fdmi dom\u00e1c\u00edmi i zahrani\u010dn\u00edmi spole\u010dnostmi. Jej\u00ed v\u00fdrobky se vyv\u00e1\u017eej\u00ed do mnoha zem\u00ed a region\u016f. V\u00fdrobky spl\u0148uj\u00ed normy ISO, AATCC, ASTM, DIN, EN, GB, BS, JIS, ANSI, UL, TAPPI, IEC, VDE... V\u0161echny jsou k dispozici. V\u00fdrobky jsou \u0161iroce pou\u017e\u00edv\u00e1ny ve v\u011bdeck\u00fdch v\u00fdzkumn\u00fdch jednotk\u00e1ch, instituc\u00edch pro kontrolu kvality, na vysok\u00fdch \u0161kol\u00e1ch a univerzit\u00e1ch, stejn\u011b jako v elektronick\u00fdch p\u0159\u00edstroj\u00edch, n\u00e1t\u011brech, ta\u0161k\u00e1ch, lepidlech, mobiln\u00edch telefonech, textilu, hra\u010dk\u00e1ch, gum\u011b, plastech, kovech, dr\u00e1tech a kabelech, obuvi, k\u016f\u017ei, obalech, stavebn\u00edch materi\u00e1lech, petrochemii, letectv\u00ed... a dal\u0161\u00edch odv\u011btv\u00edch. Jsou nezbytn\u00e9 pro v\u00fdvoj materi\u00e1l\u016f, testov\u00e1n\u00ed fyzik\u00e1ln\u00edch vlastnost\u00ed, v\u00fdukov\u00fd v\u00fdzkum, \u0159\u00edzen\u00ed kvality a vstupn\u00ed kontrolu materi\u00e1l\u016f.<\/p>\n<p><img fetchpriority=\"high\" decoding=\"async\" class=\"alignnone wp-image-167 size-full\" src=\"https:\/\/vazub.com\/wp-content\/uploads\/2024\/06\/Vazub-70\u2103150\u2103-Laboratory-Simulated-Climate-Programmable-Temperature-And-Humidity-Control-Testing-Climate-Chamber-Manufacturer-11.jpg\" alt=\"Vazub -70 \u2103 ~ +150 \u2103 Laboratorn\u00ed simulovan\u00e9 klima Programovateln\u00e1 regulace teploty a vlhkosti Testovac\u00ed klimatick\u00e1 komora V\u00fdrobce\" width=\"750\" height=\"1264\" srcset=\"https:\/\/vazub.com\/wp-content\/uploads\/2024\/06\/Vazub-70\u2103150\u2103-Laboratory-Simulated-Climate-Programmable-Temperature-And-Humidity-Control-Testing-Climate-Chamber-Manufacturer-11-7x12.jpg 7w, https:\/\/vazub.com\/wp-content\/uploads\/2024\/06\/Vazub-70\u2103150\u2103-Laboratory-Simulated-Climate-Programmable-Temperature-And-Humidity-Control-Testing-Climate-Chamber-Manufacturer-11-178x300.jpg 178w, https:\/\/vazub.com\/wp-content\/uploads\/2024\/06\/Vazub-70\u2103150\u2103-Laboratory-Simulated-Climate-Programmable-Temperature-And-Humidity-Control-Testing-Climate-Chamber-Manufacturer-11-200x337.jpg 200w, https:\/\/vazub.com\/wp-content\/uploads\/2024\/06\/Vazub-70\u2103150\u2103-Laboratory-Simulated-Climate-Programmable-Temperature-And-Humidity-Control-Testing-Climate-Chamber-Manufacturer-11-400x674.jpg 400w, https:\/\/vazub.com\/wp-content\/uploads\/2024\/06\/Vazub-70\u2103150\u2103-Laboratory-Simulated-Climate-Programmable-Temperature-And-Humidity-Control-Testing-Climate-Chamber-Manufacturer-11-500x843.jpg 500w, https:\/\/vazub.com\/wp-content\/uploads\/2024\/06\/Vazub-70\u2103150\u2103-Laboratory-Simulated-Climate-Programmable-Temperature-And-Humidity-Control-Testing-Climate-Chamber-Manufacturer-11-600x1011.jpg 600w, https:\/\/vazub.com\/wp-content\/uploads\/2024\/06\/Vazub-70\u2103150\u2103-Laboratory-Simulated-Climate-Programmable-Temperature-And-Humidity-Control-Testing-Climate-Chamber-Manufacturer-11-608x1024.jpg 608w, https:\/\/vazub.com\/wp-content\/uploads\/2024\/06\/Vazub-70\u2103150\u2103-Laboratory-Simulated-Climate-Programmable-Temperature-And-Humidity-Control-Testing-Climate-Chamber-Manufacturer-11-700x1180.jpg 700w, https:\/\/vazub.com\/wp-content\/uploads\/2024\/06\/Vazub-70\u2103150\u2103-Laboratory-Simulated-Climate-Programmable-Temperature-And-Humidity-Control-Testing-Climate-Chamber-Manufacturer-11.jpg 750w\" sizes=\"(max-width: 750px) 100vw, 750px\" \/><\/p>\n<p>Vazub vytvo\u0159\u00ed profesion\u00e1ln\u00ed s\u00ed\u0165 v\u00fdzkumu a v\u00fdvoje pokr\u00fdvaj\u00edc\u00ed Asii, Ameriku a Evropu, zavede a zdokonal\u00ed inova\u010dn\u00ed mechanismy a platformy pro spr\u00e1vu du\u0161evn\u00edho vlastnictv\u00ed, polo\u017e\u00ed z\u00e1klady rozvoje spole\u010dnosti a stane se pr\u016fkopn\u00edkem mezi dom\u00e1c\u00edmi podniky, jejich\u017e v\u00fdrobky jsou obl\u00edben\u00e9 po cel\u00e9m sv\u011bt\u011b. Od sv\u00e9ho zalo\u017een\u00ed se spole\u010dnost pevn\u011b dr\u017e\u00ed kvality jako j\u00e1dra, vynikaj\u00edc\u00edho vzhledu jako st\u0159edu a seri\u00f3zn\u00edho a pragmatick\u00e9ho pracovn\u00edho ducha, aby l\u00e9pe slou\u017eila z\u00e1kazn\u00edk\u016fm a z\u00edskala dobrou pov\u011bst. I nad\u00e1le se budeme dr\u017eet z\u00e1sady \"poctiv\u00e9 \u0159\u00edzen\u00ed\", \"kvalita na prvn\u00edm m\u00edst\u011b\" a slu\u017eby na prvn\u00edm m\u00edst\u011b, navrhovat v\u00fdrobky s inovativn\u00edmi n\u00e1pady a technologiemi, zaji\u0161\u0165ovat vynikaj\u00edc\u00ed kvalitu, rozumn\u00e9 ceny a kompletn\u00ed servisn\u00ed s\u00ed\u0165 a poskytovat profesion\u00e1ln\u00ed, ide\u00e1ln\u00ed a efektivn\u00ed slu\u017eby nov\u00fdm i star\u00fdm z\u00e1kazn\u00edk\u016fm.<\/p>\n<p><img decoding=\"async\" class=\"alignnone wp-image-141 size-full\" src=\"https:\/\/vazub.com\/wp-content\/uploads\/2024\/06\/About-Vazub-Instrument-Factory-4.jpg\" alt=\"O spole\u010dnosti Vazub Instrument Factory\" width=\"1200\" height=\"600\" srcset=\"https:\/\/vazub.com\/wp-content\/uploads\/2024\/06\/About-Vazub-Instrument-Factory-4-18x9.jpg 18w, https:\/\/vazub.com\/wp-content\/uploads\/2024\/06\/About-Vazub-Instrument-Factory-4-200x100.jpg 200w, https:\/\/vazub.com\/wp-content\/uploads\/2024\/06\/About-Vazub-Instrument-Factory-4-300x150.jpg 300w, https:\/\/vazub.com\/wp-content\/uploads\/2024\/06\/About-Vazub-Instrument-Factory-4-400x200.jpg 400w, https:\/\/vazub.com\/wp-content\/uploads\/2024\/06\/About-Vazub-Instrument-Factory-4-500x250.jpg 500w, https:\/\/vazub.com\/wp-content\/uploads\/2024\/06\/About-Vazub-Instrument-Factory-4-600x300.jpg 600w, https:\/\/vazub.com\/wp-content\/uploads\/2024\/06\/About-Vazub-Instrument-Factory-4-700x350.jpg 700w, https:\/\/vazub.com\/wp-content\/uploads\/2024\/06\/About-Vazub-Instrument-Factory-4-768x384.jpg 768w, https:\/\/vazub.com\/wp-content\/uploads\/2024\/06\/About-Vazub-Instrument-Factory-4-800x400.jpg 800w, https:\/\/vazub.com\/wp-content\/uploads\/2024\/06\/About-Vazub-Instrument-Factory-4-1024x512.jpg 1024w, https:\/\/vazub.com\/wp-content\/uploads\/2024\/06\/About-Vazub-Instrument-Factory-4.jpg 1200w\" sizes=\"(max-width: 1200px) 100vw, 1200px\" \/><\/p>\n<p>Hodnoty spole\u010dnosti Vazub: vd\u011b\u010dnost, integrita, kvalita, inovace a win-win. | Vize (posl\u00e1n\u00ed): St\u00e1t se vlivn\u00fdm v\u00fdrobcem testovac\u00edch za\u0159\u00edzen\u00ed a poskytovat z\u00e1kazn\u00edk\u016fm komplexn\u00ed \u0159e\u0161en\u00ed a slu\u017eby. | Filozofie spole\u010dnosti Z\u00e1kladn\u00ed hodnoty (t\u0159i v\u00fdtvory): Vytv\u00e1\u0159et konkurenceschopnost pro z\u00e1kazn\u00edky a dosahovat jejich spokojenosti; vytv\u00e1\u0159et rozvoj pro zam\u011bstnance a odr\u00e1\u017eet hodnotu zam\u011bstnanc\u016f; vytv\u00e1\u0159et zisk pro spole\u010dnost a zaji\u0161\u0165ovat udr\u017eiteln\u00fd provoz spole\u010dnosti.<\/p>\n<p><img decoding=\"async\" class=\"alignnone wp-image-140 size-full\" src=\"https:\/\/vazub.com\/wp-content\/uploads\/2024\/06\/About-Vazub-Instrument-Factory-3.jpg\" alt=\"O spole\u010dnosti Vazub Instrument Factory\" width=\"1200\" height=\"550\" srcset=\"https:\/\/vazub.com\/wp-content\/uploads\/2024\/06\/About-Vazub-Instrument-Factory-3-18x8.jpg 18w, https:\/\/vazub.com\/wp-content\/uploads\/2024\/06\/About-Vazub-Instrument-Factory-3-200x92.jpg 200w, https:\/\/vazub.com\/wp-content\/uploads\/2024\/06\/About-Vazub-Instrument-Factory-3-300x138.jpg 300w, https:\/\/vazub.com\/wp-content\/uploads\/2024\/06\/About-Vazub-Instrument-Factory-3-400x183.jpg 400w, https:\/\/vazub.com\/wp-content\/uploads\/2024\/06\/About-Vazub-Instrument-Factory-3-500x229.jpg 500w, https:\/\/vazub.com\/wp-content\/uploads\/2024\/06\/About-Vazub-Instrument-Factory-3-600x275.jpg 600w, https:\/\/vazub.com\/wp-content\/uploads\/2024\/06\/About-Vazub-Instrument-Factory-3-700x321.jpg 700w, https:\/\/vazub.com\/wp-content\/uploads\/2024\/06\/About-Vazub-Instrument-Factory-3-768x352.jpg 768w, https:\/\/vazub.com\/wp-content\/uploads\/2024\/06\/About-Vazub-Instrument-Factory-3-800x367.jpg 800w, https:\/\/vazub.com\/wp-content\/uploads\/2024\/06\/About-Vazub-Instrument-Factory-3-1024x469.jpg 1024w, https:\/\/vazub.com\/wp-content\/uploads\/2024\/06\/About-Vazub-Instrument-Factory-3.jpg 1200w\" sizes=\"(max-width: 1200px) 100vw, 1200px\" \/><\/p>\n<p><img loading=\"lazy\" decoding=\"async\" class=\"alignnone wp-image-139 size-full\" src=\"https:\/\/vazub.com\/wp-content\/uploads\/2024\/06\/About-Vazub-Instrument-Factory-2.jpg\" alt=\"O spole\u010dnosti Vazub Instrument Factory\" width=\"1200\" height=\"1215\" srcset=\"https:\/\/vazub.com\/wp-content\/uploads\/2024\/06\/About-Vazub-Instrument-Factory-2-12x12.jpg 12w, https:\/\/vazub.com\/wp-content\/uploads\/2024\/06\/About-Vazub-Instrument-Factory-2-66x66.jpg 66w, https:\/\/vazub.com\/wp-content\/uploads\/2024\/06\/About-Vazub-Instrument-Factory-2-200x203.jpg 200w, https:\/\/vazub.com\/wp-content\/uploads\/2024\/06\/About-Vazub-Instrument-Factory-2-296x300.jpg 296w, https:\/\/vazub.com\/wp-content\/uploads\/2024\/06\/About-Vazub-Instrument-Factory-2-400x405.jpg 400w, https:\/\/vazub.com\/wp-content\/uploads\/2024\/06\/About-Vazub-Instrument-Factory-2-500x506.jpg 500w, https:\/\/vazub.com\/wp-content\/uploads\/2024\/06\/About-Vazub-Instrument-Factory-2-600x608.jpg 600w, https:\/\/vazub.com\/wp-content\/uploads\/2024\/06\/About-Vazub-Instrument-Factory-2-700x709.jpg 700w, https:\/\/vazub.com\/wp-content\/uploads\/2024\/06\/About-Vazub-Instrument-Factory-2-768x778.jpg 768w, https:\/\/vazub.com\/wp-content\/uploads\/2024\/06\/About-Vazub-Instrument-Factory-2-800x810.jpg 800w, https:\/\/vazub.com\/wp-content\/uploads\/2024\/06\/About-Vazub-Instrument-Factory-2-1011x1024.jpg 1011w, https:\/\/vazub.com\/wp-content\/uploads\/2024\/06\/About-Vazub-Instrument-Factory-2.jpg 1200w\" sizes=\"(max-width: 1200px) 100vw, 1200px\" \/><\/p>\n<p><img loading=\"lazy\" decoding=\"async\" class=\"alignnone wp-image-142 size-full\" src=\"https:\/\/vazub.com\/wp-content\/uploads\/2024\/06\/About-Vazub-Instrument-Factory-5.jpg\" alt=\"O spole\u010dnosti Vazub Instrument Factory\" width=\"2048\" height=\"1024\" srcset=\"https:\/\/vazub.com\/wp-content\/uploads\/2024\/06\/About-Vazub-Instrument-Factory-5-18x9.jpg 18w, https:\/\/vazub.com\/wp-content\/uploads\/2024\/06\/About-Vazub-Instrument-Factory-5-200x100.jpg 200w, https:\/\/vazub.com\/wp-content\/uploads\/2024\/06\/About-Vazub-Instrument-Factory-5-300x150.jpg 300w, https:\/\/vazub.com\/wp-content\/uploads\/2024\/06\/About-Vazub-Instrument-Factory-5-400x200.jpg 400w, https:\/\/vazub.com\/wp-content\/uploads\/2024\/06\/About-Vazub-Instrument-Factory-5-500x250.jpg 500w, https:\/\/vazub.com\/wp-content\/uploads\/2024\/06\/About-Vazub-Instrument-Factory-5-600x300.jpg 600w, https:\/\/vazub.com\/wp-content\/uploads\/2024\/06\/About-Vazub-Instrument-Factory-5-700x350.jpg 700w, https:\/\/vazub.com\/wp-content\/uploads\/2024\/06\/About-Vazub-Instrument-Factory-5-768x384.jpg 768w, https:\/\/vazub.com\/wp-content\/uploads\/2024\/06\/About-Vazub-Instrument-Factory-5-800x400.jpg 800w, https:\/\/vazub.com\/wp-content\/uploads\/2024\/06\/About-Vazub-Instrument-Factory-5-1024x512.jpg 1024w, https:\/\/vazub.com\/wp-content\/uploads\/2024\/06\/About-Vazub-Instrument-Factory-5-1200x600.jpg 1200w, https:\/\/vazub.com\/wp-content\/uploads\/2024\/06\/About-Vazub-Instrument-Factory-5-1536x768.jpg 1536w, https:\/\/vazub.com\/wp-content\/uploads\/2024\/06\/About-Vazub-Instrument-Factory-5.jpg 2048w\" sizes=\"(max-width: 2048px) 100vw, 2048px\" \/><\/p>\n<h2 class=\"fusion-responsive-typography-calculated\" style=\"--fontsize: 40; line-height: 1.2;\" data-fontsize=\"40\" data-lineheight=\"48px\"><strong>Vazub <\/strong><strong>\u010cASTO KLADEN\u00c9 DOTAZY<\/strong><\/h2>\n<p><strong>1. Jak vybrat nejvhodn\u011bj\u0161\u00ed mechanick\u00e9 za\u0159\u00edzen\u00ed?<\/strong><br \/>\nN\u00e1\u0161 profesion\u00e1ln\u00ed t\u00fdm v\u00e1m poskytne nejlep\u0161\u00ed n\u00e1vrh, pokud n\u00e1m sd\u011bl\u00edte, jak\u00fd druh testu pot\u0159ebujete prov\u00e9st, a po\u017eadovanou specifikaci.<br \/>\n<strong>2. Jak\u00e1 je dodac\u00ed lh\u016fta?<\/strong><br \/>\nV\u011bt\u0161inu \u010dasu m\u00e1me skladem v na\u0161\u00ed tov\u00e1rn\u011b. Pokud skladem nen\u00ed, je dodac\u00ed lh\u016fta obvykle 15 a\u017e 20 pracovn\u00edch dn\u016f od p\u0159ijet\u00ed z\u00e1lohy. V p\u0159\u00edpad\u011b nal\u00e9hav\u00e9 pot\u0159eby pro v\u00e1s m\u016f\u017eeme zv\u00e1\u017eit zvl\u00e1\u0161tn\u00ed opat\u0159en\u00ed.<br \/>\n<strong>3. P\u0159ij\u00edm\u00e1te slu\u017eby p\u0159izp\u016fsoben\u00ed?<\/strong><br \/>\nAno, samoz\u0159ejm\u011b m\u016f\u017eeme nab\u00eddnout nejen standardn\u00ed stroje, ale tak\u00e9 stroje na m\u00edru.<br \/>\npodle va\u0161eho p\u0159\u00e1n\u00ed. Nev\u00e1hejte n\u00e1m sd\u011blit sv\u00e9 po\u017eadavky, pokus\u00edme se v\u00e1m co nejl\u00e9pe vyhov\u011bt.<br \/>\n<strong>4. M\u016f\u017eeme nav\u0161t\u00edvit va\u0161i tov\u00e1rnu p\u0159ed objedn\u00e1n\u00edm?<\/strong><br \/>\nAno, srde\u010dn\u011b v\u00e1s v\u00edt\u00e1me a srde\u010dn\u011b v\u00e1s nebo v\u00e1\u0161 t\u00fdm zveme k n\u00e1v\u0161t\u011bv\u011b na\u0161\u00ed tov\u00e1rny.<br \/>\n<strong>5. M\u00e1te z\u00e1kazn\u00edky z na\u0161\u00ed zem\u011b?<\/strong><br \/>\nNyn\u00ed se na\u0161e testovac\u00ed stroje prod\u00e1vaj\u00ed do v\u00edce ne\u017e 80 zem\u00ed, nap\u0159\u00edklad do Ameriky, Kanady, Ruska, Velk\u00e9 Brit\u00e1nie, It\u00e1lie, N\u011bmecka, Evropy, Indie, P\u00e1kist\u00e1nu, Filip\u00edn, Singapuru, Malajsie, Thajska, Vietnamu, Koreje, Sa\u00fadsk\u00e9 Ar\u00e1bie, Braz\u00edlie... a tak d\u00e1le.<br \/>\n<strong>6. Jak je to se z\u00e1rukou na stroj?<\/strong><br \/>\nObecn\u011b plat\u00ed, \u017ee na\u0161e z\u00e1ruka je 2 roky. B\u011bhem z\u00e1ru\u010dn\u00ed doby m\u016f\u017eeme nab\u00eddnout technickou podporu a v\u00fdm\u011bnu d\u00edl\u016f, na\u0161i technici mohou nutn\u011b vyjet k v\u00e1m pro lep\u0161\u00ed servis.<br \/>\n<strong>7. Jak je to s obalem stroje, je bezpe\u010dn\u011b chr\u00e1n\u011bn b\u011bhem p\u0159epravy?<\/strong><br \/>\nN\u00e1\u0161 stroj je zabalen do standardn\u00ed exportn\u00ed d\u0159ev\u011bn\u00e9 krabice, nedojde k jeho po\u0161kozen\u00ed. Mnoho testovac\u00edch stroj\u016f jsme dodali do zahrani\u010d\u00ed po mo\u0159i nebo letecky bez po\u0161kozen\u00ed.<br \/>\n<strong>8. Jak prob\u00edh\u00e1 objedn\u00e1vka?<\/strong><br \/>\nPopt\u00e1vka - cenov\u00e1 nab\u00eddka - komunikace - potvrzen\u00ed objedn\u00e1vky - platba z\u00e1lohy - v\u00fdroba - testov\u00e1n\u00ed a lad\u011bn\u00ed - platba z\u016fstatku - balen\u00ed - dod\u00e1vka - p\u0159\u00edjem od z\u00e1kazn\u00edka - n\u00e1sledn\u00fd servis.<br \/>\n<strong>9. Jak produkt nainstalovat a pou\u017e\u00edvat?<\/strong><br \/>\nV\u00fdrobek je dod\u00e1v\u00e1n s n\u00e1vodem k obsluze a videem v anglick\u00e9 verzi.<\/p>\n<p><span style=\"background-color: rgba(255, 255, 255, 0); color: var(--body_typography-color); font-family: var(--body_typography-font-family); font-size: var(--body_typography-font-size); font-style: var(--body_typography-font-style,normal); font-weight: var(--body_typography-font-weight); letter-spacing: var(--body_typography-letter-spacing);\">WhatsApp\/Wechat: +86 13075286997<\/span><\/p>\n<p>E-mail: sales@vazub.com<\/p>\n\n<div class=\"wpcf7 no-js\" id=\"wpcf7-f106-o1\" lang=\"en-US\" dir=\"ltr\" data-wpcf7-id=\"106\">\n<div class=\"screen-reader-response\"><p role=\"status\" aria-live=\"polite\" aria-atomic=\"true\"><\/p> <ul><\/ul><\/div>\n<form action=\"\/cs\/wp-json\/wp\/v2\/pages\/97#wpcf7-f106-o1\" method=\"post\" class=\"wpcf7-form init\" aria-label=\"Kontaktn\u00ed formul\u00e1\u0159\" novalidate=\"novalidate\" data-status=\"init\" data-trp-original-action=\"\/cs\/wp-json\/wp\/v2\/pages\/97#wpcf7-f106-o1\">\n<fieldset class=\"hidden-fields-container\"><input type=\"hidden\" name=\"_wpcf7\" value=\"106\" \/><input type=\"hidden\" name=\"_wpcf7_version\" value=\"6.1.2\" \/><input type=\"hidden\" name=\"_wpcf7_locale\" value=\"en_US\" \/><input type=\"hidden\" name=\"_wpcf7_unit_tag\" value=\"wpcf7-f106-o1\" \/><input type=\"hidden\" name=\"_wpcf7_container_post\" value=\"0\" \/><input type=\"hidden\" name=\"_wpcf7_posted_data_hash\" value=\"\" \/>\n<\/fieldset>\n<p><label> N\u00e1zev<br \/>\n<span class=\"wpcf7-form-control-wrap\" data-name=\"your-name\"><input size=\"40\" maxlength=\"400\" class=\"wpcf7-form-control wpcf7-text wpcf7-validates-as-required\" aria-required=\"true\" aria-invalid=\"false\" value=\"\" type=\"text\" name=\"your-name\" \/><\/span> <\/label>\n<\/p>\n<p><label> E-mail<br \/>\n<span class=\"wpcf7-form-control-wrap\" data-name=\"your-email\"><input size=\"40\" maxlength=\"400\" class=\"wpcf7-form-control wpcf7-email wpcf7-validates-as-required wpcf7-text wpcf7-validates-as-email\" aria-required=\"true\" aria-invalid=\"false\" value=\"\" type=\"email\" name=\"your-email\" \/><\/span> <\/label>\n<\/p>\n<p><label> Telefon<br \/>\n<span class=\"wpcf7-form-control-wrap\" data-name=\"your-phone\"><input size=\"40\" maxlength=\"400\" class=\"wpcf7-form-control wpcf7-text wpcf7-validates-as-required\" aria-required=\"true\" aria-invalid=\"false\" value=\"\" type=\"text\" name=\"your-phone\" \/><\/span> <\/label>\n<\/p>\n<p><label> Zpr\u00e1va<br \/>\n<span class=\"wpcf7-form-control-wrap\" data-name=\"your-message\"><textarea cols=\"40\" rows=\"10\" maxlength=\"2000\" class=\"wpcf7-form-control wpcf7-textarea\" aria-invalid=\"false\" name=\"your-message\"><\/textarea><\/span> <\/label>\n<\/p>\n<p><input class=\"wpcf7-form-control wpcf7-submit has-spinner\" type=\"submit\" value=\"Vyst\u0159elte sv\u016fj dotaz\" \/>\n<\/p><p style=\"display: none !important;\" class=\"akismet-fields-container\" data-prefix=\"_wpcf7_ak_\"><label>&#916;<textarea name=\"_wpcf7_ak_hp_textarea\" cols=\"45\" rows=\"8\" maxlength=\"100\"><\/textarea><\/label><input type=\"hidden\" id=\"ak_js_1\" name=\"_wpcf7_ak_js\" value=\"187\"\/><script>document.getElementById( \"ak_js_1\" ).setAttribute( \"value\", ( new Date() ).getTime() );<\/script><\/p><div class=\"fusion-alert alert custom alert-custom fusion-alert-center wpcf7-response-output awb-alert-native-link-color alert-dismissable awb-alert-close-boxed\" style=\"--awb-border-size:1px;--awb-border-top-left-radius:0px;--awb-border-top-right-radius:0px;--awb-border-bottom-left-radius:0px;--awb-border-bottom-right-radius:0px;\" role=\"alert\"><div class=\"fusion-alert-content-wrapper\"><span class=\"fusion-alert-content\"><\/span><\/div><button type=\"button\" class=\"close toggle-alert\" data-dismiss=\"alert\" aria-label=\"Zav\u0159\u00edt\">\u00d7<\/button><\/div>\n<input type=\"hidden\" name=\"trp-form-language\" value=\"cs\"\/><\/form>\n<\/div>","protected":false},"excerpt":{"rendered":"<p>Vazub Instrument Factory Vazub is a manufacturer with 21 years  [&#8230;]<\/p>","protected":false},"author":1,"featured_media":0,"parent":0,"menu_order":0,"comment_status":"closed","ping_status":"closed","template":"","meta":{"_joinchat":[],"footnotes":""},"class_list":["post-97","page","type-page","status-publish","hentry"],"jetpack_sharing_enabled":true,"_links":{"self":[{"href":"https:\/\/vazub.com\/cs\/wp-json\/wp\/v2\/pages\/97","targetHints":{"allow":["GET"]}}],"collection":[{"href":"https:\/\/vazub.com\/cs\/wp-json\/wp\/v2\/pages"}],"about":[{"href":"https:\/\/vazub.com\/cs\/wp-json\/wp\/v2\/types\/page"}],"author":[{"embeddable":true,"href":"https:\/\/vazub.com\/cs\/wp-json\/wp\/v2\/users\/1"}],"replies":[{"embeddable":true,"href":"https:\/\/vazub.com\/cs\/wp-json\/wp\/v2\/comments?post=97"}],"version-history":[{"count":12,"href":"https:\/\/vazub.com\/cs\/wp-json\/wp\/v2\/pages\/97\/revisions"}],"predecessor-version":[{"id":189,"href":"https:\/\/vazub.com\/cs\/wp-json\/wp\/v2\/pages\/97\/revisions\/189"}],"wp:attachment":[{"href":"https:\/\/vazub.com\/cs\/wp-json\/wp\/v2\/media?parent=97"}],"curies":[{"name":"wp","href":"https:\/\/api.w.org\/{rel}","templated":true}]}}