{"id":97,"date":"2024-06-22T11:19:16","date_gmt":"2024-06-22T11:19:16","guid":{"rendered":"https:\/\/vazub.com\/?page_id=97"},"modified":"2024-07-03T09:03:30","modified_gmt":"2024-07-03T09:03:30","slug":"uber-vazub","status":"publish","type":"page","link":"https:\/\/vazub.com\/de\/uber-vazub\/","title":{"rendered":"\u00dcber Vazub"},"content":{"rendered":"<h2 class=\"fusion-responsive-typography-calculated\" style=\"text-align: center; --fontsize: 40; line-height: 1.2;\" data-fontsize=\"40\" data-lineheight=\"48px\"><strong>Vazub Instrumentenfabrik<\/strong><\/h2>\n<p>Vazub ist ein Hersteller mit 21 Jahren Erfahrung in der Forschung und Entwicklung, Konstruktion und Produktion von Pr\u00fcfmaschinen. Das Unternehmen verf\u00fcgt \u00fcber reiche Erfahrung und arbeitet mit bekannten in- und ausl\u00e4ndischen Unternehmen zusammen. Seine Produkte werden in viele L\u00e4nder und Regionen exportiert. Die Produkte erf\u00fcllen die Normen von ISO, AATCC, ASTM, DIN, EN, GB, BS, JIS, ANSI, UL, TAPPI, IEC, VDE... Alle sind verf\u00fcgbar. Die Produkte finden breite Anwendung in: wissenschaftlichen Forschungseinrichtungen, Qualit\u00e4tskontrollinstitutionen, Hochschulen und Universit\u00e4ten sowie in elektronischen Ger\u00e4ten, Beschichtungen, Taschen, Klebstoffen, Mobiltelefonen, Textilien, Spielwaren, Gummi, Kunststoffen, Metallen, Dr\u00e4hten und Kabeln, Schuhen, Leder, Verpackungen, Baustoffen, Petrochemie, Luftfahrt... und anderen Branchen. Sie sind unverzichtbar f\u00fcr die Materialentwicklung, die Pr\u00fcfung physikalischer Eigenschaften, die Lehrforschung, das Qualit\u00e4tsmanagement und die Wareneingangspr\u00fcfung.<\/p>\n<p><img fetchpriority=\"high\" decoding=\"async\" class=\"alignnone wp-image-167 size-full\" src=\"https:\/\/vazub.com\/wp-content\/uploads\/2024\/06\/Vazub-70\u2103150\u2103-Laboratorium-Simulations-Klima-Programmierbare-Temperatur-und-Luftfeuchtigkeits-Regelung-Pr\u00fcfklima-Kammer-Hersteller-11.jpg\" alt=\"Vazub -70\u2103~+150\u2103 Labor simulierte Klima programmierbare Temperatur und Luftfeuchtigkeit Control Testing Klimakammer Hersteller\" width=\"750\" height=\"1264\" srcset=\"\" sizes=\"(max-width: 750px) 100vw, 750px\" data-srcset=\"\" \/><\/p>\n<p>Vazub wird ein professionelles F&amp;E-Netzwerk aufbauen, das Asien, Amerika und Europa abdeckt, Innovationsmechanismen und Plattformen zur Verwaltung des geistigen Eigentums einrichten und verbessern, den Grundstein f\u00fcr die Entwicklung des Unternehmens legen und ein Pionier unter den einheimischen Unternehmen werden, dessen Produkte in der ganzen Welt beliebt sind. Seit seiner Gr\u00fcndung hat das Unternehmen die Qualit\u00e4t als Kern, das exquisite Design als Zentrum und eine ernsthafte und pragmatische Arbeitsweise fest im Blick, um die Kunden besser zu bedienen und einen guten Ruf zu gewinnen. Wir werden auch in Zukunft an den Grunds\u00e4tzen \"ehrliches Management\", \"Qualit\u00e4t an erster Stelle\" und \"Service an erster Stelle\" festhalten, Produkte mit innovativen Ideen und Technologien entwickeln, ausgezeichnete Qualit\u00e4t, angemessene Preise und ein komplettes Servicenetz gew\u00e4hrleisten und neuen und alten Kunden professionelle, ideale und effiziente Dienstleistungen anbieten.<\/p>\n<p><img decoding=\"async\" class=\"alignnone wp-image-141 size-full\" src=\"https:\/\/vazub.com\/wp-content\/uploads\/2024\/06\/About-Vazub-Instrument-Factory-4.jpg\" alt=\"\u00dcber die Vazub Instrumentenfabrik\" width=\"1200\" height=\"600\" srcset=\"https:\/\/vazub.com\/wp-content\/uploads\/2024\/06\/About-Vazub-Instrument-Factory-4-18x9.jpg 18w, https:\/\/vazub.com\/wp-content\/uploads\/2024\/06\/About-Vazub-Instrument-Factory-4-200x100.jpg 200w, https:\/\/vazub.com\/wp-content\/uploads\/2024\/06\/About-Vazub-Instrument-Factory-4-300x150.jpg 300w, https:\/\/vazub.com\/wp-content\/uploads\/2024\/06\/About-Vazub-Instrument-Factory-4-400x200.jpg 400w, https:\/\/vazub.com\/wp-content\/uploads\/2024\/06\/About-Vazub-Instrument-Factory-4-500x250.jpg 500w, https:\/\/vazub.com\/wp-content\/uploads\/2024\/06\/About-Vazub-Instrument-Factory-4-600x300.jpg 600w, https:\/\/vazub.com\/wp-content\/uploads\/2024\/06\/About-Vazub-Instrument-Factory-4-700x350.jpg 700w, https:\/\/vazub.com\/wp-content\/uploads\/2024\/06\/About-Vazub-Instrument-Factory-4-768x384.jpg 768w, https:\/\/vazub.com\/wp-content\/uploads\/2024\/06\/About-Vazub-Instrument-Factory-4-800x400.jpg 800w, https:\/\/vazub.com\/wp-content\/uploads\/2024\/06\/About-Vazub-Instrument-Factory-4-1024x512.jpg 1024w, https:\/\/vazub.com\/wp-content\/uploads\/2024\/06\/About-Vazub-Instrument-Factory-4.jpg 1200w\" sizes=\"(max-width: 1200px) 100vw, 1200px\" \/><\/p>\n<p>Vazub-Unternehmenswerte: Dankbarkeit, Integrit\u00e4t, Qualit\u00e4t, Innovation und Win-Win-Situation. | Vision (Mission): Wir wollen ein einflussreicher Hersteller von Pr\u00fcfger\u00e4ten werden und unseren Kunden L\u00f6sungen und Dienstleistungen aus einer Hand bieten. | Unternehmensphilosophie Kernwerte (drei Kreationen): Wettbewerbsf\u00e4higkeit f\u00fcr Kunden schaffen und Kundenzufriedenheit erreichen; Entwicklung f\u00fcr Mitarbeiter schaffen und den Wert der Mitarbeiter widerspiegeln; Gewinne f\u00fcr das Unternehmen schaffen und den nachhaltigen Betrieb des Unternehmens sicherstellen.<\/p>\n<p><img decoding=\"async\" class=\"alignnone wp-image-140 size-full\" src=\"https:\/\/vazub.com\/wp-content\/uploads\/2024\/06\/About-Vazub-Instrument-Factory-3.jpg\" alt=\"\u00dcber die Vazub Instrumentenfabrik\" width=\"1200\" height=\"550\" srcset=\"https:\/\/vazub.com\/wp-content\/uploads\/2024\/06\/About-Vazub-Instrument-Factory-3-18x8.jpg 18w, https:\/\/vazub.com\/wp-content\/uploads\/2024\/06\/About-Vazub-Instrument-Factory-3-200x92.jpg 200w, https:\/\/vazub.com\/wp-content\/uploads\/2024\/06\/About-Vazub-Instrument-Factory-3-300x138.jpg 300w, https:\/\/vazub.com\/wp-content\/uploads\/2024\/06\/About-Vazub-Instrument-Factory-3-400x183.jpg 400w, https:\/\/vazub.com\/wp-content\/uploads\/2024\/06\/About-Vazub-Instrument-Factory-3-500x229.jpg 500w, https:\/\/vazub.com\/wp-content\/uploads\/2024\/06\/About-Vazub-Instrument-Factory-3-600x275.jpg 600w, https:\/\/vazub.com\/wp-content\/uploads\/2024\/06\/About-Vazub-Instrument-Factory-3-700x321.jpg 700w, https:\/\/vazub.com\/wp-content\/uploads\/2024\/06\/About-Vazub-Instrument-Factory-3-768x352.jpg 768w, https:\/\/vazub.com\/wp-content\/uploads\/2024\/06\/About-Vazub-Instrument-Factory-3-800x367.jpg 800w, https:\/\/vazub.com\/wp-content\/uploads\/2024\/06\/About-Vazub-Instrument-Factory-3-1024x469.jpg 1024w, https:\/\/vazub.com\/wp-content\/uploads\/2024\/06\/About-Vazub-Instrument-Factory-3.jpg 1200w\" sizes=\"(max-width: 1200px) 100vw, 1200px\" \/><\/p>\n<p><img loading=\"lazy\" decoding=\"async\" class=\"alignnone wp-image-139 size-full\" src=\"https:\/\/vazub.com\/wp-content\/uploads\/2024\/06\/About-Vazub-Instrument-Factory-2.jpg\" alt=\"\u00dcber die Vazub Instrumentenfabrik\" width=\"1200\" height=\"1215\" srcset=\"https:\/\/vazub.com\/wp-content\/uploads\/2024\/06\/About-Vazub-Instrument-Factory-2-12x12.jpg 12w, https:\/\/vazub.com\/wp-content\/uploads\/2024\/06\/About-Vazub-Instrument-Factory-2-66x66.jpg 66w, https:\/\/vazub.com\/wp-content\/uploads\/2024\/06\/About-Vazub-Instrument-Factory-2-200x203.jpg 200w, https:\/\/vazub.com\/wp-content\/uploads\/2024\/06\/About-Vazub-Instrument-Factory-2-296x300.jpg 296w, https:\/\/vazub.com\/wp-content\/uploads\/2024\/06\/About-Vazub-Instrument-Factory-2-400x405.jpg 400w, https:\/\/vazub.com\/wp-content\/uploads\/2024\/06\/About-Vazub-Instrument-Factory-2-500x506.jpg 500w, https:\/\/vazub.com\/wp-content\/uploads\/2024\/06\/About-Vazub-Instrument-Factory-2-600x608.jpg 600w, https:\/\/vazub.com\/wp-content\/uploads\/2024\/06\/About-Vazub-Instrument-Factory-2-700x709.jpg 700w, https:\/\/vazub.com\/wp-content\/uploads\/2024\/06\/About-Vazub-Instrument-Factory-2-768x778.jpg 768w, https:\/\/vazub.com\/wp-content\/uploads\/2024\/06\/About-Vazub-Instrument-Factory-2-800x810.jpg 800w, https:\/\/vazub.com\/wp-content\/uploads\/2024\/06\/About-Vazub-Instrument-Factory-2-1011x1024.jpg 1011w, https:\/\/vazub.com\/wp-content\/uploads\/2024\/06\/About-Vazub-Instrument-Factory-2.jpg 1200w\" sizes=\"(max-width: 1200px) 100vw, 1200px\" \/><\/p>\n<p><img loading=\"lazy\" decoding=\"async\" class=\"alignnone wp-image-142 size-full\" src=\"https:\/\/vazub.com\/wp-content\/uploads\/2024\/06\/About-Vazub-Instrument-Factory-5.jpg\" alt=\"\u00dcber die Vazub Instrumentenfabrik\" width=\"2048\" height=\"1024\" srcset=\"https:\/\/vazub.com\/wp-content\/uploads\/2024\/06\/About-Vazub-Instrument-Factory-5-18x9.jpg 18w, https:\/\/vazub.com\/wp-content\/uploads\/2024\/06\/About-Vazub-Instrument-Factory-5-200x100.jpg 200w, https:\/\/vazub.com\/wp-content\/uploads\/2024\/06\/About-Vazub-Instrument-Factory-5-300x150.jpg 300w, https:\/\/vazub.com\/wp-content\/uploads\/2024\/06\/About-Vazub-Instrument-Factory-5-400x200.jpg 400w, https:\/\/vazub.com\/wp-content\/uploads\/2024\/06\/About-Vazub-Instrument-Factory-5-500x250.jpg 500w, https:\/\/vazub.com\/wp-content\/uploads\/2024\/06\/About-Vazub-Instrument-Factory-5-600x300.jpg 600w, https:\/\/vazub.com\/wp-content\/uploads\/2024\/06\/About-Vazub-Instrument-Factory-5-700x350.jpg 700w, https:\/\/vazub.com\/wp-content\/uploads\/2024\/06\/About-Vazub-Instrument-Factory-5-768x384.jpg 768w, https:\/\/vazub.com\/wp-content\/uploads\/2024\/06\/About-Vazub-Instrument-Factory-5-800x400.jpg 800w, https:\/\/vazub.com\/wp-content\/uploads\/2024\/06\/About-Vazub-Instrument-Factory-5-1024x512.jpg 1024w, https:\/\/vazub.com\/wp-content\/uploads\/2024\/06\/About-Vazub-Instrument-Factory-5-1200x600.jpg 1200w, https:\/\/vazub.com\/wp-content\/uploads\/2024\/06\/About-Vazub-Instrument-Factory-5-1536x768.jpg 1536w, https:\/\/vazub.com\/wp-content\/uploads\/2024\/06\/About-Vazub-Instrument-Factory-5.jpg 2048w\" sizes=\"(max-width: 2048px) 100vw, 2048px\" \/><\/p>\n<h2 class=\"fusion-responsive-typography-calculated\" style=\"--fontsize: 40; line-height: 1.2;\" data-fontsize=\"40\" data-lineheight=\"48px\"><strong>Vazub <\/strong><strong>FAQ<\/strong><\/h2>\n<p><strong>1. Wie w\u00e4hlt man die am besten geeignete mechanische Ausr\u00fcstung aus?<\/strong><br \/>\nUnser professionelles Team wird Ihnen den besten Vorschlag unterbreiten, wenn Sie uns mitteilen, welche Art von Test Sie durchf\u00fchren m\u00f6chten und welche Spezifikationen Sie ben\u00f6tigen.<br \/>\n<strong>2. Wie lautet die Lieferfrist?<\/strong><br \/>\nDie meiste Zeit haben wir in unserer Fabrik auf Lager. Wenn es keinen Vorrat gibt, ist normalerweise die Lieferfrist 15~20 Arbeitstage nach Ablagerungseingang. Wenn Sie in dringendem Bedarf sind, k\u00f6nnen wir in Erw\u00e4gung ziehen, besondere Vorkehrungen f\u00fcr Sie zu treffen.<br \/>\n<strong>3. Akzeptieren Sie Anpassungsleistungen?<\/strong><br \/>\nJa, nat\u00fcrlich, wir k\u00f6nnen nicht nur Standardmaschinen anbieten, sondern auch kundenspezifische Maschinen.<br \/>\nnach Ihren W\u00fcnschen. Z\u00f6gern Sie nicht, uns Ihre Anforderungen mitzuteilen, wir werden unser Bestes tun, um Ihre Bed\u00fcrfnisse zu erf\u00fcllen.<br \/>\n<strong>4. K\u00f6nnen wir Ihr Werk vor der Bestellung besuchen?<\/strong><br \/>\nJa, wir hei\u00dfen Sie oder Ihr Team herzlich willkommen und laden Sie zu einem Besuch in unserem Werk ein.<br \/>\n<strong>5. Hatten Sie schon Kunden in unserem Land?<\/strong><br \/>\nJetzt sind unsere Pr\u00fcfmaschinen in mehr als 80 L\u00e4nder verkauft worden, wie Amerika, Kanada, Russland, Gro\u00dfbritannien, Italien, Deutschland, Europa, Indien, Pakistan, Philippinen, Singapur, Malaysia, Thailand, Vietnam, Korea, Saudi-Arabien, Brasilien und so weiter.<br \/>\n<strong>6. Wie sieht es mit Ihrer Maschinengarantie aus?<\/strong><br \/>\nIm Allgemeinen betr\u00e4gt unsere Garantie 2 Jahre. Innerhalb der Garantiezeit k\u00f6nnen wir technische Unterst\u00fctzung und Ersatzteilwechsel anbieten, notwendigerweise k\u00f6nnen unsere Ingenieure zu Ihrem Ort f\u00fcr besseren Service gehen.<br \/>\n<strong>7. Wie sieht es mit der Verpackung der Maschine aus, ist sie beim Transport sicher gesch\u00fctzt?<\/strong><br \/>\nUnsere Maschine ist durch Standard-Export Holzkiste verpackt, es wird nicht besch\u00e4digt werden. Wir haben viele Pr\u00fcfmaschinen im Ausland auf dem Seeweg oder per Luftfracht ohne Sch\u00e4den geliefert.<br \/>\n<strong>8. Wie l\u00e4uft die Bestellung ab?<\/strong><br \/>\nAnfrage - Angebot - Kommunikation - Auftragsbest\u00e4tigung - Anzahlung - Produktion - Pr\u00fcfung und Fehlersuche - Restzahlung - Verpackung - Lieferung - Kundenempfang - Kundendienst.<br \/>\n<strong>9. Wie wird das Produkt installiert und verwendet?<\/strong><br \/>\nDas Produkt wird mit einer Bedienungsanleitung und einem Video der englischen Version geliefert.<\/p>\n<p><span style=\"background-color: rgba(255, 255, 255, 0); color: var(--body_typography-color); font-family: var(--body_typography-font-family); font-size: var(--body_typography-font-size); font-style: var(--body_typography-font-style,normal); font-weight: var(--body_typography-font-weight); letter-spacing: var(--body_typography-letter-spacing);\">WhatsApp\/Wechat: +86 13075286997<\/span><\/p>\n<p>E-Mail: sales@vazub.com<\/p>\n\n<div class=\"wpcf7 no-js\" id=\"wpcf7-f106-o1\" lang=\"en-US\" dir=\"ltr\" data-wpcf7-id=\"106\">\n<div class=\"screen-reader-response\"><p role=\"status\" aria-live=\"polite\" aria-atomic=\"true\"><\/p> <ul><\/ul><\/div>\n<form action=\"\/de\/wp-json\/wp\/v2\/pages\/97#wpcf7-f106-o1\" method=\"post\" class=\"wpcf7-form init\" aria-label=\"Kontakt-Formular\" novalidate=\"novalidate\" data-status=\"init\" data-trp-original-action=\"\/de\/wp-json\/wp\/v2\/pages\/97#wpcf7-f106-o1\">\n<fieldset class=\"hidden-fields-container\"><input type=\"hidden\" name=\"_wpcf7\" value=\"106\" \/><input type=\"hidden\" name=\"_wpcf7_version\" value=\"6.1.2\" \/><input type=\"hidden\" name=\"_wpcf7_locale\" value=\"en_US\" \/><input type=\"hidden\" name=\"_wpcf7_unit_tag\" value=\"wpcf7-f106-o1\" \/><input type=\"hidden\" name=\"_wpcf7_container_post\" value=\"0\" \/><input type=\"hidden\" name=\"_wpcf7_posted_data_hash\" value=\"\" \/>\n<\/fieldset>\n<p><label> Name<br \/>\n<span class=\"wpcf7-form-control-wrap\" data-name=\"your-name\"><input size=\"40\" maxlength=\"400\" class=\"wpcf7-form-control wpcf7-text wpcf7-validates-as-required\" aria-required=\"true\" aria-invalid=\"false\" value=\"\" type=\"text\" name=\"your-name\" \/><\/span> <\/label>\n<\/p>\n<p><label> E-Mail<br \/>\n<span class=\"wpcf7-form-control-wrap\" data-name=\"your-email\"><input size=\"40\" maxlength=\"400\" class=\"wpcf7-form-control wpcf7-email wpcf7-validates-as-required wpcf7-text wpcf7-validates-as-email\" aria-required=\"true\" aria-invalid=\"false\" value=\"\" type=\"email\" name=\"your-email\" \/><\/span> <\/label>\n<\/p>\n<p><label> Telefon<br \/>\n<span class=\"wpcf7-form-control-wrap\" data-name=\"your-phone\"><input size=\"40\" maxlength=\"400\" class=\"wpcf7-form-control wpcf7-text wpcf7-validates-as-required\" aria-required=\"true\" aria-invalid=\"false\" value=\"\" type=\"text\" name=\"your-phone\" \/><\/span> <\/label>\n<\/p>\n<p><label> Nachricht<br \/>\n<span class=\"wpcf7-form-control-wrap\" data-name=\"your-message\"><textarea cols=\"40\" rows=\"10\" maxlength=\"2000\" class=\"wpcf7-form-control wpcf7-textarea\" aria-invalid=\"false\" name=\"your-message\"><\/textarea><\/span> <\/label>\n<\/p>\n<p><input class=\"wpcf7-form-control wpcf7-submit has-spinner\" type=\"submit\" value=\"Schicken Sie Ihre Anfrage\" \/>\n<\/p><p style=\"display: none !important;\" class=\"akismet-fields-container\" data-prefix=\"_wpcf7_ak_\"><label>&#916;<textarea name=\"_wpcf7_ak_hp_textarea\" cols=\"45\" rows=\"8\" maxlength=\"100\"><\/textarea><\/label><input type=\"hidden\" id=\"ak_js_1\" name=\"_wpcf7_ak_js\" value=\"142\"\/><script>document.getElementById( \"ak_js_1\" ).setAttribute( \"value\", ( new Date() ).getTime() );<\/script><\/p><div class=\"fusion-alert alert custom alert-custom fusion-alert-center wpcf7-response-output awb-alert-native-link-color alert-dismissable awb-alert-close-boxed\" style=\"--awb-border-size:1px;--awb-border-top-left-radius:0px;--awb-border-top-right-radius:0px;--awb-border-bottom-left-radius:0px;--awb-border-bottom-right-radius:0px;\" role=\"alert\"><div class=\"fusion-alert-content-wrapper\"><span class=\"fusion-alert-content\"><\/span><\/div><button type=\"button\" class=\"close toggle-alert\" data-dismiss=\"alert\" aria-label=\"Schlie\u00dfen Sie\">\u00d7<\/button><\/div>\n<input type=\"hidden\" name=\"trp-form-language\" value=\"de\"\/><\/form>\n<\/div>","protected":false},"excerpt":{"rendered":"<p>Vazub Instrument Factory Vazub is a manufacturer with 21 years  [&#8230;]<\/p>","protected":false},"author":1,"featured_media":0,"parent":0,"menu_order":0,"comment_status":"closed","ping_status":"closed","template":"","meta":{"_joinchat":[],"footnotes":""},"class_list":["post-97","page","type-page","status-publish","hentry"],"jetpack_sharing_enabled":true,"_links":{"self":[{"href":"https:\/\/vazub.com\/de\/wp-json\/wp\/v2\/pages\/97","targetHints":{"allow":["GET"]}}],"collection":[{"href":"https:\/\/vazub.com\/de\/wp-json\/wp\/v2\/pages"}],"about":[{"href":"https:\/\/vazub.com\/de\/wp-json\/wp\/v2\/types\/page"}],"author":[{"embeddable":true,"href":"https:\/\/vazub.com\/de\/wp-json\/wp\/v2\/users\/1"}],"replies":[{"embeddable":true,"href":"https:\/\/vazub.com\/de\/wp-json\/wp\/v2\/comments?post=97"}],"version-history":[{"count":12,"href":"https:\/\/vazub.com\/de\/wp-json\/wp\/v2\/pages\/97\/revisions"}],"predecessor-version":[{"id":189,"href":"https:\/\/vazub.com\/de\/wp-json\/wp\/v2\/pages\/97\/revisions\/189"}],"wp:attachment":[{"href":"https:\/\/vazub.com\/de\/wp-json\/wp\/v2\/media?parent=97"}],"curies":[{"name":"wp","href":"https:\/\/api.w.org\/{rel}","templated":true}]}}