{"id":7,"date":"2024-06-20T10:44:28","date_gmt":"2024-06-20T10:44:28","guid":{"rendered":"https:\/\/vazub.com\/cart\/"},"modified":"2024-06-20T10:44:28","modified_gmt":"2024-06-20T10:44:28","slug":"carro","status":"publish","type":"page","link":"https:\/\/vazub.com\/es\/carro\/","title":{"rendered":"Carrito"},"content":{"rendered":"<div data-block-name=\"woocommerce\/cart\" class=\"wp-block-woocommerce-cart alignwide is-loading\">\n<div data-block-name=\"woocommerce\/filled-cart-block\" class=\"wp-block-woocommerce-filled-cart-block\">\n<div data-block-name=\"woocommerce\/cart-items-block\" class=\"wp-block-woocommerce-cart-items-block\">\n<div data-block-name=\"woocommerce\/cart-line-items-block\" class=\"wp-block-woocommerce-cart-line-items-block\"><\/div>\n\n\n\n<div data-block-name=\"woocommerce\/cart-cross-sells-block\" class=\"wp-block-woocommerce-cart-cross-sells-block\">\n<h2 class=\"wp-block-heading has-large-font-size\">Quiz\u00e1 le interese...<\/h2>\n\n\n\n<div data-block-name=\"woocommerce\/cart-cross-sells-products-block\" class=\"wp-block-woocommerce-cart-cross-sells-products-block\"><\/div>\n<\/div>\n<\/div>\n\n\n\n<div data-block-name=\"woocommerce\/cart-totals-block\" class=\"wp-block-woocommerce-cart-totals-block\">\n<div data-block-name=\"woocommerce\/cart-order-summary-block\" class=\"wp-block-woocommerce-cart-order-summary-block\">\n<div data-block-name=\"woocommerce\/cart-order-summary-heading-block\" class=\"wp-block-woocommerce-cart-order-summary-heading-block\"><\/div><div data-block-name=\"woocommerce\/cart-order-summary-coupon-form-block\" class=\"wp-block-woocommerce-cart-order-summary-coupon-form-block\"><\/div><div data-block-name=\"woocommerce\/cart-order-summary-totals-block\" class=\"wp-block-woocommerce-cart-order-summary-totals-block\">\n<div data-block-name=\"woocommerce\/cart-order-summary-subtotal-block\" class=\"wp-block-woocommerce-cart-order-summary-subtotal-block\"><\/div>\n<div data-block-name=\"woocommerce\/cart-order-summary-discount-block\" class=\"wp-block-woocommerce-cart-order-summary-discount-block\"><\/div>\n<div data-block-name=\"woocommerce\/cart-order-summary-fee-block\" class=\"wp-block-woocommerce-cart-order-summary-fee-block\"><\/div>\n<div data-block-name=\"woocommerce\/cart-order-summary-shipping-block\" class=\"wp-block-woocommerce-cart-order-summary-shipping-block\"><\/div>\n<div data-block-name=\"woocommerce\/cart-order-summary-taxes-block\" class=\"wp-block-woocommerce-cart-order-summary-taxes-block\"><\/div><\/div>\n<\/div>\n\n\n\n<div data-block-name=\"woocommerce\/cart-express-payment-block\" class=\"wp-block-woocommerce-cart-express-payment-block\"><\/div>\n\n\n\n<div data-block-name=\"woocommerce\/proceed-to-checkout-block\" class=\"wp-block-woocommerce-proceed-to-checkout-block\"><\/div>\n\n\n\n<div data-block-name=\"woocommerce\/cart-accepted-payment-methods-block\" class=\"wp-block-woocommerce-cart-accepted-payment-methods-block\"><\/div>\n<\/div>\n<\/div>\n\n\n\n<div data-block-name=\"woocommerce\/empty-cart-block\" class=\"wp-block-woocommerce-empty-cart-block\">\n<h2 class=\"wp-block-heading has-text-align-center with-empty-cart-icon wc-block-cart__empty-cart__title\">Your cart is currently empty!<\/h2>\n\n\n\n<hr class=\"wp-block-separator has-alpha-channel-opacity is-style-dots\"\/>\n\n\n\n<h2 class=\"wp-block-heading has-text-align-center\">New in store<\/h2>\n\n\n<div data-block-name=\"woocommerce\/product-new\" data-columns=\"4\" data-rows=\"1\" class=\"wc-block-grid wp-block-product-new wp-block-woocommerce-product-new wc-block-product-new has-4-columns\"><ul class=\"wc-block-grid__products\"><li class=\"wc-block-grid__product\">\n\t\t\t\t<a href=\"https:\/\/vazub.com\/es\/producto\/utm-alta-y-baja-temperatura-vazub-universal-testing-machine-alta-temperatura-resistencia-a-la-traccion-precio-de-la-camara-de-pruebas\/\" class=\"wc-block-grid__product-link\">\n\t\t\t\t\t\n\t\t\t\t\t<div class=\"wc-block-grid__product-image\"><img fetchpriority=\"high\" decoding=\"async\" width=\"500\" height=\"500\" src=\"https:\/\/vazub.com\/wp-content\/uploads\/2024\/07\/UTM-High-And-Low-Temperature-Vazub-Universal-Testing-Machine-High-Temperature-Tensile-Strength-Testing-Chamber-Price-1-500x500.jpg\" class=\"attachment-woocommerce_thumbnail size-woocommerce_thumbnail\" alt=\"UTM Alta Y Baja Temperatura Vazub M\u00e1quina De Prueba Universal C\u00e1mara De Prueba De Resistencia A La Tracci\u00f3n De Alta Temperatura Precio\" srcset=\"https:\/\/vazub.com\/wp-content\/uploads\/2024\/07\/UTM-High-And-Low-Temperature-Vazub-Universal-Testing-Machine-High-Temperature-Tensile-Strength-Testing-Chamber-Price-1-12x12.jpg 12w, https:\/\/vazub.com\/wp-content\/uploads\/2024\/07\/UTM-High-And-Low-Temperature-Vazub-Universal-Testing-Machine-High-Temperature-Tensile-Strength-Testing-Chamber-Price-1-66x66.jpg 66w, https:\/\/vazub.com\/wp-content\/uploads\/2024\/07\/UTM-High-And-Low-Temperature-Vazub-Universal-Testing-Machine-High-Temperature-Tensile-Strength-Testing-Chamber-Price-1-150x150.jpg 150w, https:\/\/vazub.com\/wp-content\/uploads\/2024\/07\/UTM-High-And-Low-Temperature-Vazub-Universal-Testing-Machine-High-Temperature-Tensile-Strength-Testing-Chamber-Price-1-200x200.jpg 200w, https:\/\/vazub.com\/wp-content\/uploads\/2024\/07\/UTM-High-And-Low-Temperature-Vazub-Universal-Testing-Machine-High-Temperature-Tensile-Strength-Testing-Chamber-Price-1-300x300.jpg 300w, https:\/\/vazub.com\/wp-content\/uploads\/2024\/07\/UTM-High-And-Low-Temperature-Vazub-Universal-Testing-Machine-High-Temperature-Tensile-Strength-Testing-Chamber-Price-1-400x400.jpg 400w, https:\/\/vazub.com\/wp-content\/uploads\/2024\/07\/UTM-High-And-Low-Temperature-Vazub-Universal-Testing-Machine-High-Temperature-Tensile-Strength-Testing-Chamber-Price-1-500x500.jpg 500w, https:\/\/vazub.com\/wp-content\/uploads\/2024\/07\/UTM-High-And-Low-Temperature-Vazub-Universal-Testing-Machine-High-Temperature-Tensile-Strength-Testing-Chamber-Price-1-600x600.jpg 600w, https:\/\/vazub.com\/wp-content\/uploads\/2024\/07\/UTM-High-And-Low-Temperature-Vazub-Universal-Testing-Machine-High-Temperature-Tensile-Strength-Testing-Chamber-Price-1-700x700.jpg 700w, https:\/\/vazub.com\/wp-content\/uploads\/2024\/07\/UTM-High-And-Low-Temperature-Vazub-Universal-Testing-Machine-High-Temperature-Tensile-Strength-Testing-Chamber-Price-1-768x768.jpg 768w, https:\/\/vazub.com\/wp-content\/uploads\/2024\/07\/UTM-High-And-Low-Temperature-Vazub-Universal-Testing-Machine-High-Temperature-Tensile-Strength-Testing-Chamber-Price-1-800x800.jpg 800w, https:\/\/vazub.com\/wp-content\/uploads\/2024\/07\/UTM-High-And-Low-Temperature-Vazub-Universal-Testing-Machine-High-Temperature-Tensile-Strength-Testing-Chamber-Price-1-1024x1024.jpg 1024w, https:\/\/vazub.com\/wp-content\/uploads\/2024\/07\/UTM-High-And-Low-Temperature-Vazub-Universal-Testing-Machine-High-Temperature-Tensile-Strength-Testing-Chamber-Price-1-1200x1200.jpg 1200w, https:\/\/vazub.com\/wp-content\/uploads\/2024\/07\/UTM-High-And-Low-Temperature-Vazub-Universal-Testing-Machine-High-Temperature-Tensile-Strength-Testing-Chamber-Price-1.jpg 1500w\" sizes=\"(max-width: 500px) 100vw, 500px\" \/><\/div>\n\t\t\t\t\t<div class=\"wc-block-grid__product-title\">UTM Alta Y Baja Temperatura Vazub M\u00e1quina De Prueba Universal C\u00e1mara De Prueba De Resistencia A La Tracci\u00f3n De Alta Temperatura Precio<\/div>\n\t\t\t\t<\/a>\n\t\t\t\t<div class=\"wc-block-grid__product-price price\"><\/div>\n\t\t\t\t\n\t\t\t\t<div class=\"wp-block-button wc-block-grid__product-add-to-cart\"><a href=\"https:\/\/vazub.com\/es\/producto\/utm-alta-y-baja-temperatura-vazub-universal-testing-machine-alta-temperatura-resistencia-a-la-traccion-precio-de-la-camara-de-pruebas\/\" aria-label=\"Lee m\u00e1s sobre \u201cUTM High And Low Temperature Vazub Universal Testing Machine High Temperature Tensile Strength Testing Chamber Price\u201d\" data-quantity=\"1\" data-product_id=\"253\" data-product_sku=\"\" data-price=\"0\" rel=\"nofollow\" class=\"wp-block-button__link  add_to_cart_button\" data-no-translation=\"\" data-trp-gettext=\"\" data-no-translation-aria-label=\"\">Leer m\u00e1s<\/a><\/div>\n\t\t\t<\/li><li class=\"wc-block-grid__product\">\n\t\t\t\t<a href=\"https:\/\/vazub.com\/es\/producto\/ce-aprobado-astm-d-4498-cinta-adhesiva-vendaje-medico-peliculas-pegatinas-cizallamiento-adhesivo-fracaso-alta-temperatura-maquina-probador-saft-horno\/\" class=\"wc-block-grid__product-link\">\n\t\t\t\t\t\n\t\t\t\t\t<div class=\"wc-block-grid__product-image\"><img decoding=\"async\" width=\"500\" height=\"500\" src=\"https:\/\/vazub.com\/wp-content\/uploads\/2024\/07\/CE-Approved-ASTM-D-4498-Adhesive-Tape-Medical-Bandage-Films-Stickers-Shear-Adhesive-Failure-High-Temperature-Tester-Machine-Saft-Oven-1-500x500.jpg\" class=\"attachment-woocommerce_thumbnail size-woocommerce_thumbnail\" alt=\"CE Aprobado ASTM D 4498 cinta adhesiva vendaje m\u00e9dico pel\u00edculas pegatinas Shear fallo adhesivo de alta temperatura de la m\u00e1quina probador Saft Horno\" srcset=\"https:\/\/vazub.com\/wp-content\/uploads\/2024\/07\/CE-Approved-ASTM-D-4498-Adhesive-Tape-Medical-Bandage-Films-Stickers-Shear-Adhesive-Failure-High-Temperature-Tester-Machine-Saft-Oven-1-12x12.jpg 12w, https:\/\/vazub.com\/wp-content\/uploads\/2024\/07\/CE-Approved-ASTM-D-4498-Adhesive-Tape-Medical-Bandage-Films-Stickers-Shear-Adhesive-Failure-High-Temperature-Tester-Machine-Saft-Oven-1-66x66.jpg 66w, https:\/\/vazub.com\/wp-content\/uploads\/2024\/07\/CE-Approved-ASTM-D-4498-Adhesive-Tape-Medical-Bandage-Films-Stickers-Shear-Adhesive-Failure-High-Temperature-Tester-Machine-Saft-Oven-1-150x150.jpg 150w, https:\/\/vazub.com\/wp-content\/uploads\/2024\/07\/CE-Approved-ASTM-D-4498-Adhesive-Tape-Medical-Bandage-Films-Stickers-Shear-Adhesive-Failure-High-Temperature-Tester-Machine-Saft-Oven-1-200x200.jpg 200w, https:\/\/vazub.com\/wp-content\/uploads\/2024\/07\/CE-Approved-ASTM-D-4498-Adhesive-Tape-Medical-Bandage-Films-Stickers-Shear-Adhesive-Failure-High-Temperature-Tester-Machine-Saft-Oven-1-300x300.jpg 300w, https:\/\/vazub.com\/wp-content\/uploads\/2024\/07\/CE-Approved-ASTM-D-4498-Adhesive-Tape-Medical-Bandage-Films-Stickers-Shear-Adhesive-Failure-High-Temperature-Tester-Machine-Saft-Oven-1-400x400.jpg 400w, https:\/\/vazub.com\/wp-content\/uploads\/2024\/07\/CE-Approved-ASTM-D-4498-Adhesive-Tape-Medical-Bandage-Films-Stickers-Shear-Adhesive-Failure-High-Temperature-Tester-Machine-Saft-Oven-1-500x500.jpg 500w, https:\/\/vazub.com\/wp-content\/uploads\/2024\/07\/CE-Approved-ASTM-D-4498-Adhesive-Tape-Medical-Bandage-Films-Stickers-Shear-Adhesive-Failure-High-Temperature-Tester-Machine-Saft-Oven-1-600x600.jpg 600w, https:\/\/vazub.com\/wp-content\/uploads\/2024\/07\/CE-Approved-ASTM-D-4498-Adhesive-Tape-Medical-Bandage-Films-Stickers-Shear-Adhesive-Failure-High-Temperature-Tester-Machine-Saft-Oven-1-700x700.jpg 700w, https:\/\/vazub.com\/wp-content\/uploads\/2024\/07\/CE-Approved-ASTM-D-4498-Adhesive-Tape-Medical-Bandage-Films-Stickers-Shear-Adhesive-Failure-High-Temperature-Tester-Machine-Saft-Oven-1-768x768.jpg 768w, https:\/\/vazub.com\/wp-content\/uploads\/2024\/07\/CE-Approved-ASTM-D-4498-Adhesive-Tape-Medical-Bandage-Films-Stickers-Shear-Adhesive-Failure-High-Temperature-Tester-Machine-Saft-Oven-1-800x800.jpg 800w, https:\/\/vazub.com\/wp-content\/uploads\/2024\/07\/CE-Approved-ASTM-D-4498-Adhesive-Tape-Medical-Bandage-Films-Stickers-Shear-Adhesive-Failure-High-Temperature-Tester-Machine-Saft-Oven-1-1024x1024.jpg 1024w, https:\/\/vazub.com\/wp-content\/uploads\/2024\/07\/CE-Approved-ASTM-D-4498-Adhesive-Tape-Medical-Bandage-Films-Stickers-Shear-Adhesive-Failure-High-Temperature-Tester-Machine-Saft-Oven-1-1200x1200.jpg 1200w, https:\/\/vazub.com\/wp-content\/uploads\/2024\/07\/CE-Approved-ASTM-D-4498-Adhesive-Tape-Medical-Bandage-Films-Stickers-Shear-Adhesive-Failure-High-Temperature-Tester-Machine-Saft-Oven-1.jpg 1500w\" sizes=\"(max-width: 500px) 100vw, 500px\" \/><\/div>\n\t\t\t\t\t<div class=\"wc-block-grid__product-title\">CE Aprobado ASTM D 4498 cinta adhesiva vendaje m\u00e9dico pel\u00edculas pegatinas Shear fallo adhesivo de alta temperatura de la m\u00e1quina probador Saft Horno<\/div>\n\t\t\t\t<\/a>\n\t\t\t\t<div class=\"wc-block-grid__product-price price\"><\/div>\n\t\t\t\t\n\t\t\t\t<div class=\"wp-block-button wc-block-grid__product-add-to-cart\"><a href=\"https:\/\/vazub.com\/es\/producto\/ce-aprobado-astm-d-4498-cinta-adhesiva-vendaje-medico-peliculas-pegatinas-cizallamiento-adhesivo-fracaso-alta-temperatura-maquina-probador-saft-horno\/\" aria-label=\"Lee m\u00e1s sobre \u201cCE Approved ASTM D 4498 Adhesive Tape Medical Bandage Films Stickers Shear Adhesive Failure High Temperature Tester Machine Saft Oven\u201d\" data-quantity=\"1\" data-product_id=\"243\" data-product_sku=\"\" data-price=\"0\" rel=\"nofollow\" class=\"wp-block-button__link  add_to_cart_button\" data-no-translation=\"\" data-trp-gettext=\"\" data-no-translation-aria-label=\"\">Leer m\u00e1s<\/a><\/div>\n\t\t\t<\/li><li class=\"wc-block-grid__product\">\n\t\t\t\t<a href=\"https:\/\/vazub.com\/es\/producto\/maquinas-de-medicion-optica-de-alta-precision-vazub-maquina-de-medicion-de-coordenadas-para-la-medicion-de-dimensiones-de-precision\/\" class=\"wc-block-grid__product-link\">\n\t\t\t\t\t\n\t\t\t\t\t<div class=\"wc-block-grid__product-image\"><img decoding=\"async\" width=\"500\" height=\"500\" src=\"https:\/\/vazub.com\/wp-content\/uploads\/2024\/07\/High-Accuracy-Vazub-Optical-Measurement-Machines-Coordinate-Measuring-Machine-For-Accuracy-Dimensions-Measurement-1-500x500.jpg\" class=\"attachment-woocommerce_thumbnail size-woocommerce_thumbnail\" alt=\"M\u00e1quinas de medici\u00f3n \u00f3ptica de alta precisi\u00f3n Vazub M\u00e1quina de medici\u00f3n por coordenadas para la medici\u00f3n de dimensiones de precisi\u00f3n\" srcset=\"https:\/\/vazub.com\/wp-content\/uploads\/2024\/07\/High-Accuracy-Vazub-Optical-Measurement-Machines-Coordinate-Measuring-Machine-For-Accuracy-Dimensions-Measurement-1-12x12.jpg 12w, https:\/\/vazub.com\/wp-content\/uploads\/2024\/07\/High-Accuracy-Vazub-Optical-Measurement-Machines-Coordinate-Measuring-Machine-For-Accuracy-Dimensions-Measurement-1-66x66.jpg 66w, https:\/\/vazub.com\/wp-content\/uploads\/2024\/07\/High-Accuracy-Vazub-Optical-Measurement-Machines-Coordinate-Measuring-Machine-For-Accuracy-Dimensions-Measurement-1-150x150.jpg 150w, https:\/\/vazub.com\/wp-content\/uploads\/2024\/07\/High-Accuracy-Vazub-Optical-Measurement-Machines-Coordinate-Measuring-Machine-For-Accuracy-Dimensions-Measurement-1-200x200.jpg 200w, https:\/\/vazub.com\/wp-content\/uploads\/2024\/07\/High-Accuracy-Vazub-Optical-Measurement-Machines-Coordinate-Measuring-Machine-For-Accuracy-Dimensions-Measurement-1-300x300.jpg 300w, https:\/\/vazub.com\/wp-content\/uploads\/2024\/07\/High-Accuracy-Vazub-Optical-Measurement-Machines-Coordinate-Measuring-Machine-For-Accuracy-Dimensions-Measurement-1-400x400.jpg 400w, https:\/\/vazub.com\/wp-content\/uploads\/2024\/07\/High-Accuracy-Vazub-Optical-Measurement-Machines-Coordinate-Measuring-Machine-For-Accuracy-Dimensions-Measurement-1-500x500.jpg 500w, https:\/\/vazub.com\/wp-content\/uploads\/2024\/07\/High-Accuracy-Vazub-Optical-Measurement-Machines-Coordinate-Measuring-Machine-For-Accuracy-Dimensions-Measurement-1-600x600.jpg 600w, https:\/\/vazub.com\/wp-content\/uploads\/2024\/07\/High-Accuracy-Vazub-Optical-Measurement-Machines-Coordinate-Measuring-Machine-For-Accuracy-Dimensions-Measurement-1-700x700.jpg 700w, https:\/\/vazub.com\/wp-content\/uploads\/2024\/07\/High-Accuracy-Vazub-Optical-Measurement-Machines-Coordinate-Measuring-Machine-For-Accuracy-Dimensions-Measurement-1-768x768.jpg 768w, https:\/\/vazub.com\/wp-content\/uploads\/2024\/07\/High-Accuracy-Vazub-Optical-Measurement-Machines-Coordinate-Measuring-Machine-For-Accuracy-Dimensions-Measurement-1-800x800.jpg 800w, https:\/\/vazub.com\/wp-content\/uploads\/2024\/07\/High-Accuracy-Vazub-Optical-Measurement-Machines-Coordinate-Measuring-Machine-For-Accuracy-Dimensions-Measurement-1-1024x1024.jpg 1024w, https:\/\/vazub.com\/wp-content\/uploads\/2024\/07\/High-Accuracy-Vazub-Optical-Measurement-Machines-Coordinate-Measuring-Machine-For-Accuracy-Dimensions-Measurement-1-1200x1200.jpg 1200w, https:\/\/vazub.com\/wp-content\/uploads\/2024\/07\/High-Accuracy-Vazub-Optical-Measurement-Machines-Coordinate-Measuring-Machine-For-Accuracy-Dimensions-Measurement-1.jpg 1500w\" sizes=\"(max-width: 500px) 100vw, 500px\" \/><\/div>\n\t\t\t\t\t<div class=\"wc-block-grid__product-title\">M\u00e1quinas de medici\u00f3n \u00f3ptica de alta precisi\u00f3n Vazub M\u00e1quina de medici\u00f3n por coordenadas para la medici\u00f3n de dimensiones de precisi\u00f3n<\/div>\n\t\t\t\t<\/a>\n\t\t\t\t<div class=\"wc-block-grid__product-price price\"><\/div>\n\t\t\t\t\n\t\t\t\t<div class=\"wp-block-button wc-block-grid__product-add-to-cart\"><a href=\"https:\/\/vazub.com\/es\/producto\/maquinas-de-medicion-optica-de-alta-precision-vazub-maquina-de-medicion-de-coordenadas-para-la-medicion-de-dimensiones-de-precision\/\" aria-label=\"Lee m\u00e1s sobre \u201cHigh Accuracy Vazub Optical Measurement Machines Coordinate Measuring Machine For Accuracy Dimensions Measurement\u201d\" data-quantity=\"1\" data-product_id=\"233\" data-product_sku=\"\" data-price=\"0\" rel=\"nofollow\" class=\"wp-block-button__link  add_to_cart_button\" data-no-translation=\"\" data-trp-gettext=\"\" data-no-translation-aria-label=\"\">Leer m\u00e1s<\/a><\/div>\n\t\t\t<\/li><li class=\"wc-block-grid__product\">\n\t\t\t\t<a href=\"https:\/\/vazub.com\/es\/producto\/metrologia-optica-alta-resolucion-video-maquina-de-medicion-optica-vision-omm-con-palpador-2d-3d-precision-medicion-de-piezas\/\" class=\"wc-block-grid__product-link\">\n\t\t\t\t\t\n\t\t\t\t\t<div class=\"wc-block-grid__product-image\"><img loading=\"lazy\" decoding=\"async\" width=\"500\" height=\"500\" src=\"https:\/\/vazub.com\/wp-content\/uploads\/2024\/07\/High-Resolution-Optical-Metrology-Video-Optical-Measuring-Machine-Vision-OMM-With-Touch-Probe-2D-3D-Precision-Parts-Measurement-2-500x500.jpg\" class=\"attachment-woocommerce_thumbnail size-woocommerce_thumbnail\" alt=\"Metrolog\u00eda \u00d3ptica de Alta Resoluci\u00f3n V\u00eddeo M\u00e1quina de Medici\u00f3n \u00d3ptica Visi\u00f3n OMM Con Palpador 2D 3D Medici\u00f3n de Piezas de Precisi\u00f3n\" srcset=\"https:\/\/vazub.com\/wp-content\/uploads\/2024\/07\/High-Resolution-Optical-Metrology-Video-Optical-Measuring-Machine-Vision-OMM-With-Touch-Probe-2D-3D-Precision-Parts-Measurement-2-12x12.jpg 12w, https:\/\/vazub.com\/wp-content\/uploads\/2024\/07\/High-Resolution-Optical-Metrology-Video-Optical-Measuring-Machine-Vision-OMM-With-Touch-Probe-2D-3D-Precision-Parts-Measurement-2-66x66.jpg 66w, https:\/\/vazub.com\/wp-content\/uploads\/2024\/07\/High-Resolution-Optical-Metrology-Video-Optical-Measuring-Machine-Vision-OMM-With-Touch-Probe-2D-3D-Precision-Parts-Measurement-2-150x150.jpg 150w, https:\/\/vazub.com\/wp-content\/uploads\/2024\/07\/High-Resolution-Optical-Metrology-Video-Optical-Measuring-Machine-Vision-OMM-With-Touch-Probe-2D-3D-Precision-Parts-Measurement-2-200x200.jpg 200w, https:\/\/vazub.com\/wp-content\/uploads\/2024\/07\/High-Resolution-Optical-Metrology-Video-Optical-Measuring-Machine-Vision-OMM-With-Touch-Probe-2D-3D-Precision-Parts-Measurement-2-300x300.jpg 300w, https:\/\/vazub.com\/wp-content\/uploads\/2024\/07\/High-Resolution-Optical-Metrology-Video-Optical-Measuring-Machine-Vision-OMM-With-Touch-Probe-2D-3D-Precision-Parts-Measurement-2-400x400.jpg 400w, https:\/\/vazub.com\/wp-content\/uploads\/2024\/07\/High-Resolution-Optical-Metrology-Video-Optical-Measuring-Machine-Vision-OMM-With-Touch-Probe-2D-3D-Precision-Parts-Measurement-2-500x500.jpg 500w, https:\/\/vazub.com\/wp-content\/uploads\/2024\/07\/High-Resolution-Optical-Metrology-Video-Optical-Measuring-Machine-Vision-OMM-With-Touch-Probe-2D-3D-Precision-Parts-Measurement-2-600x600.jpg 600w, https:\/\/vazub.com\/wp-content\/uploads\/2024\/07\/High-Resolution-Optical-Metrology-Video-Optical-Measuring-Machine-Vision-OMM-With-Touch-Probe-2D-3D-Precision-Parts-Measurement-2-700x700.jpg 700w, https:\/\/vazub.com\/wp-content\/uploads\/2024\/07\/High-Resolution-Optical-Metrology-Video-Optical-Measuring-Machine-Vision-OMM-With-Touch-Probe-2D-3D-Precision-Parts-Measurement-2-768x768.jpg 768w, https:\/\/vazub.com\/wp-content\/uploads\/2024\/07\/High-Resolution-Optical-Metrology-Video-Optical-Measuring-Machine-Vision-OMM-With-Touch-Probe-2D-3D-Precision-Parts-Measurement-2-800x800.jpg 800w, https:\/\/vazub.com\/wp-content\/uploads\/2024\/07\/High-Resolution-Optical-Metrology-Video-Optical-Measuring-Machine-Vision-OMM-With-Touch-Probe-2D-3D-Precision-Parts-Measurement-2-1024x1024.jpg 1024w, https:\/\/vazub.com\/wp-content\/uploads\/2024\/07\/High-Resolution-Optical-Metrology-Video-Optical-Measuring-Machine-Vision-OMM-With-Touch-Probe-2D-3D-Precision-Parts-Measurement-2-1200x1200.jpg 1200w, https:\/\/vazub.com\/wp-content\/uploads\/2024\/07\/High-Resolution-Optical-Metrology-Video-Optical-Measuring-Machine-Vision-OMM-With-Touch-Probe-2D-3D-Precision-Parts-Measurement-2.jpg 1500w\" sizes=\"(max-width: 500px) 100vw, 500px\" \/><\/div>\n\t\t\t\t\t<div class=\"wc-block-grid__product-title\">Metrolog\u00eda \u00d3ptica de Alta Resoluci\u00f3n V\u00eddeo M\u00e1quina de Medici\u00f3n \u00d3ptica Visi\u00f3n OMM Con Palpador 2D 3D Medici\u00f3n de Piezas de Precisi\u00f3n<\/div>\n\t\t\t\t<\/a>\n\t\t\t\t<div class=\"wc-block-grid__product-price price\"><\/div>\n\t\t\t\t\n\t\t\t\t<div class=\"wp-block-button wc-block-grid__product-add-to-cart\"><a href=\"https:\/\/vazub.com\/es\/producto\/metrologia-optica-alta-resolucion-video-maquina-de-medicion-optica-vision-omm-con-palpador-2d-3d-precision-medicion-de-piezas\/\" aria-label=\"Lee m\u00e1s sobre \u201cHigh Resolution Optical Metrology Video Optical Measuring Machine Vision OMM With Touch Probe 2D 3D Precision Parts Measurement\u201d\" data-quantity=\"1\" data-product_id=\"226\" data-product_sku=\"\" data-price=\"0\" rel=\"nofollow\" class=\"wp-block-button__link  add_to_cart_button\" data-no-translation=\"\" data-trp-gettext=\"\" data-no-translation-aria-label=\"\">Leer m\u00e1s<\/a><\/div>\n\t\t\t<\/li><\/ul><\/div><\/div>\n<\/div>","protected":false},"excerpt":{"rendered":"","protected":false},"author":1,"featured_media":0,"parent":0,"menu_order":0,"comment_status":"closed","ping_status":"closed","template":"","meta":{"_joinchat":[],"footnotes":""},"class_list":["post-7","page","type-page","status-publish","hentry"],"jetpack_sharing_enabled":true,"_links":{"self":[{"href":"https:\/\/vazub.com\/es\/wp-json\/wp\/v2\/pages\/7","targetHints":{"allow":["GET"]}}],"collection":[{"href":"https:\/\/vazub.com\/es\/wp-json\/wp\/v2\/pages"}],"about":[{"href":"https:\/\/vazub.com\/es\/wp-json\/wp\/v2\/types\/page"}],"author":[{"embeddable":true,"href":"https:\/\/vazub.com\/es\/wp-json\/wp\/v2\/users\/1"}],"replies":[{"embeddable":true,"href":"https:\/\/vazub.com\/es\/wp-json\/wp\/v2\/comments?post=7"}],"version-history":[{"count":0,"href":"https:\/\/vazub.com\/es\/wp-json\/wp\/v2\/pages\/7\/revisions"}],"wp:attachment":[{"href":"https:\/\/vazub.com\/es\/wp-json\/wp\/v2\/media?parent=7"}],"curies":[{"name":"wp","href":"https:\/\/api.w.org\/{rel}","templated":true}]}}