{"id":97,"date":"2024-06-22T11:19:16","date_gmt":"2024-06-22T11:19:16","guid":{"rendered":"https:\/\/vazub.com\/?page_id=97"},"modified":"2024-07-03T09:03:30","modified_gmt":"2024-07-03T09:03:30","slug":"sobre-vazub","status":"publish","type":"page","link":"https:\/\/vazub.com\/es\/sobre-vazub\/","title":{"rendered":"Acerca de Vazub"},"content":{"rendered":"<h2 class=\"fusion-responsive-typography-calculated\" style=\"text-align: center; --fontsize: 40; line-height: 1.2;\" data-fontsize=\"40\" data-lineheight=\"48px\"><strong>F\u00e1brica de instrumentos Vazub<\/strong><\/h2>\n<p>Vazub es un fabricante con 21 a\u00f1os de experiencia en investigaci\u00f3n y desarrollo, dise\u00f1o y producci\u00f3n de m\u00e1quinas de ensayo. Tiene una rica experiencia y coopera con conocidas empresas nacionales y extranjeras. Sus productos se exportan a muchos pa\u00edses y regiones. Los productos cumplen las normas ISO, AATCC, ASTM, DIN, EN, GB, BS, JIS, ANSI, UL, TAPPI, IEC, VDE... Todos est\u00e1n disponibles. Los productos se utilizan ampliamente en: unidades de investigaci\u00f3n cient\u00edfica, instituciones de inspecci\u00f3n de calidad, colegios y universidades, as\u00ed como en aparatos electr\u00f3nicos, revestimientos, bolsas, adhesivos, tel\u00e9fonos m\u00f3viles, textiles, juguetes, caucho, pl\u00e1sticos, metales, alambres y cables, calzado, cuero, embalajes, materiales de construcci\u00f3n, petroqu\u00edmica, aviaci\u00f3n... y otras industrias. Son esenciales para el desarrollo de materiales, los ensayos de propiedades f\u00edsicas, la investigaci\u00f3n did\u00e1ctica, la gesti\u00f3n de la calidad y la inspecci\u00f3n de materiales entrantes.<\/p>\n<p><img fetchpriority=\"high\" decoding=\"async\" class=\"alignnone wp-image-167 size-full\" src=\"https:\/\/vazub.com\/wp-content\/uploads\/2024\/06\/Vazub-70\u2103150\u2103-Laboratorio-Simulado-Climate-Programmable-Temperature-And-Humidity-Control-Testing-Climate-Chamber-Manufacturer-11.jpg\" alt=\"Vazub -70\u2103~+150\u2103 Laboratorio Clima Simulado Control Programable Temperatura Y Humedad Pruebas C\u00e1mara Clim\u00e1tica Fabricante\" width=\"750\" height=\"1264\" srcset=\"\" sizes=\"(max-width: 750px) 100vw, 750px\" data-srcset=\"\" \/><\/p>\n<p>Vazub establecer\u00e1 una red profesional de I+D que abarque Asia, Am\u00e9rica y Europa, establecer\u00e1 y mejorar\u00e1 los mecanismos de innovaci\u00f3n y las plataformas de gesti\u00f3n de la propiedad intelectual, sentar\u00e1 las bases del desarrollo de la empresa y se convertir\u00e1 en pionera de las empresas nacionales cuyos productos son populares en todo el mundo. Desde su fundaci\u00f3n, la empresa ha adoptado firmemente la calidad como n\u00facleo, el dise\u00f1o de apariencia exquisita como centro y un esp\u00edritu de trabajo serio y pragm\u00e1tico para servir mejor a los clientes y ganarse una buena reputaci\u00f3n. Seguiremos adhiri\u00e9ndonos al principio de \"gesti\u00f3n honesta\", \"la calidad ante todo\" y el servicio ante todo, dise\u00f1ando productos con ideas y tecnolog\u00edas innovadoras, garantizando una excelente calidad, precios razonables y una completa red de servicios, y proporcionando servicios profesionales, ideales y eficientes a clientes nuevos y antiguos.<\/p>\n<p><img decoding=\"async\" class=\"alignnone wp-image-141 size-full\" src=\"https:\/\/vazub.com\/wp-content\/uploads\/2024\/06\/About-Vazub-Instrument-Factory-4.jpg\" alt=\"Acerca de la f\u00e1brica de instrumentos Vazub\" width=\"1200\" height=\"600\" srcset=\"https:\/\/vazub.com\/wp-content\/uploads\/2024\/06\/About-Vazub-Instrument-Factory-4-18x9.jpg 18w, https:\/\/vazub.com\/wp-content\/uploads\/2024\/06\/About-Vazub-Instrument-Factory-4-200x100.jpg 200w, https:\/\/vazub.com\/wp-content\/uploads\/2024\/06\/About-Vazub-Instrument-Factory-4-300x150.jpg 300w, https:\/\/vazub.com\/wp-content\/uploads\/2024\/06\/About-Vazub-Instrument-Factory-4-400x200.jpg 400w, https:\/\/vazub.com\/wp-content\/uploads\/2024\/06\/About-Vazub-Instrument-Factory-4-500x250.jpg 500w, https:\/\/vazub.com\/wp-content\/uploads\/2024\/06\/About-Vazub-Instrument-Factory-4-600x300.jpg 600w, https:\/\/vazub.com\/wp-content\/uploads\/2024\/06\/About-Vazub-Instrument-Factory-4-700x350.jpg 700w, https:\/\/vazub.com\/wp-content\/uploads\/2024\/06\/About-Vazub-Instrument-Factory-4-768x384.jpg 768w, https:\/\/vazub.com\/wp-content\/uploads\/2024\/06\/About-Vazub-Instrument-Factory-4-800x400.jpg 800w, https:\/\/vazub.com\/wp-content\/uploads\/2024\/06\/About-Vazub-Instrument-Factory-4-1024x512.jpg 1024w, https:\/\/vazub.com\/wp-content\/uploads\/2024\/06\/About-Vazub-Instrument-Factory-4.jpg 1200w\" sizes=\"(max-width: 1200px) 100vw, 1200px\" \/><\/p>\n<p>Valores de la empresa Vazub: gratitud, integridad, calidad, innovaci\u00f3n y ganar-ganar. | Visi\u00f3n (misi\u00f3n): Convertirnos en un influyente fabricante de equipos de prueba y ofrecer a los clientes soluciones y servicios integrales. | Filosof\u00eda de la empresa Valores fundamentales (tres creaciones): Crear competitividad para los clientes y lograr su satisfacci\u00f3n; crear desarrollo para los empleados y reflejar el valor de los empleados; crear beneficios para la empresa y garantizar el funcionamiento sostenible de la empresa.<\/p>\n<p><img decoding=\"async\" class=\"alignnone wp-image-140 size-full\" src=\"https:\/\/vazub.com\/wp-content\/uploads\/2024\/06\/About-Vazub-Instrument-Factory-3.jpg\" alt=\"Acerca de la f\u00e1brica de instrumentos Vazub\" width=\"1200\" height=\"550\" srcset=\"https:\/\/vazub.com\/wp-content\/uploads\/2024\/06\/About-Vazub-Instrument-Factory-3-18x8.jpg 18w, https:\/\/vazub.com\/wp-content\/uploads\/2024\/06\/About-Vazub-Instrument-Factory-3-200x92.jpg 200w, https:\/\/vazub.com\/wp-content\/uploads\/2024\/06\/About-Vazub-Instrument-Factory-3-300x138.jpg 300w, https:\/\/vazub.com\/wp-content\/uploads\/2024\/06\/About-Vazub-Instrument-Factory-3-400x183.jpg 400w, https:\/\/vazub.com\/wp-content\/uploads\/2024\/06\/About-Vazub-Instrument-Factory-3-500x229.jpg 500w, https:\/\/vazub.com\/wp-content\/uploads\/2024\/06\/About-Vazub-Instrument-Factory-3-600x275.jpg 600w, https:\/\/vazub.com\/wp-content\/uploads\/2024\/06\/About-Vazub-Instrument-Factory-3-700x321.jpg 700w, https:\/\/vazub.com\/wp-content\/uploads\/2024\/06\/About-Vazub-Instrument-Factory-3-768x352.jpg 768w, https:\/\/vazub.com\/wp-content\/uploads\/2024\/06\/About-Vazub-Instrument-Factory-3-800x367.jpg 800w, https:\/\/vazub.com\/wp-content\/uploads\/2024\/06\/About-Vazub-Instrument-Factory-3-1024x469.jpg 1024w, https:\/\/vazub.com\/wp-content\/uploads\/2024\/06\/About-Vazub-Instrument-Factory-3.jpg 1200w\" sizes=\"(max-width: 1200px) 100vw, 1200px\" \/><\/p>\n<p><img loading=\"lazy\" decoding=\"async\" class=\"alignnone wp-image-139 size-full\" src=\"https:\/\/vazub.com\/wp-content\/uploads\/2024\/06\/About-Vazub-Instrument-Factory-2.jpg\" alt=\"Acerca de la f\u00e1brica de instrumentos Vazub\" width=\"1200\" height=\"1215\" srcset=\"https:\/\/vazub.com\/wp-content\/uploads\/2024\/06\/About-Vazub-Instrument-Factory-2-12x12.jpg 12w, https:\/\/vazub.com\/wp-content\/uploads\/2024\/06\/About-Vazub-Instrument-Factory-2-66x66.jpg 66w, https:\/\/vazub.com\/wp-content\/uploads\/2024\/06\/About-Vazub-Instrument-Factory-2-200x203.jpg 200w, https:\/\/vazub.com\/wp-content\/uploads\/2024\/06\/About-Vazub-Instrument-Factory-2-296x300.jpg 296w, https:\/\/vazub.com\/wp-content\/uploads\/2024\/06\/About-Vazub-Instrument-Factory-2-400x405.jpg 400w, https:\/\/vazub.com\/wp-content\/uploads\/2024\/06\/About-Vazub-Instrument-Factory-2-500x506.jpg 500w, https:\/\/vazub.com\/wp-content\/uploads\/2024\/06\/About-Vazub-Instrument-Factory-2-600x608.jpg 600w, https:\/\/vazub.com\/wp-content\/uploads\/2024\/06\/About-Vazub-Instrument-Factory-2-700x709.jpg 700w, https:\/\/vazub.com\/wp-content\/uploads\/2024\/06\/About-Vazub-Instrument-Factory-2-768x778.jpg 768w, https:\/\/vazub.com\/wp-content\/uploads\/2024\/06\/About-Vazub-Instrument-Factory-2-800x810.jpg 800w, https:\/\/vazub.com\/wp-content\/uploads\/2024\/06\/About-Vazub-Instrument-Factory-2-1011x1024.jpg 1011w, https:\/\/vazub.com\/wp-content\/uploads\/2024\/06\/About-Vazub-Instrument-Factory-2.jpg 1200w\" sizes=\"(max-width: 1200px) 100vw, 1200px\" \/><\/p>\n<p><img loading=\"lazy\" decoding=\"async\" class=\"alignnone wp-image-142 size-full\" src=\"https:\/\/vazub.com\/wp-content\/uploads\/2024\/06\/About-Vazub-Instrument-Factory-5.jpg\" alt=\"Acerca de la f\u00e1brica de instrumentos Vazub\" width=\"2048\" height=\"1024\" srcset=\"https:\/\/vazub.com\/wp-content\/uploads\/2024\/06\/About-Vazub-Instrument-Factory-5-18x9.jpg 18w, https:\/\/vazub.com\/wp-content\/uploads\/2024\/06\/About-Vazub-Instrument-Factory-5-200x100.jpg 200w, https:\/\/vazub.com\/wp-content\/uploads\/2024\/06\/About-Vazub-Instrument-Factory-5-300x150.jpg 300w, https:\/\/vazub.com\/wp-content\/uploads\/2024\/06\/About-Vazub-Instrument-Factory-5-400x200.jpg 400w, https:\/\/vazub.com\/wp-content\/uploads\/2024\/06\/About-Vazub-Instrument-Factory-5-500x250.jpg 500w, https:\/\/vazub.com\/wp-content\/uploads\/2024\/06\/About-Vazub-Instrument-Factory-5-600x300.jpg 600w, https:\/\/vazub.com\/wp-content\/uploads\/2024\/06\/About-Vazub-Instrument-Factory-5-700x350.jpg 700w, https:\/\/vazub.com\/wp-content\/uploads\/2024\/06\/About-Vazub-Instrument-Factory-5-768x384.jpg 768w, https:\/\/vazub.com\/wp-content\/uploads\/2024\/06\/About-Vazub-Instrument-Factory-5-800x400.jpg 800w, https:\/\/vazub.com\/wp-content\/uploads\/2024\/06\/About-Vazub-Instrument-Factory-5-1024x512.jpg 1024w, https:\/\/vazub.com\/wp-content\/uploads\/2024\/06\/About-Vazub-Instrument-Factory-5-1200x600.jpg 1200w, https:\/\/vazub.com\/wp-content\/uploads\/2024\/06\/About-Vazub-Instrument-Factory-5-1536x768.jpg 1536w, https:\/\/vazub.com\/wp-content\/uploads\/2024\/06\/About-Vazub-Instrument-Factory-5.jpg 2048w\" sizes=\"(max-width: 2048px) 100vw, 2048px\" \/><\/p>\n<h2 class=\"fusion-responsive-typography-calculated\" style=\"--fontsize: 40; line-height: 1.2;\" data-fontsize=\"40\" data-lineheight=\"48px\"><strong>Vazub <\/strong><strong>PREGUNTAS FRECUENTES<\/strong><\/h2>\n<p><strong>1. \u00bfC\u00f3mo elegir el equipo mec\u00e1nico m\u00e1s adecuado?<\/strong><br \/>\nNuestro equipo profesional le dar\u00e1 la mejor sugerencia siempre que nos diga qu\u00e9 tipo de prueba necesita hacer y la especificaci\u00f3n requerida.<br \/>\n<strong>2. \u00bfCu\u00e1l es el plazo de entrega?<\/strong><br \/>\nEn la mayor\u00eda de los casos, disponemos de existencias en nuestra f\u00e1brica. Si no hay stock, normalmente, el plazo de entrega es de 15~20 d\u00edas laborables despu\u00e9s de la recepci\u00f3n del dep\u00f3sito. Si tiene una necesidad urgente, podemos considerar hacer arreglos especiales para usted.<br \/>\n<strong>3. \u00bfAceptan servicios de personalizaci\u00f3n?<\/strong><br \/>\nS\u00ed, por supuesto, no s\u00f3lo podemos ofrecer m\u00e1quinas est\u00e1ndar, sino tambi\u00e9n m\u00e1quinas personalizadas<br \/>\nde acuerdo con su solicitud. No dude en comunicarnos sus requisitos, haremos todo lo posible para satisfacer sus necesidades.<br \/>\n<strong>4. \u00bfPodemos visitar su f\u00e1brica antes de realizar el pedido?<\/strong><br \/>\nS\u00ed, le damos una calurosa bienvenida y le invitamos sinceramente a usted o a su equipo a visitar nuestra f\u00e1brica.<br \/>\n<strong>5. \u00bfHa tenido clientes de nuestro pa\u00eds con anterioridad?<\/strong><br \/>\nAhora nuestras m\u00e1quinas de prueba se han vendido a m\u00e1s de 80 pa\u00edses, como Estados Unidos, Canad\u00e1, Rusia, Reino Unido, Italia, Alemania, Europa, India, Pakist\u00e1n, Filipinas, Singapur, Malasia, Tailandia, Vietnam, Corea, Arabia Saudita, Brasil ... y as\u00ed sucesivamente.<br \/>\n<strong>6. \u00bfQu\u00e9 le parece la garant\u00eda de su m\u00e1quina?<\/strong><br \/>\nGeneralmente, nuestra garant\u00eda es de 2 a\u00f1os. Dentro del per\u00edodo de garant\u00eda, podemos ofrecer soporte t\u00e9cnico y cambio de piezas, necesariamente, nuestros ingenieros pueden ir a su lugar para un mejor servicio.<br \/>\n<strong>7. El embalaje de la m\u00e1quina, \u00bfest\u00e1 protegido de forma segura durante el transporte?<\/strong><br \/>\nNuestra m\u00e1quina es embalada por la caja de madera est\u00e1ndar de la exportaci\u00f3n, no ser\u00e1 da\u00f1ada. Hemos entregado muchas m\u00e1quinas de prueba en el extranjero por el mar o por el aire sin da\u00f1o.<br \/>\n<strong>8. \u00bfCu\u00e1l es el proceso de pedido?<\/strong><br \/>\nConsulta - presupuesto - comunicaci\u00f3n - confirmaci\u00f3n del pedido - pago del dep\u00f3sito - producci\u00f3n - pruebas y depuraci\u00f3n - pago del saldo - embalaje - entrega - recepci\u00f3n del cliente - servicio postventa.<br \/>\n<strong>9. \u00bfC\u00f3mo instalar y utilizar el producto?<\/strong><br \/>\nEl producto se entrega con instrucciones de uso y un v\u00eddeo de la versi\u00f3n inglesa.<\/p>\n<p><span style=\"background-color: rgba(255, 255, 255, 0); color: var(--body_typography-color); font-family: var(--body_typography-font-family); font-size: var(--body_typography-font-size); font-style: var(--body_typography-font-style,normal); font-weight: var(--body_typography-font-weight); letter-spacing: var(--body_typography-letter-spacing);\">WhatsApp\/Wechat: +86 13075286997<\/span><\/p>\n<p>Correo electr\u00f3nico: sales@vazub.com<\/p>\n\n<div class=\"wpcf7 no-js\" id=\"wpcf7-f106-o1\" lang=\"en-US\" dir=\"ltr\" data-wpcf7-id=\"106\">\n<div class=\"screen-reader-response\"><p role=\"status\" aria-live=\"polite\" aria-atomic=\"true\"><\/p> <ul><\/ul><\/div>\n<form action=\"\/es\/wp-json\/wp\/v2\/pages\/97#wpcf7-f106-o1\" method=\"post\" class=\"wpcf7-form init\" aria-label=\"Formulario de contacto\" novalidate=\"novalidate\" data-status=\"init\" data-trp-original-action=\"\/es\/wp-json\/wp\/v2\/pages\/97#wpcf7-f106-o1\">\n<fieldset class=\"hidden-fields-container\"><input type=\"hidden\" name=\"_wpcf7\" value=\"106\" \/><input type=\"hidden\" name=\"_wpcf7_version\" value=\"6.1.2\" \/><input type=\"hidden\" name=\"_wpcf7_locale\" value=\"en_US\" \/><input type=\"hidden\" name=\"_wpcf7_unit_tag\" value=\"wpcf7-f106-o1\" \/><input type=\"hidden\" name=\"_wpcf7_container_post\" value=\"0\" \/><input type=\"hidden\" name=\"_wpcf7_posted_data_hash\" value=\"\" \/>\n<\/fieldset>\n<p><label> Nombre<br \/>\n<span class=\"wpcf7-form-control-wrap\" data-name=\"your-name\"><input size=\"40\" maxlength=\"400\" class=\"wpcf7-form-control wpcf7-text wpcf7-validates-as-required\" aria-required=\"true\" aria-invalid=\"false\" value=\"\" type=\"text\" name=\"your-name\" \/><\/span> <\/label>\n<\/p>\n<p><label> Correo electr\u00f3nico<br \/>\n<span class=\"wpcf7-form-control-wrap\" data-name=\"your-email\"><input size=\"40\" maxlength=\"400\" class=\"wpcf7-form-control wpcf7-email wpcf7-validates-as-required wpcf7-text wpcf7-validates-as-email\" aria-required=\"true\" aria-invalid=\"false\" value=\"\" type=\"email\" name=\"your-email\" \/><\/span> <\/label>\n<\/p>\n<p><label> Tel\u00e9fono<br \/>\n<span class=\"wpcf7-form-control-wrap\" data-name=\"your-phone\"><input size=\"40\" maxlength=\"400\" class=\"wpcf7-form-control wpcf7-text wpcf7-validates-as-required\" aria-required=\"true\" aria-invalid=\"false\" value=\"\" type=\"text\" name=\"your-phone\" \/><\/span> <\/label>\n<\/p>\n<p><label> Mensaje<br \/>\n<span class=\"wpcf7-form-control-wrap\" data-name=\"your-message\"><textarea cols=\"40\" rows=\"10\" maxlength=\"2000\" class=\"wpcf7-form-control wpcf7-textarea\" aria-invalid=\"false\" name=\"your-message\"><\/textarea><\/span> <\/label>\n<\/p>\n<p><input class=\"wpcf7-form-control wpcf7-submit has-spinner\" type=\"submit\" value=\"Env\u00ede su consulta\" \/>\n<\/p><p style=\"display: none !important;\" class=\"akismet-fields-container\" data-prefix=\"_wpcf7_ak_\"><label>&#916;<textarea name=\"_wpcf7_ak_hp_textarea\" cols=\"45\" rows=\"8\" maxlength=\"100\"><\/textarea><\/label><input type=\"hidden\" id=\"ak_js_1\" name=\"_wpcf7_ak_js\" value=\"248\"\/><script>document.getElementById( \"ak_js_1\" ).setAttribute( \"value\", ( new Date() ).getTime() );<\/script><\/p><div class=\"fusion-alert alert custom alert-custom fusion-alert-center wpcf7-response-output awb-alert-native-link-color alert-dismissable awb-alert-close-boxed\" style=\"--awb-border-size:1px;--awb-border-top-left-radius:0px;--awb-border-top-right-radius:0px;--awb-border-bottom-left-radius:0px;--awb-border-bottom-right-radius:0px;\" role=\"alert\"><div class=\"fusion-alert-content-wrapper\"><span class=\"fusion-alert-content\"><\/span><\/div><button type=\"button\" class=\"close toggle-alert\" data-dismiss=\"alert\" aria-label=\"Cerrar\">\u00d7<\/button><\/div>\n<input type=\"hidden\" name=\"trp-form-language\" value=\"es\"\/><\/form>\n<\/div>","protected":false},"excerpt":{"rendered":"<p>Vazub Instrument Factory Vazub is a manufacturer with 21 years  [&#8230;]<\/p>","protected":false},"author":1,"featured_media":0,"parent":0,"menu_order":0,"comment_status":"closed","ping_status":"closed","template":"","meta":{"_joinchat":[],"footnotes":""},"class_list":["post-97","page","type-page","status-publish","hentry"],"jetpack_sharing_enabled":true,"_links":{"self":[{"href":"https:\/\/vazub.com\/es\/wp-json\/wp\/v2\/pages\/97","targetHints":{"allow":["GET"]}}],"collection":[{"href":"https:\/\/vazub.com\/es\/wp-json\/wp\/v2\/pages"}],"about":[{"href":"https:\/\/vazub.com\/es\/wp-json\/wp\/v2\/types\/page"}],"author":[{"embeddable":true,"href":"https:\/\/vazub.com\/es\/wp-json\/wp\/v2\/users\/1"}],"replies":[{"embeddable":true,"href":"https:\/\/vazub.com\/es\/wp-json\/wp\/v2\/comments?post=97"}],"version-history":[{"count":12,"href":"https:\/\/vazub.com\/es\/wp-json\/wp\/v2\/pages\/97\/revisions"}],"predecessor-version":[{"id":189,"href":"https:\/\/vazub.com\/es\/wp-json\/wp\/v2\/pages\/97\/revisions\/189"}],"wp:attachment":[{"href":"https:\/\/vazub.com\/es\/wp-json\/wp\/v2\/media?parent=97"}],"curies":[{"name":"wp","href":"https:\/\/api.w.org\/{rel}","templated":true}]}}