{"id":97,"date":"2024-06-22T11:19:16","date_gmt":"2024-06-22T11:19:16","guid":{"rendered":"https:\/\/vazub.com\/?page_id=97"},"modified":"2024-07-03T09:03:30","modified_gmt":"2024-07-03T09:03:30","slug":"a-propos-de-vazub","status":"publish","type":"page","link":"https:\/\/vazub.com\/fr\/a-propos-de-vazub\/","title":{"rendered":"\u00c0 propos de Vazub"},"content":{"rendered":"<h2 class=\"fusion-responsive-typography-calculated\" style=\"text-align: center; --fontsize: 40; line-height: 1.2;\" data-fontsize=\"40\" data-lineheight=\"48px\"><strong>Usine d'instruments Vazub<\/strong><\/h2>\n<p>Vazub est un fabricant qui a 21 ans d'exp\u00e9rience dans la recherche et le d\u00e9veloppement, la conception et la production de machines d'essai. Il poss\u00e8de une riche exp\u00e9rience et coop\u00e8re avec des entreprises nationales et \u00e9trang\u00e8res de renom. Ses produits sont export\u00e9s vers de nombreux pays et r\u00e9gions. Les produits sont conformes aux normes ISO, AATCC, ASTM, DIN, EN, GB, BS, JIS, ANSI, UL, TAPPI, IEC, VDE... Tous sont disponibles. Les produits sont largement utilis\u00e9s dans les unit\u00e9s de recherche scientifique, les institutions d'inspection de la qualit\u00e9, les coll\u00e8ges et les universit\u00e9s, ainsi que dans les appareils \u00e9lectroniques, les rev\u00eatements, les sacs, les adh\u00e9sifs, les t\u00e9l\u00e9phones portables, les textiles, les jouets, le caoutchouc, les plastiques, les m\u00e9taux, les fils et les c\u00e2bles, les chaussures, le cuir, l'emballage, les mat\u00e9riaux de construction, la p\u00e9trochimie, l'aviation... et d'autres industries. Ils sont essentiels pour le d\u00e9veloppement des mat\u00e9riaux, les essais de propri\u00e9t\u00e9s physiques, la recherche p\u00e9dagogique, la gestion de la qualit\u00e9 et l'inspection des mat\u00e9riaux entrants.<\/p>\n<p><img fetchpriority=\"high\" decoding=\"async\" class=\"alignnone wp-image-167 size-full\" src=\"https:\/\/vazub.com\/wp-content\/uploads\/2024\/06\/Vazub-70\u2103150\u2103-Laboratoire-Climat simul\u00e9-Programmable-Temperature-And-Humidity-Control-Testing-Climate-Chamber-Fabricant-11.jpg\" alt=\"Vazub -70\u2103~+150\u2103 Chambre climatique programmable pour tests de temp\u00e9rature et d&#039;humidit\u00e9 en laboratoire\" width=\"750\" height=\"1264\" srcset=\"\" sizes=\"(max-width: 750px) 100vw, 750px\" data-srcset=\"\" \/><\/p>\n<p>Vazub \u00e9tablira un r\u00e9seau professionnel de R&amp;D couvrant l'Asie, l'Am\u00e9rique et l'Europe, mettra en place et am\u00e9liorera les m\u00e9canismes d'innovation et les plateformes de gestion de la propri\u00e9t\u00e9 intellectuelle, jettera les bases du d\u00e9veloppement de l'entreprise et deviendra un pionnier parmi les entreprises nationales dont les produits sont populaires dans le monde entier. Depuis sa cr\u00e9ation, l'entreprise a fermement fait de la qualit\u00e9 son objectif principal, de la conception d'une apparence exquise son centre, et a adopt\u00e9 un esprit de travail s\u00e9rieux et pragmatique afin de mieux servir ses clients et de se forger une bonne r\u00e9putation. Nous continuerons \u00e0 adh\u00e9rer aux principes de \"gestion honn\u00eate\", de \"qualit\u00e9 d'abord\" et de \"service d'abord\", \u00e0 concevoir des produits avec des id\u00e9es et des technologies innovantes, \u00e0 garantir une excellente qualit\u00e9, des prix raisonnables et un r\u00e9seau de service complet, et \u00e0 fournir des services professionnels, id\u00e9aux et efficaces \u00e0 nos nouveaux et anciens clients.<\/p>\n<p><img decoding=\"async\" class=\"alignnone wp-image-141 size-full\" src=\"https:\/\/vazub.com\/wp-content\/uploads\/2024\/06\/About-Vazub-Instrument-Factory-4.jpg\" alt=\"\u00c0 propos de Vazub Instrument Factory\" width=\"1200\" height=\"600\" srcset=\"https:\/\/vazub.com\/wp-content\/uploads\/2024\/06\/About-Vazub-Instrument-Factory-4-18x9.jpg 18w, https:\/\/vazub.com\/wp-content\/uploads\/2024\/06\/About-Vazub-Instrument-Factory-4-200x100.jpg 200w, https:\/\/vazub.com\/wp-content\/uploads\/2024\/06\/About-Vazub-Instrument-Factory-4-300x150.jpg 300w, https:\/\/vazub.com\/wp-content\/uploads\/2024\/06\/About-Vazub-Instrument-Factory-4-400x200.jpg 400w, https:\/\/vazub.com\/wp-content\/uploads\/2024\/06\/About-Vazub-Instrument-Factory-4-500x250.jpg 500w, https:\/\/vazub.com\/wp-content\/uploads\/2024\/06\/About-Vazub-Instrument-Factory-4-600x300.jpg 600w, https:\/\/vazub.com\/wp-content\/uploads\/2024\/06\/About-Vazub-Instrument-Factory-4-700x350.jpg 700w, https:\/\/vazub.com\/wp-content\/uploads\/2024\/06\/About-Vazub-Instrument-Factory-4-768x384.jpg 768w, https:\/\/vazub.com\/wp-content\/uploads\/2024\/06\/About-Vazub-Instrument-Factory-4-800x400.jpg 800w, https:\/\/vazub.com\/wp-content\/uploads\/2024\/06\/About-Vazub-Instrument-Factory-4-1024x512.jpg 1024w, https:\/\/vazub.com\/wp-content\/uploads\/2024\/06\/About-Vazub-Instrument-Factory-4.jpg 1200w\" sizes=\"(max-width: 1200px) 100vw, 1200px\" \/><\/p>\n<p>Valeurs de l'entreprise Vazub : gratitude, int\u00e9grit\u00e9, qualit\u00e9, innovation et gagnant-gagnant. | Vision (mission) de Vazub : Devenir un fabricant d'\u00e9quipements d'essai influent et fournir \u00e0 ses clients des solutions et des services d'un seul tenant. | Philosophie de l'entreprise Valeurs fondamentales (trois cr\u00e9ations) : Cr\u00e9er de la comp\u00e9titivit\u00e9 pour les clients et les satisfaire ; cr\u00e9er du d\u00e9veloppement pour les employ\u00e9s et refl\u00e9ter la valeur des employ\u00e9s ; cr\u00e9er des profits pour l'entreprise et assurer un fonctionnement durable de l'entreprise.<\/p>\n<p><img decoding=\"async\" class=\"alignnone wp-image-140 size-full\" src=\"https:\/\/vazub.com\/wp-content\/uploads\/2024\/06\/About-Vazub-Instrument-Factory-3.jpg\" alt=\"\u00c0 propos de Vazub Instrument Factory\" width=\"1200\" height=\"550\" srcset=\"https:\/\/vazub.com\/wp-content\/uploads\/2024\/06\/About-Vazub-Instrument-Factory-3-18x8.jpg 18w, https:\/\/vazub.com\/wp-content\/uploads\/2024\/06\/About-Vazub-Instrument-Factory-3-200x92.jpg 200w, https:\/\/vazub.com\/wp-content\/uploads\/2024\/06\/About-Vazub-Instrument-Factory-3-300x138.jpg 300w, https:\/\/vazub.com\/wp-content\/uploads\/2024\/06\/About-Vazub-Instrument-Factory-3-400x183.jpg 400w, https:\/\/vazub.com\/wp-content\/uploads\/2024\/06\/About-Vazub-Instrument-Factory-3-500x229.jpg 500w, https:\/\/vazub.com\/wp-content\/uploads\/2024\/06\/About-Vazub-Instrument-Factory-3-600x275.jpg 600w, https:\/\/vazub.com\/wp-content\/uploads\/2024\/06\/About-Vazub-Instrument-Factory-3-700x321.jpg 700w, https:\/\/vazub.com\/wp-content\/uploads\/2024\/06\/About-Vazub-Instrument-Factory-3-768x352.jpg 768w, https:\/\/vazub.com\/wp-content\/uploads\/2024\/06\/About-Vazub-Instrument-Factory-3-800x367.jpg 800w, https:\/\/vazub.com\/wp-content\/uploads\/2024\/06\/About-Vazub-Instrument-Factory-3-1024x469.jpg 1024w, https:\/\/vazub.com\/wp-content\/uploads\/2024\/06\/About-Vazub-Instrument-Factory-3.jpg 1200w\" sizes=\"(max-width: 1200px) 100vw, 1200px\" \/><\/p>\n<p><img loading=\"lazy\" decoding=\"async\" class=\"alignnone wp-image-139 size-full\" src=\"https:\/\/vazub.com\/wp-content\/uploads\/2024\/06\/About-Vazub-Instrument-Factory-2.jpg\" alt=\"\u00c0 propos de Vazub Instrument Factory\" width=\"1200\" height=\"1215\" srcset=\"https:\/\/vazub.com\/wp-content\/uploads\/2024\/06\/About-Vazub-Instrument-Factory-2-12x12.jpg 12w, https:\/\/vazub.com\/wp-content\/uploads\/2024\/06\/About-Vazub-Instrument-Factory-2-66x66.jpg 66w, https:\/\/vazub.com\/wp-content\/uploads\/2024\/06\/About-Vazub-Instrument-Factory-2-200x203.jpg 200w, https:\/\/vazub.com\/wp-content\/uploads\/2024\/06\/About-Vazub-Instrument-Factory-2-296x300.jpg 296w, https:\/\/vazub.com\/wp-content\/uploads\/2024\/06\/About-Vazub-Instrument-Factory-2-400x405.jpg 400w, https:\/\/vazub.com\/wp-content\/uploads\/2024\/06\/About-Vazub-Instrument-Factory-2-500x506.jpg 500w, https:\/\/vazub.com\/wp-content\/uploads\/2024\/06\/About-Vazub-Instrument-Factory-2-600x608.jpg 600w, https:\/\/vazub.com\/wp-content\/uploads\/2024\/06\/About-Vazub-Instrument-Factory-2-700x709.jpg 700w, https:\/\/vazub.com\/wp-content\/uploads\/2024\/06\/About-Vazub-Instrument-Factory-2-768x778.jpg 768w, https:\/\/vazub.com\/wp-content\/uploads\/2024\/06\/About-Vazub-Instrument-Factory-2-800x810.jpg 800w, https:\/\/vazub.com\/wp-content\/uploads\/2024\/06\/About-Vazub-Instrument-Factory-2-1011x1024.jpg 1011w, https:\/\/vazub.com\/wp-content\/uploads\/2024\/06\/About-Vazub-Instrument-Factory-2.jpg 1200w\" sizes=\"(max-width: 1200px) 100vw, 1200px\" \/><\/p>\n<p><img loading=\"lazy\" decoding=\"async\" class=\"alignnone wp-image-142 size-full\" src=\"https:\/\/vazub.com\/wp-content\/uploads\/2024\/06\/About-Vazub-Instrument-Factory-5.jpg\" alt=\"\u00c0 propos de Vazub Instrument Factory\" width=\"2048\" height=\"1024\" srcset=\"https:\/\/vazub.com\/wp-content\/uploads\/2024\/06\/About-Vazub-Instrument-Factory-5-18x9.jpg 18w, https:\/\/vazub.com\/wp-content\/uploads\/2024\/06\/About-Vazub-Instrument-Factory-5-200x100.jpg 200w, https:\/\/vazub.com\/wp-content\/uploads\/2024\/06\/About-Vazub-Instrument-Factory-5-300x150.jpg 300w, https:\/\/vazub.com\/wp-content\/uploads\/2024\/06\/About-Vazub-Instrument-Factory-5-400x200.jpg 400w, https:\/\/vazub.com\/wp-content\/uploads\/2024\/06\/About-Vazub-Instrument-Factory-5-500x250.jpg 500w, https:\/\/vazub.com\/wp-content\/uploads\/2024\/06\/About-Vazub-Instrument-Factory-5-600x300.jpg 600w, https:\/\/vazub.com\/wp-content\/uploads\/2024\/06\/About-Vazub-Instrument-Factory-5-700x350.jpg 700w, https:\/\/vazub.com\/wp-content\/uploads\/2024\/06\/About-Vazub-Instrument-Factory-5-768x384.jpg 768w, https:\/\/vazub.com\/wp-content\/uploads\/2024\/06\/About-Vazub-Instrument-Factory-5-800x400.jpg 800w, https:\/\/vazub.com\/wp-content\/uploads\/2024\/06\/About-Vazub-Instrument-Factory-5-1024x512.jpg 1024w, https:\/\/vazub.com\/wp-content\/uploads\/2024\/06\/About-Vazub-Instrument-Factory-5-1200x600.jpg 1200w, https:\/\/vazub.com\/wp-content\/uploads\/2024\/06\/About-Vazub-Instrument-Factory-5-1536x768.jpg 1536w, https:\/\/vazub.com\/wp-content\/uploads\/2024\/06\/About-Vazub-Instrument-Factory-5.jpg 2048w\" sizes=\"(max-width: 2048px) 100vw, 2048px\" \/><\/p>\n<h2 class=\"fusion-responsive-typography-calculated\" style=\"--fontsize: 40; line-height: 1.2;\" data-fontsize=\"40\" data-lineheight=\"48px\"><strong>Vazub <\/strong><strong>FAQ<\/strong><\/h2>\n<p><strong>1. Comment choisir l'\u00e9quipement m\u00e9canique le plus appropri\u00e9 ?<\/strong><br \/>\nNotre \u00e9quipe de professionnels vous donnera les meilleures suggestions \u00e0 condition que vous nous indiquiez le type de test que vous souhaitez effectuer et les sp\u00e9cifications requises.<br \/>\n<strong>2. Quel est le d\u00e9lai de livraison ?<\/strong><br \/>\nLa plupart du temps, nous avons du stock dans notre usine. S'il n'y a pas de stock, le d\u00e9lai de livraison est normalement de 15 \u00e0 20 jours ouvrables apr\u00e8s r\u00e9ception de l'acompte. Si vous avez un besoin urgent, nous pouvons envisager de prendre des dispositions sp\u00e9ciales pour vous.<br \/>\n<strong>3. Acceptez-vous les services de personnalisation ?<\/strong><br \/>\nOui, bien s\u00fbr, nous pouvons non seulement proposer des machines standard, mais aussi des machines personnalis\u00e9es.<br \/>\nselon votre demande. N'h\u00e9sitez pas \u00e0 nous faire part de vos besoins, nous ferons de notre mieux pour y r\u00e9pondre.<br \/>\n<strong>4. Pouvons-nous visiter votre usine avant de passer commande ?<\/strong><br \/>\nOui, nous vous accueillons chaleureusement et vous invitons sinc\u00e8rement, vous ou votre \u00e9quipe, \u00e0 visiter notre usine.<br \/>\n<strong>5. Avez-vous d\u00e9j\u00e0 eu des clients dans notre pays ?<\/strong><br \/>\nAujourd'hui, nos machines d'essai ont \u00e9t\u00e9 vendues dans plus de 80 pays, tels que l'Am\u00e9rique, le Canada, la Russie, le Royaume-Uni, l'Italie, l'Allemagne, l'Europe, l'Inde, le Pakistan, les Philippines, Singapour, la Malaisie, la Tha\u00eflande, le Vi\u00eat Nam, la Cor\u00e9e, l'Arabie saoudite, le Br\u00e9sil, etc.<br \/>\n<strong>6. Qu'en est-il de la garantie de votre machine ?<\/strong><br \/>\nEn g\u00e9n\u00e9ral, notre garantie est de 2 ans. Au cours de la p\u00e9riode de garantie, nous pouvons offrir une assistance technique et un remplacement des pi\u00e8ces, mais nos ing\u00e9nieurs peuvent \u00e9galement se rendre sur place pour un meilleur service.<br \/>\n<strong>7. L'emballage de la machine est-il bien prot\u00e9g\u00e9 pendant le transport ?<\/strong><br \/>\nNotre machine est emball\u00e9e dans une caisse en bois standard pour l'exportation, elle ne sera pas endommag\u00e9e. Nous avons livr\u00e9 de nombreuses machines d'essai \u00e0 l'\u00e9tranger par voie maritime ou a\u00e9rienne sans dommage.<br \/>\n<strong>8. Quelle est la proc\u00e9dure de commande ?<\/strong><br \/>\nDemande - devis - communication - confirmation de la commande - paiement d'un acompte - production - essais et d\u00e9bogage - paiement du solde - emballage - livraison - r\u00e9ception par le client - service apr\u00e8s-vente.<br \/>\n<strong>9. Comment installer et utiliser le produit ?<\/strong><br \/>\nLe produit est livr\u00e9 avec un mode d'emploi et une vid\u00e9o de la version anglaise.<\/p>\n<p><span style=\"background-color: rgba(255, 255, 255, 0); color: var(--body_typography-color); font-family: var(--body_typography-font-family); font-size: var(--body_typography-font-size); font-style: var(--body_typography-font-style,normal); font-weight: var(--body_typography-font-weight); letter-spacing: var(--body_typography-letter-spacing);\">WhatsApp\/Wechat : +86 13075286997<\/span><\/p>\n<p>Courriel : sales@vazub.com<\/p>\n\n<div class=\"wpcf7 no-js\" id=\"wpcf7-f106-o1\" lang=\"en-US\" dir=\"ltr\" data-wpcf7-id=\"106\">\n<div class=\"screen-reader-response\"><p role=\"status\" aria-live=\"polite\" aria-atomic=\"true\"><\/p> <ul><\/ul><\/div>\n<form action=\"\/fr\/wp-json\/wp\/v2\/pages\/97#wpcf7-f106-o1\" method=\"post\" class=\"wpcf7-form init\" aria-label=\"Formulaire de contact\" novalidate=\"novalidate\" data-status=\"init\" data-trp-original-action=\"\/fr\/wp-json\/wp\/v2\/pages\/97#wpcf7-f106-o1\">\n<fieldset class=\"hidden-fields-container\"><input type=\"hidden\" name=\"_wpcf7\" value=\"106\" \/><input type=\"hidden\" name=\"_wpcf7_version\" value=\"6.1.2\" \/><input type=\"hidden\" name=\"_wpcf7_locale\" value=\"en_US\" \/><input type=\"hidden\" name=\"_wpcf7_unit_tag\" value=\"wpcf7-f106-o1\" \/><input type=\"hidden\" name=\"_wpcf7_container_post\" value=\"0\" \/><input type=\"hidden\" name=\"_wpcf7_posted_data_hash\" value=\"\" \/>\n<\/fieldset>\n<p><label> Nom<br \/>\n<span class=\"wpcf7-form-control-wrap\" data-name=\"your-name\"><input size=\"40\" maxlength=\"400\" class=\"wpcf7-form-control wpcf7-text wpcf7-validates-as-required\" aria-required=\"true\" aria-invalid=\"false\" value=\"\" type=\"text\" name=\"your-name\" \/><\/span> <\/label>\n<\/p>\n<p><label> Courriel<br \/>\n<span class=\"wpcf7-form-control-wrap\" data-name=\"your-email\"><input size=\"40\" maxlength=\"400\" class=\"wpcf7-form-control wpcf7-email wpcf7-validates-as-required wpcf7-text wpcf7-validates-as-email\" aria-required=\"true\" aria-invalid=\"false\" value=\"\" type=\"email\" name=\"your-email\" \/><\/span> <\/label>\n<\/p>\n<p><label> T\u00e9l\u00e9phone<br \/>\n<span class=\"wpcf7-form-control-wrap\" data-name=\"your-phone\"><input size=\"40\" maxlength=\"400\" class=\"wpcf7-form-control wpcf7-text wpcf7-validates-as-required\" aria-required=\"true\" aria-invalid=\"false\" value=\"\" type=\"text\" name=\"your-phone\" \/><\/span> <\/label>\n<\/p>\n<p><label> Message<br \/>\n<span class=\"wpcf7-form-control-wrap\" data-name=\"your-message\"><textarea cols=\"40\" rows=\"10\" maxlength=\"2000\" class=\"wpcf7-form-control wpcf7-textarea\" aria-invalid=\"false\" name=\"your-message\"><\/textarea><\/span> <\/label>\n<\/p>\n<p><input class=\"wpcf7-form-control wpcf7-submit has-spinner\" type=\"submit\" value=\"Envoyez votre demande\" \/>\n<\/p><p style=\"display: none !important;\" class=\"akismet-fields-container\" data-prefix=\"_wpcf7_ak_\"><label>&#916;<textarea name=\"_wpcf7_ak_hp_textarea\" cols=\"45\" rows=\"8\" maxlength=\"100\"><\/textarea><\/label><input type=\"hidden\" id=\"ak_js_1\" name=\"_wpcf7_ak_js\" value=\"220\"\/><script>document.getElementById( \"ak_js_1\" ).setAttribute( \"value\", ( new Date() ).getTime() );<\/script><\/p><div class=\"fusion-alert alert custom alert-custom fusion-alert-center wpcf7-response-output awb-alert-native-link-color alert-dismissable awb-alert-close-boxed\" style=\"--awb-border-size:1px;--awb-border-top-left-radius:0px;--awb-border-top-right-radius:0px;--awb-border-bottom-left-radius:0px;--awb-border-bottom-right-radius:0px;\" role=\"alert\"><div class=\"fusion-alert-content-wrapper\"><span class=\"fusion-alert-content\"><\/span><\/div><button type=\"button\" class=\"close toggle-alert\" data-dismiss=\"alert\" aria-label=\"Fermer\">\u00d7<\/button><\/div>\n<input type=\"hidden\" name=\"trp-form-language\" value=\"fr\"\/><\/form>\n<\/div>","protected":false},"excerpt":{"rendered":"<p>Vazub Instrument Factory Vazub is a manufacturer with 21 years  [&#8230;]<\/p>","protected":false},"author":1,"featured_media":0,"parent":0,"menu_order":0,"comment_status":"closed","ping_status":"closed","template":"","meta":{"_joinchat":[],"footnotes":""},"class_list":["post-97","page","type-page","status-publish","hentry"],"jetpack_sharing_enabled":true,"_links":{"self":[{"href":"https:\/\/vazub.com\/fr\/wp-json\/wp\/v2\/pages\/97","targetHints":{"allow":["GET"]}}],"collection":[{"href":"https:\/\/vazub.com\/fr\/wp-json\/wp\/v2\/pages"}],"about":[{"href":"https:\/\/vazub.com\/fr\/wp-json\/wp\/v2\/types\/page"}],"author":[{"embeddable":true,"href":"https:\/\/vazub.com\/fr\/wp-json\/wp\/v2\/users\/1"}],"replies":[{"embeddable":true,"href":"https:\/\/vazub.com\/fr\/wp-json\/wp\/v2\/comments?post=97"}],"version-history":[{"count":12,"href":"https:\/\/vazub.com\/fr\/wp-json\/wp\/v2\/pages\/97\/revisions"}],"predecessor-version":[{"id":189,"href":"https:\/\/vazub.com\/fr\/wp-json\/wp\/v2\/pages\/97\/revisions\/189"}],"wp:attachment":[{"href":"https:\/\/vazub.com\/fr\/wp-json\/wp\/v2\/media?parent=97"}],"curies":[{"name":"wp","href":"https:\/\/api.w.org\/{rel}","templated":true}]}}