{"id":97,"date":"2024-06-22T11:19:16","date_gmt":"2024-06-22T11:19:16","guid":{"rendered":"https:\/\/vazub.com\/?page_id=97"},"modified":"2024-07-03T09:03:30","modified_gmt":"2024-07-03T09:03:30","slug":"o-vazub","status":"publish","type":"page","link":"https:\/\/vazub.com\/pl\/o-vazub\/","title":{"rendered":"O Vazub"},"content":{"rendered":"<h2 class=\"fusion-responsive-typography-calculated\" style=\"text-align: center; --fontsize: 40; line-height: 1.2;\" data-fontsize=\"40\" data-lineheight=\"48px\"><strong>Vazub Instrument Factory<\/strong><\/h2>\n<p>Vazub jest producentem z 21-letnim do\u015bwiadczeniem w badaniach i rozwoju maszyn testuj\u0105cych, projektowaniu i produkcji. Posiada bogate do\u015bwiadczenie i wsp\u00f3\u0142pracuje ze znanymi firmami krajowymi i zagranicznymi. Jej produkty s\u0105 eksportowane do wielu kraj\u00f3w i region\u00f3w. Produkty spe\u0142niaj\u0105 normy ISO, AATCC, ASTM, DIN, EN, GB, BS, JIS, ANSI, UL, TAPPI, IEC, VDE... Wszystkie s\u0105 dost\u0119pne. Produkty s\u0105 szeroko stosowane w: jednostkach naukowo-badawczych, instytucjach kontroli jako\u015bci, szko\u0142ach wy\u017cszych i uniwersytetach, a tak\u017ce w urz\u0105dzeniach elektronicznych, pow\u0142okach, torbach, klejach, telefonach kom\u00f3rkowych, tekstyliach, zabawkach, gumie, tworzywach sztucznych, metalach, drutach i kablach, obuwiu, sk\u00f3rze, opakowaniach, materia\u0142ach budowlanych, petrochemii, lotnictwie... i innych ga\u0142\u0119ziach przemys\u0142u. S\u0105 one niezb\u0119dne do rozwoju materia\u0142\u00f3w, testowania w\u0142a\u015bciwo\u015bci fizycznych, bada\u0144 naukowych, zarz\u0105dzania jako\u015bci\u0105 i kontroli materia\u0142\u00f3w przychodz\u0105cych.<\/p>\n<p><img fetchpriority=\"high\" decoding=\"async\" class=\"alignnone wp-image-167 size-full\" src=\"https:\/\/vazub.com\/wp-content\/uploads\/2024\/06\/Vazub-70\u2103150\u2103-Laboratoryjna-symulowana-klimatyzacja-programowalna-temperatura-i-wilgotno\u015b\u0107-kontrola-testowania-klimatyzatora-producenta-11.jpg\" alt=\"Vazub -70 \u2103 ~ +150 \u2103 Laboratoryjna symulowana komora klimatyczna z programowaln\u0105 kontrol\u0105 temperatury i wilgotno\u015bci Producent\" width=\"750\" height=\"1264\" srcset=\"\" sizes=\"(max-width: 750px) 100vw, 750px\" data-srcset=\"\" \/><\/p>\n<p>Vazub stworzy profesjonaln\u0105 sie\u0107 badawczo-rozwojow\u0105 obejmuj\u0105c\u0105 Azj\u0119, Ameryk\u0119 i Europ\u0119, ustanowi i ulepszy mechanizmy innowacji i platformy zarz\u0105dzania w\u0142asno\u015bci\u0105 intelektualn\u0105, po\u0142o\u017cy podwaliny pod rozw\u00f3j firmy i stanie si\u0119 pionierem w\u015br\u00f3d krajowych przedsi\u0119biorstw, kt\u00f3rych produkty s\u0105 popularne na ca\u0142ym \u015bwiecie. Od momentu powstania firma zdecydowanie przyj\u0119\u0142a jako\u015b\u0107 jako rdze\u0144, wykwintny wygl\u0105d jako centrum oraz powa\u017cny i pragmatyczny duch pracy, aby lepiej s\u0142u\u017cy\u0107 klientom i zdoby\u0107 dobr\u0105 reputacj\u0119. B\u0119dziemy nadal przestrzega\u0107 zasady \"uczciwego zarz\u0105dzania\", \"przede wszystkim jako\u015bci\" i przede wszystkim us\u0142ug, projektowa\u0107 produkty z innowacyjnymi pomys\u0142ami i technologiami, zapewnia\u0107 doskona\u0142\u0105 jako\u015b\u0107, rozs\u0105dne ceny i kompletn\u0105 sie\u0107 us\u0142ug oraz zapewnia\u0107 profesjonalne, idealne i wydajne us\u0142ugi nowym i starym klientom.<\/p>\n<p><img decoding=\"async\" class=\"alignnone wp-image-141 size-full\" src=\"https:\/\/vazub.com\/wp-content\/uploads\/2024\/06\/About-Vazub-Instrument-Factory-4.jpg\" alt=\"Informacje o Vazub Instrument Factory\" width=\"1200\" height=\"600\" srcset=\"https:\/\/vazub.com\/wp-content\/uploads\/2024\/06\/About-Vazub-Instrument-Factory-4-18x9.jpg 18w, https:\/\/vazub.com\/wp-content\/uploads\/2024\/06\/About-Vazub-Instrument-Factory-4-200x100.jpg 200w, https:\/\/vazub.com\/wp-content\/uploads\/2024\/06\/About-Vazub-Instrument-Factory-4-300x150.jpg 300w, https:\/\/vazub.com\/wp-content\/uploads\/2024\/06\/About-Vazub-Instrument-Factory-4-400x200.jpg 400w, https:\/\/vazub.com\/wp-content\/uploads\/2024\/06\/About-Vazub-Instrument-Factory-4-500x250.jpg 500w, https:\/\/vazub.com\/wp-content\/uploads\/2024\/06\/About-Vazub-Instrument-Factory-4-600x300.jpg 600w, https:\/\/vazub.com\/wp-content\/uploads\/2024\/06\/About-Vazub-Instrument-Factory-4-700x350.jpg 700w, https:\/\/vazub.com\/wp-content\/uploads\/2024\/06\/About-Vazub-Instrument-Factory-4-768x384.jpg 768w, https:\/\/vazub.com\/wp-content\/uploads\/2024\/06\/About-Vazub-Instrument-Factory-4-800x400.jpg 800w, https:\/\/vazub.com\/wp-content\/uploads\/2024\/06\/About-Vazub-Instrument-Factory-4-1024x512.jpg 1024w, https:\/\/vazub.com\/wp-content\/uploads\/2024\/06\/About-Vazub-Instrument-Factory-4.jpg 1200w\" sizes=\"(max-width: 1200px) 100vw, 1200px\" \/><\/p>\n<p>Warto\u015bci firmy Vazub: wdzi\u0119czno\u015b\u0107, uczciwo\u015b\u0107, jako\u015b\u0107, innowacyjno\u015b\u0107 i wygrana-wygrana. | Wizja (misja): Sta\u0107 si\u0119 wp\u0142ywowym producentem sprz\u0119tu testowego i dostarcza\u0107 klientom kompleksowe rozwi\u0105zania i us\u0142ugi. | Filozofia firmy Podstawowe warto\u015bci (trzy za\u0142o\u017cenia): Tworzenie konkurencyjno\u015bci dla klient\u00f3w i osi\u0105ganie zadowolenia klient\u00f3w; tworzenie rozwoju dla pracownik\u00f3w i odzwierciedlanie warto\u015bci pracownik\u00f3w; tworzenie zysk\u00f3w dla firmy i zapewnianie zr\u00f3wnowa\u017conego dzia\u0142ania firmy.<\/p>\n<p><img decoding=\"async\" class=\"alignnone wp-image-140 size-full\" src=\"https:\/\/vazub.com\/wp-content\/uploads\/2024\/06\/About-Vazub-Instrument-Factory-3.jpg\" alt=\"Informacje o Vazub Instrument Factory\" width=\"1200\" height=\"550\" srcset=\"https:\/\/vazub.com\/wp-content\/uploads\/2024\/06\/About-Vazub-Instrument-Factory-3-18x8.jpg 18w, https:\/\/vazub.com\/wp-content\/uploads\/2024\/06\/About-Vazub-Instrument-Factory-3-200x92.jpg 200w, https:\/\/vazub.com\/wp-content\/uploads\/2024\/06\/About-Vazub-Instrument-Factory-3-300x138.jpg 300w, https:\/\/vazub.com\/wp-content\/uploads\/2024\/06\/About-Vazub-Instrument-Factory-3-400x183.jpg 400w, https:\/\/vazub.com\/wp-content\/uploads\/2024\/06\/About-Vazub-Instrument-Factory-3-500x229.jpg 500w, https:\/\/vazub.com\/wp-content\/uploads\/2024\/06\/About-Vazub-Instrument-Factory-3-600x275.jpg 600w, https:\/\/vazub.com\/wp-content\/uploads\/2024\/06\/About-Vazub-Instrument-Factory-3-700x321.jpg 700w, https:\/\/vazub.com\/wp-content\/uploads\/2024\/06\/About-Vazub-Instrument-Factory-3-768x352.jpg 768w, https:\/\/vazub.com\/wp-content\/uploads\/2024\/06\/About-Vazub-Instrument-Factory-3-800x367.jpg 800w, https:\/\/vazub.com\/wp-content\/uploads\/2024\/06\/About-Vazub-Instrument-Factory-3-1024x469.jpg 1024w, https:\/\/vazub.com\/wp-content\/uploads\/2024\/06\/About-Vazub-Instrument-Factory-3.jpg 1200w\" sizes=\"(max-width: 1200px) 100vw, 1200px\" \/><\/p>\n<p><img loading=\"lazy\" decoding=\"async\" class=\"alignnone wp-image-139 size-full\" src=\"https:\/\/vazub.com\/wp-content\/uploads\/2024\/06\/About-Vazub-Instrument-Factory-2.jpg\" alt=\"Informacje o Vazub Instrument Factory\" width=\"1200\" height=\"1215\" srcset=\"https:\/\/vazub.com\/wp-content\/uploads\/2024\/06\/About-Vazub-Instrument-Factory-2-12x12.jpg 12w, https:\/\/vazub.com\/wp-content\/uploads\/2024\/06\/About-Vazub-Instrument-Factory-2-66x66.jpg 66w, https:\/\/vazub.com\/wp-content\/uploads\/2024\/06\/About-Vazub-Instrument-Factory-2-200x203.jpg 200w, https:\/\/vazub.com\/wp-content\/uploads\/2024\/06\/About-Vazub-Instrument-Factory-2-296x300.jpg 296w, https:\/\/vazub.com\/wp-content\/uploads\/2024\/06\/About-Vazub-Instrument-Factory-2-400x405.jpg 400w, https:\/\/vazub.com\/wp-content\/uploads\/2024\/06\/About-Vazub-Instrument-Factory-2-500x506.jpg 500w, https:\/\/vazub.com\/wp-content\/uploads\/2024\/06\/About-Vazub-Instrument-Factory-2-600x608.jpg 600w, https:\/\/vazub.com\/wp-content\/uploads\/2024\/06\/About-Vazub-Instrument-Factory-2-700x709.jpg 700w, https:\/\/vazub.com\/wp-content\/uploads\/2024\/06\/About-Vazub-Instrument-Factory-2-768x778.jpg 768w, https:\/\/vazub.com\/wp-content\/uploads\/2024\/06\/About-Vazub-Instrument-Factory-2-800x810.jpg 800w, https:\/\/vazub.com\/wp-content\/uploads\/2024\/06\/About-Vazub-Instrument-Factory-2-1011x1024.jpg 1011w, https:\/\/vazub.com\/wp-content\/uploads\/2024\/06\/About-Vazub-Instrument-Factory-2.jpg 1200w\" sizes=\"(max-width: 1200px) 100vw, 1200px\" \/><\/p>\n<p><img loading=\"lazy\" decoding=\"async\" class=\"alignnone wp-image-142 size-full\" src=\"https:\/\/vazub.com\/wp-content\/uploads\/2024\/06\/About-Vazub-Instrument-Factory-5.jpg\" alt=\"Informacje o Vazub Instrument Factory\" width=\"2048\" height=\"1024\" srcset=\"https:\/\/vazub.com\/wp-content\/uploads\/2024\/06\/About-Vazub-Instrument-Factory-5-18x9.jpg 18w, https:\/\/vazub.com\/wp-content\/uploads\/2024\/06\/About-Vazub-Instrument-Factory-5-200x100.jpg 200w, https:\/\/vazub.com\/wp-content\/uploads\/2024\/06\/About-Vazub-Instrument-Factory-5-300x150.jpg 300w, https:\/\/vazub.com\/wp-content\/uploads\/2024\/06\/About-Vazub-Instrument-Factory-5-400x200.jpg 400w, https:\/\/vazub.com\/wp-content\/uploads\/2024\/06\/About-Vazub-Instrument-Factory-5-500x250.jpg 500w, https:\/\/vazub.com\/wp-content\/uploads\/2024\/06\/About-Vazub-Instrument-Factory-5-600x300.jpg 600w, https:\/\/vazub.com\/wp-content\/uploads\/2024\/06\/About-Vazub-Instrument-Factory-5-700x350.jpg 700w, https:\/\/vazub.com\/wp-content\/uploads\/2024\/06\/About-Vazub-Instrument-Factory-5-768x384.jpg 768w, https:\/\/vazub.com\/wp-content\/uploads\/2024\/06\/About-Vazub-Instrument-Factory-5-800x400.jpg 800w, https:\/\/vazub.com\/wp-content\/uploads\/2024\/06\/About-Vazub-Instrument-Factory-5-1024x512.jpg 1024w, https:\/\/vazub.com\/wp-content\/uploads\/2024\/06\/About-Vazub-Instrument-Factory-5-1200x600.jpg 1200w, https:\/\/vazub.com\/wp-content\/uploads\/2024\/06\/About-Vazub-Instrument-Factory-5-1536x768.jpg 1536w, https:\/\/vazub.com\/wp-content\/uploads\/2024\/06\/About-Vazub-Instrument-Factory-5.jpg 2048w\" sizes=\"(max-width: 2048px) 100vw, 2048px\" \/><\/p>\n<h2 class=\"fusion-responsive-typography-calculated\" style=\"--fontsize: 40; line-height: 1.2;\" data-fontsize=\"40\" data-lineheight=\"48px\"><strong>Vazub <\/strong><strong>FAQ<\/strong><\/h2>\n<p><strong>1. Jak wybra\u0107 najbardziej odpowiedni sprz\u0119t mechaniczny?<\/strong><br \/>\nNasz profesjonalny zesp\u00f3\u0142 przedstawi najlepsze sugestie, o ile poinformujesz nas o rodzaju testu, kt\u00f3ry chcesz wykona\u0107 i wymaganej specyfikacji.<br \/>\n<strong>2. Jaki jest termin dostawy?<\/strong><br \/>\nW wi\u0119kszo\u015bci przypadk\u00f3w mamy zapasy w naszej fabryce. W przypadku braku towaru w magazynie, czas dostawy wynosi zwykle 15~20 dni roboczych od otrzymania wp\u0142aty. W przypadku pilnej potrzeby mo\u017cemy rozwa\u017cy\u0107 specjalne ustalenia.<br \/>\n<strong>3. Czy akceptujesz us\u0142ugi dostosowywania?<\/strong><br \/>\nTak, oczywi\u015bcie, mo\u017cemy zaoferowa\u0107 nie tylko standardowe maszyny, ale tak\u017ce maszyny niestandardowe<br \/>\nzgodnie z twoj\u0105 pro\u015bb\u0105. Nie wahaj si\u0119 powiedzie\u0107 nam o swoich wymaganiach, postaramy si\u0119 jak najlepiej spe\u0142ni\u0107 Twoje potrzeby.<br \/>\n<strong>4. Czy mo\u017cemy odwiedzi\u0107 fabryk\u0119 przed z\u0142o\u017ceniem zam\u00f3wienia?<\/strong><br \/>\nTak, serdecznie witamy i szczerze zapraszamy Ciebie lub Tw\u00f3j zesp\u00f3\u0142 do odwiedzenia naszej fabryki<br \/>\n<strong>5. Czy masz ju\u017c klient\u00f3w w naszym kraju?<\/strong><br \/>\nObecnie nasze maszyny testuj\u0105ce zosta\u0142y sprzedane do ponad 80 kraj\u00f3w, takich jak Ameryka, Kanada, Rosja, Wielka Brytania, W\u0142ochy, Niemcy, Europa, Indie, Pakistan, Filipiny, Singapur, Malezja, Tajlandia, Wietnam, Korea, Arabia Saudyjska, Brazylia... i tak dalej.<br \/>\n<strong>6. Jak wygl\u0105da gwarancja na urz\u0105dzenie?<\/strong><br \/>\nOg\u00f3lnie nasza gwarancja wynosi 2 lata. W okresie gwarancyjnym mo\u017cemy zaoferowa\u0107 wsparcie techniczne i wymian\u0119 cz\u0119\u015bci, koniecznie nasi in\u017cynierowie mog\u0105 uda\u0107 si\u0119 na miejsce, aby zapewni\u0107 lepsz\u0105 obs\u0142ug\u0119.<br \/>\n<strong>7. Co z opakowaniem urz\u0105dzenia, czy jest ono bezpiecznie chronione podczas transportu?<\/strong><br \/>\nNasza maszyna jest zapakowana w standardowe drewniane pude\u0142ko eksportowe, nie zostanie uszkodzona. Dostarczyli\u015bmy wiele maszyn testowych za granic\u0119 drog\u0105 morsk\u0105 lub lotnicz\u0105 bez uszkodze\u0144.<br \/>\n<strong>8. Jak wygl\u0105da proces sk\u0142adania zam\u00f3wienia?<\/strong><br \/>\nZapytanie ofertowe - wycena - komunikacja - potwierdzenie zam\u00f3wienia - wp\u0142ata depozytu - produkcja - testowanie i debugowanie - p\u0142atno\u015b\u0107 salda - pakowanie - dostawa - odbi\u00f3r przez klienta - obs\u0142uga posprzeda\u017cna.<br \/>\n<strong>9. Jak zainstalowa\u0107 i korzysta\u0107 z produktu?<\/strong><br \/>\nProdukt jest dostarczany z instrukcj\u0105 obs\u0142ugi i filmem wideo w wersji angielskiej.<\/p>\n<p><span style=\"background-color: rgba(255, 255, 255, 0); color: var(--body_typography-color); font-family: var(--body_typography-font-family); font-size: var(--body_typography-font-size); font-style: var(--body_typography-font-style,normal); font-weight: var(--body_typography-font-weight); letter-spacing: var(--body_typography-letter-spacing);\">WhatsApp\/Wechat: +86 13075286997<\/span><\/p>\n<p>E-mail: sales@vazub.com<\/p>\n\n<div class=\"wpcf7 no-js\" id=\"wpcf7-f106-o1\" lang=\"en-US\" dir=\"ltr\" data-wpcf7-id=\"106\">\n<div class=\"screen-reader-response\"><p role=\"status\" aria-live=\"polite\" aria-atomic=\"true\"><\/p> <ul><\/ul><\/div>\n<form action=\"\/pl\/wp-json\/wp\/v2\/pages\/97#wpcf7-f106-o1\" method=\"post\" class=\"wpcf7-form init\" aria-label=\"Formularz kontaktowy\" novalidate=\"novalidate\" data-status=\"init\" data-trp-original-action=\"\/pl\/wp-json\/wp\/v2\/pages\/97#wpcf7-f106-o1\">\n<fieldset class=\"hidden-fields-container\"><input type=\"hidden\" name=\"_wpcf7\" value=\"106\" \/><input type=\"hidden\" name=\"_wpcf7_version\" value=\"6.1.2\" \/><input type=\"hidden\" name=\"_wpcf7_locale\" value=\"en_US\" \/><input type=\"hidden\" name=\"_wpcf7_unit_tag\" value=\"wpcf7-f106-o1\" \/><input type=\"hidden\" name=\"_wpcf7_container_post\" value=\"0\" \/><input type=\"hidden\" name=\"_wpcf7_posted_data_hash\" value=\"\" \/>\n<\/fieldset>\n<p><label> Nazwa<br \/>\n<span class=\"wpcf7-form-control-wrap\" data-name=\"your-name\"><input size=\"40\" maxlength=\"400\" class=\"wpcf7-form-control wpcf7-text wpcf7-validates-as-required\" aria-required=\"true\" aria-invalid=\"false\" value=\"\" type=\"text\" name=\"your-name\" \/><\/span> <\/label>\n<\/p>\n<p><label> E-mail<br \/>\n<span class=\"wpcf7-form-control-wrap\" data-name=\"your-email\"><input size=\"40\" maxlength=\"400\" class=\"wpcf7-form-control wpcf7-email wpcf7-validates-as-required wpcf7-text wpcf7-validates-as-email\" aria-required=\"true\" aria-invalid=\"false\" value=\"\" type=\"email\" name=\"your-email\" \/><\/span> <\/label>\n<\/p>\n<p><label> Telefon<br \/>\n<span class=\"wpcf7-form-control-wrap\" data-name=\"your-phone\"><input size=\"40\" maxlength=\"400\" class=\"wpcf7-form-control wpcf7-text wpcf7-validates-as-required\" aria-required=\"true\" aria-invalid=\"false\" value=\"\" type=\"text\" name=\"your-phone\" \/><\/span> <\/label>\n<\/p>\n<p><label> Wiadomo\u015b\u0107<br \/>\n<span class=\"wpcf7-form-control-wrap\" data-name=\"your-message\"><textarea cols=\"40\" rows=\"10\" maxlength=\"2000\" class=\"wpcf7-form-control wpcf7-textarea\" aria-invalid=\"false\" name=\"your-message\"><\/textarea><\/span> <\/label>\n<\/p>\n<p><input class=\"wpcf7-form-control wpcf7-submit has-spinner\" type=\"submit\" value=\"Wy\u015blij zapytanie\" \/>\n<\/p><p style=\"display: none !important;\" class=\"akismet-fields-container\" data-prefix=\"_wpcf7_ak_\"><label>&#916;<textarea name=\"_wpcf7_ak_hp_textarea\" cols=\"45\" rows=\"8\" maxlength=\"100\"><\/textarea><\/label><input type=\"hidden\" id=\"ak_js_1\" name=\"_wpcf7_ak_js\" value=\"142\"\/><script>document.getElementById( \"ak_js_1\" ).setAttribute( \"value\", ( new Date() ).getTime() );<\/script><\/p><div class=\"fusion-alert alert custom alert-custom fusion-alert-center wpcf7-response-output awb-alert-native-link-color alert-dismissable awb-alert-close-boxed\" style=\"--awb-border-size:1px;--awb-border-top-left-radius:0px;--awb-border-top-right-radius:0px;--awb-border-bottom-left-radius:0px;--awb-border-bottom-right-radius:0px;\" role=\"alert\"><div class=\"fusion-alert-content-wrapper\"><span class=\"fusion-alert-content\"><\/span><\/div><button type=\"button\" class=\"close toggle-alert\" data-dismiss=\"alert\" aria-label=\"Zamknij\">\u00d7<\/button><\/div>\n<input type=\"hidden\" name=\"trp-form-language\" value=\"pl\"\/><\/form>\n<\/div>","protected":false},"excerpt":{"rendered":"<p>Vazub Instrument Factory Vazub is a manufacturer with 21 years  [&#8230;]<\/p>","protected":false},"author":1,"featured_media":0,"parent":0,"menu_order":0,"comment_status":"closed","ping_status":"closed","template":"","meta":{"_joinchat":[],"footnotes":""},"class_list":["post-97","page","type-page","status-publish","hentry"],"jetpack_sharing_enabled":true,"_links":{"self":[{"href":"https:\/\/vazub.com\/pl\/wp-json\/wp\/v2\/pages\/97","targetHints":{"allow":["GET"]}}],"collection":[{"href":"https:\/\/vazub.com\/pl\/wp-json\/wp\/v2\/pages"}],"about":[{"href":"https:\/\/vazub.com\/pl\/wp-json\/wp\/v2\/types\/page"}],"author":[{"embeddable":true,"href":"https:\/\/vazub.com\/pl\/wp-json\/wp\/v2\/users\/1"}],"replies":[{"embeddable":true,"href":"https:\/\/vazub.com\/pl\/wp-json\/wp\/v2\/comments?post=97"}],"version-history":[{"count":12,"href":"https:\/\/vazub.com\/pl\/wp-json\/wp\/v2\/pages\/97\/revisions"}],"predecessor-version":[{"id":189,"href":"https:\/\/vazub.com\/pl\/wp-json\/wp\/v2\/pages\/97\/revisions\/189"}],"wp:attachment":[{"href":"https:\/\/vazub.com\/pl\/wp-json\/wp\/v2\/media?parent=97"}],"curies":[{"name":"wp","href":"https:\/\/api.w.org\/{rel}","templated":true}]}}