{"id":97,"date":"2024-06-22T11:19:16","date_gmt":"2024-06-22T11:19:16","guid":{"rendered":"https:\/\/vazub.com\/?page_id=97"},"modified":"2024-07-03T09:03:30","modified_gmt":"2024-07-03T09:03:30","slug":"sobre-a-vazub","status":"publish","type":"page","link":"https:\/\/vazub.com\/pt\/sobre-a-vazub\/","title":{"rendered":"Sobre a Vazub"},"content":{"rendered":"<h2 class=\"fusion-responsive-typography-calculated\" style=\"text-align: center; --fontsize: 40; line-height: 1.2;\" data-fontsize=\"40\" data-lineheight=\"48px\"><strong>F\u00e1brica de instrumentos Vazub<\/strong><\/h2>\n<p>A Vazub \u00e9 um fabricante com 21 anos de experi\u00eancia em pesquisa e desenvolvimento, projeto e produ\u00e7\u00e3o de m\u00e1quinas de teste. A empresa tem vasta experi\u00eancia e coopera com empresas nacionais e estrangeiras de renome. Seus produtos s\u00e3o exportados para muitos pa\u00edses e regi\u00f5es. Os produtos atendem aos padr\u00f5es da ISO, AATCC, ASTM, DIN, EN, GB, BS, JIS, ANSI, UL, TAPPI, IEC, VDE... Todos est\u00e3o dispon\u00edveis. Os produtos s\u00e3o amplamente utilizados em: unidades de pesquisa cient\u00edfica, institui\u00e7\u00f5es de inspe\u00e7\u00e3o de qualidade, faculdades e universidades, bem como em aparelhos eletr\u00f4nicos, revestimentos, bolsas, adesivos, telefones celulares, t\u00eaxteis, brinquedos, borracha, pl\u00e1sticos, metais, fios e cabos, cal\u00e7ados, couro, embalagens, materiais de constru\u00e7\u00e3o, petroqu\u00edmica, avia\u00e7\u00e3o... e outros setores. Eles s\u00e3o essenciais para o desenvolvimento de materiais, testes de propriedades f\u00edsicas, pesquisa de ensino, gerenciamento de qualidade e inspe\u00e7\u00e3o de materiais recebidos.<\/p>\n<p><img fetchpriority=\"high\" decoding=\"async\" class=\"alignnone wp-image-167 size-full\" src=\"https:\/\/vazub.com\/wp-content\/uploads\/2024\/06\/Vazub-70\u2103150\u2103-Laboratory-Simulated-Climate-Programmable-Temperature-And-Humidity-Control-Testing-Climate-Chamber-Manufacturer-11.jpg\" alt=\"Vazub -70\u2103~+150\u2103 C\u00e2mara clim\u00e1tica de teste com controle program\u00e1vel de temperatura e umidade para simula\u00e7\u00e3o de clima de laborat\u00f3rio Fabricante\" width=\"750\" height=\"1264\" srcset=\"https:\/\/vazub.com\/wp-content\/uploads\/2024\/06\/Vazub-70\u2103150\u2103-Laboratory-Simulated-Climate-Programmable-Temperature-And-Humidity-Control-Testing-Climate-Chamber-Manufacturer-11-7x12.jpg 7w, https:\/\/vazub.com\/wp-content\/uploads\/2024\/06\/Vazub-70\u2103150\u2103-Laboratory-Simulated-Climate-Programmable-Temperature-And-Humidity-Control-Testing-Climate-Chamber-Manufacturer-11-178x300.jpg 178w, https:\/\/vazub.com\/wp-content\/uploads\/2024\/06\/Vazub-70\u2103150\u2103-Laboratory-Simulated-Climate-Programmable-Temperature-And-Humidity-Control-Testing-Climate-Chamber-Manufacturer-11-200x337.jpg 200w, https:\/\/vazub.com\/wp-content\/uploads\/2024\/06\/Vazub-70\u2103150\u2103-Laboratory-Simulated-Climate-Programmable-Temperature-And-Humidity-Control-Testing-Climate-Chamber-Manufacturer-11-400x674.jpg 400w, https:\/\/vazub.com\/wp-content\/uploads\/2024\/06\/Vazub-70\u2103150\u2103-Laboratory-Simulated-Climate-Programmable-Temperature-And-Humidity-Control-Testing-Climate-Chamber-Manufacturer-11-500x843.jpg 500w, https:\/\/vazub.com\/wp-content\/uploads\/2024\/06\/Vazub-70\u2103150\u2103-Laboratory-Simulated-Climate-Programmable-Temperature-And-Humidity-Control-Testing-Climate-Chamber-Manufacturer-11-600x1011.jpg 600w, https:\/\/vazub.com\/wp-content\/uploads\/2024\/06\/Vazub-70\u2103150\u2103-Laboratory-Simulated-Climate-Programmable-Temperature-And-Humidity-Control-Testing-Climate-Chamber-Manufacturer-11-608x1024.jpg 608w, https:\/\/vazub.com\/wp-content\/uploads\/2024\/06\/Vazub-70\u2103150\u2103-Laboratory-Simulated-Climate-Programmable-Temperature-And-Humidity-Control-Testing-Climate-Chamber-Manufacturer-11-700x1180.jpg 700w, https:\/\/vazub.com\/wp-content\/uploads\/2024\/06\/Vazub-70\u2103150\u2103-Laboratory-Simulated-Climate-Programmable-Temperature-And-Humidity-Control-Testing-Climate-Chamber-Manufacturer-11.jpg 750w\" sizes=\"(max-width: 750px) 100vw, 750px\" \/><\/p>\n<p>A Vazub estabelecer\u00e1 uma rede profissional de P&amp;D que abranja a \u00c1sia, a Am\u00e9rica e a Europa, estabelecer\u00e1 e aprimorar\u00e1 mecanismos de inova\u00e7\u00e3o e plataformas de gerenciamento de propriedade intelectual, lan\u00e7ar\u00e1 as bases para o desenvolvimento da empresa e se tornar\u00e1 pioneira em empresas nacionais cujos produtos s\u00e3o populares em todo o mundo. Desde a sua funda\u00e7\u00e3o, a empresa tem adotado firmemente a qualidade como o n\u00facleo, o design de apar\u00eancia requintada como o centro e um esp\u00edrito de trabalho s\u00e9rio e pragm\u00e1tico para atender melhor aos clientes e conquistar uma boa reputa\u00e7\u00e3o. Continuaremos a aderir ao princ\u00edpio de \"gest\u00e3o honesta\", \"qualidade em primeiro lugar\" e servi\u00e7o em primeiro lugar, projetar produtos com ideias e tecnologias inovadoras, garantir excelente qualidade, pre\u00e7os razo\u00e1veis e uma rede de servi\u00e7os completa, al\u00e9m de fornecer servi\u00e7os profissionais, ideais e eficientes para clientes novos e antigos.<\/p>\n<p><img decoding=\"async\" class=\"alignnone wp-image-141 size-full\" src=\"https:\/\/vazub.com\/wp-content\/uploads\/2024\/06\/About-Vazub-Instrument-Factory-4.jpg\" alt=\"Sobre a Vazub Instrument Factory\" width=\"1200\" height=\"600\" srcset=\"https:\/\/vazub.com\/wp-content\/uploads\/2024\/06\/About-Vazub-Instrument-Factory-4-18x9.jpg 18w, https:\/\/vazub.com\/wp-content\/uploads\/2024\/06\/About-Vazub-Instrument-Factory-4-200x100.jpg 200w, https:\/\/vazub.com\/wp-content\/uploads\/2024\/06\/About-Vazub-Instrument-Factory-4-300x150.jpg 300w, https:\/\/vazub.com\/wp-content\/uploads\/2024\/06\/About-Vazub-Instrument-Factory-4-400x200.jpg 400w, https:\/\/vazub.com\/wp-content\/uploads\/2024\/06\/About-Vazub-Instrument-Factory-4-500x250.jpg 500w, https:\/\/vazub.com\/wp-content\/uploads\/2024\/06\/About-Vazub-Instrument-Factory-4-600x300.jpg 600w, https:\/\/vazub.com\/wp-content\/uploads\/2024\/06\/About-Vazub-Instrument-Factory-4-700x350.jpg 700w, https:\/\/vazub.com\/wp-content\/uploads\/2024\/06\/About-Vazub-Instrument-Factory-4-768x384.jpg 768w, https:\/\/vazub.com\/wp-content\/uploads\/2024\/06\/About-Vazub-Instrument-Factory-4-800x400.jpg 800w, https:\/\/vazub.com\/wp-content\/uploads\/2024\/06\/About-Vazub-Instrument-Factory-4-1024x512.jpg 1024w, https:\/\/vazub.com\/wp-content\/uploads\/2024\/06\/About-Vazub-Instrument-Factory-4.jpg 1200w\" sizes=\"(max-width: 1200px) 100vw, 1200px\" \/><\/p>\n<p>Valores da empresa Vazub: gratid\u00e3o, integridade, qualidade, inova\u00e7\u00e3o e ganho m\u00fatuo. | Vis\u00e3o (miss\u00e3o): Tornar-se um fabricante influente de equipamentos de teste e oferecer aos clientes solu\u00e7\u00f5es e servi\u00e7os completos. | Filosofia da empresa Valores essenciais (tr\u00eas cria\u00e7\u00f5es): Criar competitividade para os clientes e alcan\u00e7ar a satisfa\u00e7\u00e3o do cliente; criar desenvolvimento para os funcion\u00e1rios e refletir o valor do funcion\u00e1rio; criar lucros para a empresa e garantir a opera\u00e7\u00e3o sustent\u00e1vel da empresa.<\/p>\n<p><img decoding=\"async\" class=\"alignnone wp-image-140 size-full\" src=\"https:\/\/vazub.com\/wp-content\/uploads\/2024\/06\/About-Vazub-Instrument-Factory-3.jpg\" alt=\"Sobre a Vazub Instrument Factory\" width=\"1200\" height=\"550\" srcset=\"https:\/\/vazub.com\/wp-content\/uploads\/2024\/06\/About-Vazub-Instrument-Factory-3-18x8.jpg 18w, https:\/\/vazub.com\/wp-content\/uploads\/2024\/06\/About-Vazub-Instrument-Factory-3-200x92.jpg 200w, https:\/\/vazub.com\/wp-content\/uploads\/2024\/06\/About-Vazub-Instrument-Factory-3-300x138.jpg 300w, https:\/\/vazub.com\/wp-content\/uploads\/2024\/06\/About-Vazub-Instrument-Factory-3-400x183.jpg 400w, https:\/\/vazub.com\/wp-content\/uploads\/2024\/06\/About-Vazub-Instrument-Factory-3-500x229.jpg 500w, https:\/\/vazub.com\/wp-content\/uploads\/2024\/06\/About-Vazub-Instrument-Factory-3-600x275.jpg 600w, https:\/\/vazub.com\/wp-content\/uploads\/2024\/06\/About-Vazub-Instrument-Factory-3-700x321.jpg 700w, https:\/\/vazub.com\/wp-content\/uploads\/2024\/06\/About-Vazub-Instrument-Factory-3-768x352.jpg 768w, https:\/\/vazub.com\/wp-content\/uploads\/2024\/06\/About-Vazub-Instrument-Factory-3-800x367.jpg 800w, https:\/\/vazub.com\/wp-content\/uploads\/2024\/06\/About-Vazub-Instrument-Factory-3-1024x469.jpg 1024w, https:\/\/vazub.com\/wp-content\/uploads\/2024\/06\/About-Vazub-Instrument-Factory-3.jpg 1200w\" sizes=\"(max-width: 1200px) 100vw, 1200px\" \/><\/p>\n<p><img loading=\"lazy\" decoding=\"async\" class=\"alignnone wp-image-139 size-full\" src=\"https:\/\/vazub.com\/wp-content\/uploads\/2024\/06\/About-Vazub-Instrument-Factory-2.jpg\" alt=\"Sobre a Vazub Instrument Factory\" width=\"1200\" height=\"1215\" srcset=\"https:\/\/vazub.com\/wp-content\/uploads\/2024\/06\/About-Vazub-Instrument-Factory-2-12x12.jpg 12w, https:\/\/vazub.com\/wp-content\/uploads\/2024\/06\/About-Vazub-Instrument-Factory-2-66x66.jpg 66w, https:\/\/vazub.com\/wp-content\/uploads\/2024\/06\/About-Vazub-Instrument-Factory-2-200x203.jpg 200w, https:\/\/vazub.com\/wp-content\/uploads\/2024\/06\/About-Vazub-Instrument-Factory-2-296x300.jpg 296w, https:\/\/vazub.com\/wp-content\/uploads\/2024\/06\/About-Vazub-Instrument-Factory-2-400x405.jpg 400w, https:\/\/vazub.com\/wp-content\/uploads\/2024\/06\/About-Vazub-Instrument-Factory-2-500x506.jpg 500w, https:\/\/vazub.com\/wp-content\/uploads\/2024\/06\/About-Vazub-Instrument-Factory-2-600x608.jpg 600w, https:\/\/vazub.com\/wp-content\/uploads\/2024\/06\/About-Vazub-Instrument-Factory-2-700x709.jpg 700w, https:\/\/vazub.com\/wp-content\/uploads\/2024\/06\/About-Vazub-Instrument-Factory-2-768x778.jpg 768w, https:\/\/vazub.com\/wp-content\/uploads\/2024\/06\/About-Vazub-Instrument-Factory-2-800x810.jpg 800w, https:\/\/vazub.com\/wp-content\/uploads\/2024\/06\/About-Vazub-Instrument-Factory-2-1011x1024.jpg 1011w, https:\/\/vazub.com\/wp-content\/uploads\/2024\/06\/About-Vazub-Instrument-Factory-2.jpg 1200w\" sizes=\"(max-width: 1200px) 100vw, 1200px\" \/><\/p>\n<p><img loading=\"lazy\" decoding=\"async\" class=\"alignnone wp-image-142 size-full\" src=\"https:\/\/vazub.com\/wp-content\/uploads\/2024\/06\/About-Vazub-Instrument-Factory-5.jpg\" alt=\"Sobre a Vazub Instrument Factory\" width=\"2048\" height=\"1024\" srcset=\"https:\/\/vazub.com\/wp-content\/uploads\/2024\/06\/About-Vazub-Instrument-Factory-5-18x9.jpg 18w, https:\/\/vazub.com\/wp-content\/uploads\/2024\/06\/About-Vazub-Instrument-Factory-5-200x100.jpg 200w, https:\/\/vazub.com\/wp-content\/uploads\/2024\/06\/About-Vazub-Instrument-Factory-5-300x150.jpg 300w, https:\/\/vazub.com\/wp-content\/uploads\/2024\/06\/About-Vazub-Instrument-Factory-5-400x200.jpg 400w, https:\/\/vazub.com\/wp-content\/uploads\/2024\/06\/About-Vazub-Instrument-Factory-5-500x250.jpg 500w, https:\/\/vazub.com\/wp-content\/uploads\/2024\/06\/About-Vazub-Instrument-Factory-5-600x300.jpg 600w, https:\/\/vazub.com\/wp-content\/uploads\/2024\/06\/About-Vazub-Instrument-Factory-5-700x350.jpg 700w, https:\/\/vazub.com\/wp-content\/uploads\/2024\/06\/About-Vazub-Instrument-Factory-5-768x384.jpg 768w, https:\/\/vazub.com\/wp-content\/uploads\/2024\/06\/About-Vazub-Instrument-Factory-5-800x400.jpg 800w, https:\/\/vazub.com\/wp-content\/uploads\/2024\/06\/About-Vazub-Instrument-Factory-5-1024x512.jpg 1024w, https:\/\/vazub.com\/wp-content\/uploads\/2024\/06\/About-Vazub-Instrument-Factory-5-1200x600.jpg 1200w, https:\/\/vazub.com\/wp-content\/uploads\/2024\/06\/About-Vazub-Instrument-Factory-5-1536x768.jpg 1536w, https:\/\/vazub.com\/wp-content\/uploads\/2024\/06\/About-Vazub-Instrument-Factory-5.jpg 2048w\" sizes=\"(max-width: 2048px) 100vw, 2048px\" \/><\/p>\n<h2 class=\"fusion-responsive-typography-calculated\" style=\"--fontsize: 40; line-height: 1.2;\" data-fontsize=\"40\" data-lineheight=\"48px\"><strong>Vazub <\/strong><strong>PERGUNTAS FREQUENTES<\/strong><\/h2>\n<p><strong>1. Como escolher o equipamento mec\u00e2nico mais adequado?<\/strong><br \/>\nNossa equipe de profissionais lhe dar\u00e1 a melhor sugest\u00e3o, desde que voc\u00ea nos informe o tipo de teste que precisa fazer e a especifica\u00e7\u00e3o necess\u00e1ria.<br \/>\n<strong>2. Qual \u00e9 o prazo de entrega?<\/strong><br \/>\nNa maioria das vezes, temos estoque em nossa f\u00e1brica. Se n\u00e3o houver estoque, normalmente, o prazo de entrega \u00e9 de 15 a 20 dias \u00fateis ap\u00f3s o recebimento do dep\u00f3sito. Se a sua necessidade for urgente, podemos considerar a possibilidade de fazer arranjos especiais para voc\u00ea.<br \/>\n<strong>3. Voc\u00eas aceitam servi\u00e7os de personaliza\u00e7\u00e3o?<\/strong><br \/>\nSim, \u00e9 claro, podemos oferecer n\u00e3o apenas m\u00e1quinas padr\u00e3o, mas tamb\u00e9m m\u00e1quinas personalizadas<br \/>\nde acordo com sua solicita\u00e7\u00e3o. N\u00e3o hesite em nos informar seus requisitos, faremos o poss\u00edvel para atender \u00e0s suas necessidades.<br \/>\n<strong>4. Podemos visitar sua f\u00e1brica antes de fazer o pedido?<\/strong><br \/>\nSim, damos as boas-vindas e convidamos voc\u00ea ou sua equipe a visitar nossa f\u00e1brica<br \/>\n<strong>5. Voc\u00ea j\u00e1 teve clientes em nosso pa\u00eds antes?<\/strong><br \/>\nAtualmente, as nossas m\u00e1quinas de teste foram vendidas para mais de 80 pa\u00edses, como Estados Unidos, Canad\u00e1, R\u00fassia, Reino Unido, It\u00e1lia, Alemanha, Europa, \u00cdndia, Paquist\u00e3o, Filipinas, Cingapura, Mal\u00e1sia, Tail\u00e2ndia, Vietn\u00e3, Coreia, Ar\u00e1bia Saudita, Brasil e assim por diante.<br \/>\n<strong>6. Como est\u00e1 a garantia de sua m\u00e1quina?<\/strong><br \/>\nEm geral, nossa garantia \u00e9 de 2 anos. Dentro do per\u00edodo de garantia, podemos oferecer suporte t\u00e9cnico e troca de pe\u00e7as; necessariamente, nossos engenheiros podem ir at\u00e9 a sua casa para melhorar o servi\u00e7o.<br \/>\n<strong>7. Como \u00e9 a embalagem da m\u00e1quina? Ela est\u00e1 protegida com seguran\u00e7a durante o transporte?<\/strong><br \/>\nNossa m\u00e1quina \u00e9 embalada em uma caixa de madeira padr\u00e3o para exporta\u00e7\u00e3o e n\u00e3o sofrer\u00e1 danos. J\u00e1 entregamos muitas m\u00e1quinas de teste no exterior por via mar\u00edtima ou a\u00e9rea sem danos.<br \/>\n<strong>8. Qual \u00e9 o processo de pedido?<\/strong><br \/>\nConsulta - cota\u00e7\u00e3o - comunica\u00e7\u00e3o - confirma\u00e7\u00e3o do pedido - pagamento do dep\u00f3sito - produ\u00e7\u00e3o - teste e depura\u00e7\u00e3o - pagamento do saldo - embalagem - entrega - recebimento do cliente - servi\u00e7o p\u00f3s-venda.<br \/>\n<strong>9. Como instalar e usar o produto?<\/strong><br \/>\nO produto \u00e9 fornecido com instru\u00e7\u00f5es de opera\u00e7\u00e3o e um v\u00eddeo da vers\u00e3o em ingl\u00eas.<\/p>\n<p><span style=\"background-color: rgba(255, 255, 255, 0); color: var(--body_typography-color); font-family: var(--body_typography-font-family); font-size: var(--body_typography-font-size); font-style: var(--body_typography-font-style,normal); font-weight: var(--body_typography-font-weight); letter-spacing: var(--body_typography-letter-spacing);\">WhatsApp\/Wechat: +86 13075286997<\/span><\/p>\n<p>E-mail: sales@vazub.com<\/p>\n\n<div class=\"wpcf7 no-js\" id=\"wpcf7-f106-o1\" lang=\"en-US\" dir=\"ltr\" data-wpcf7-id=\"106\">\n<div class=\"screen-reader-response\"><p role=\"status\" aria-live=\"polite\" aria-atomic=\"true\"><\/p> <ul><\/ul><\/div>\n<form action=\"\/pt\/wp-json\/wp\/v2\/pages\/97#wpcf7-f106-o1\" method=\"post\" class=\"wpcf7-form init\" aria-label=\"Formul\u00e1rio de contato\" novalidate=\"novalidate\" data-status=\"init\" data-trp-original-action=\"\/pt\/wp-json\/wp\/v2\/pages\/97#wpcf7-f106-o1\">\n<fieldset class=\"hidden-fields-container\"><input type=\"hidden\" name=\"_wpcf7\" value=\"106\" \/><input type=\"hidden\" name=\"_wpcf7_version\" value=\"6.1.2\" \/><input type=\"hidden\" name=\"_wpcf7_locale\" value=\"en_US\" \/><input type=\"hidden\" name=\"_wpcf7_unit_tag\" value=\"wpcf7-f106-o1\" \/><input type=\"hidden\" name=\"_wpcf7_container_post\" value=\"0\" \/><input type=\"hidden\" name=\"_wpcf7_posted_data_hash\" value=\"\" \/>\n<\/fieldset>\n<p><label> Nome<br \/>\n<span class=\"wpcf7-form-control-wrap\" data-name=\"your-name\"><input size=\"40\" maxlength=\"400\" class=\"wpcf7-form-control wpcf7-text wpcf7-validates-as-required\" aria-required=\"true\" aria-invalid=\"false\" value=\"\" type=\"text\" name=\"your-name\" \/><\/span> <\/label>\n<\/p>\n<p><label> E-mail<br \/>\n<span class=\"wpcf7-form-control-wrap\" data-name=\"your-email\"><input size=\"40\" maxlength=\"400\" class=\"wpcf7-form-control wpcf7-email wpcf7-validates-as-required wpcf7-text wpcf7-validates-as-email\" aria-required=\"true\" aria-invalid=\"false\" value=\"\" type=\"email\" name=\"your-email\" \/><\/span> <\/label>\n<\/p>\n<p><label> Telefone<br \/>\n<span class=\"wpcf7-form-control-wrap\" data-name=\"your-phone\"><input size=\"40\" maxlength=\"400\" class=\"wpcf7-form-control wpcf7-text wpcf7-validates-as-required\" aria-required=\"true\" aria-invalid=\"false\" value=\"\" type=\"text\" name=\"your-phone\" \/><\/span> <\/label>\n<\/p>\n<p><label> Mensagem<br \/>\n<span class=\"wpcf7-form-control-wrap\" data-name=\"your-message\"><textarea cols=\"40\" rows=\"10\" maxlength=\"2000\" class=\"wpcf7-form-control wpcf7-textarea\" aria-invalid=\"false\" name=\"your-message\"><\/textarea><\/span> <\/label>\n<\/p>\n<p><input class=\"wpcf7-form-control wpcf7-submit has-spinner\" type=\"submit\" value=\"Envie sua consulta\" \/>\n<\/p><p style=\"display: none !important;\" class=\"akismet-fields-container\" data-prefix=\"_wpcf7_ak_\"><label>&#916;<textarea name=\"_wpcf7_ak_hp_textarea\" cols=\"45\" rows=\"8\" maxlength=\"100\"><\/textarea><\/label><input type=\"hidden\" id=\"ak_js_1\" name=\"_wpcf7_ak_js\" value=\"77\"\/><script>document.getElementById( \"ak_js_1\" ).setAttribute( \"value\", ( new Date() ).getTime() );<\/script><\/p><div class=\"fusion-alert alert custom alert-custom fusion-alert-center wpcf7-response-output awb-alert-native-link-color alert-dismissable awb-alert-close-boxed\" style=\"--awb-border-size:1px;--awb-border-top-left-radius:0px;--awb-border-top-right-radius:0px;--awb-border-bottom-left-radius:0px;--awb-border-bottom-right-radius:0px;\" role=\"alert\"><div class=\"fusion-alert-content-wrapper\"><span class=\"fusion-alert-content\"><\/span><\/div><button type=\"button\" class=\"close toggle-alert\" data-dismiss=\"alert\" aria-label=\"Fechar\">\u00d7<\/button><\/div>\n<input type=\"hidden\" name=\"trp-form-language\" value=\"pt\"\/><\/form>\n<\/div>","protected":false},"excerpt":{"rendered":"<p>Vazub Instrument Factory Vazub is a manufacturer with 21 years  [&#8230;]<\/p>","protected":false},"author":1,"featured_media":0,"parent":0,"menu_order":0,"comment_status":"closed","ping_status":"closed","template":"","meta":{"_joinchat":[],"footnotes":""},"class_list":["post-97","page","type-page","status-publish","hentry"],"jetpack_sharing_enabled":true,"_links":{"self":[{"href":"https:\/\/vazub.com\/pt\/wp-json\/wp\/v2\/pages\/97","targetHints":{"allow":["GET"]}}],"collection":[{"href":"https:\/\/vazub.com\/pt\/wp-json\/wp\/v2\/pages"}],"about":[{"href":"https:\/\/vazub.com\/pt\/wp-json\/wp\/v2\/types\/page"}],"author":[{"embeddable":true,"href":"https:\/\/vazub.com\/pt\/wp-json\/wp\/v2\/users\/1"}],"replies":[{"embeddable":true,"href":"https:\/\/vazub.com\/pt\/wp-json\/wp\/v2\/comments?post=97"}],"version-history":[{"count":12,"href":"https:\/\/vazub.com\/pt\/wp-json\/wp\/v2\/pages\/97\/revisions"}],"predecessor-version":[{"id":189,"href":"https:\/\/vazub.com\/pt\/wp-json\/wp\/v2\/pages\/97\/revisions\/189"}],"wp:attachment":[{"href":"https:\/\/vazub.com\/pt\/wp-json\/wp\/v2\/media?parent=97"}],"curies":[{"name":"wp","href":"https:\/\/api.w.org\/{rel}","templated":true}]}}