{"id":97,"date":"2024-06-22T11:19:16","date_gmt":"2024-06-22T11:19:16","guid":{"rendered":"https:\/\/vazub.com\/?page_id=97"},"modified":"2024-07-03T09:03:30","modified_gmt":"2024-07-03T09:03:30","slug":"despre-vazub","status":"publish","type":"page","link":"https:\/\/vazub.com\/ro\/despre-vazub\/","title":{"rendered":"Despre Vazub"},"content":{"rendered":"<h2 class=\"fusion-responsive-typography-calculated\" style=\"text-align: center; --fontsize: 40; line-height: 1.2;\" data-fontsize=\"40\" data-lineheight=\"48px\"><strong>Fabrica de instrumente Vazub<\/strong><\/h2>\n<p>Vazub este un produc\u0103tor cu 21 de ani de experien\u021b\u0103 \u00een cercetarea \u0219i dezvoltarea, proiectarea \u0219i produc\u021bia de ma\u0219ini de testare. Are o experien\u021b\u0103 bogat\u0103 \u0219i coopereaz\u0103 cu renumite companii na\u021bionale \u0219i str\u0103ine. Produsele sale sunt exportate \u00een multe \u021b\u0103ri \u0219i regiuni. Produsele \u00eendeplinesc standardele ISO, AATCC, ASTM, DIN, EN, GB, BS, JIS, ANSI, UL, TAPPI, IEC, VDE... Toate sunt disponibile. Produsele sunt utilizate pe scar\u0103 larg\u0103 \u00een: unit\u0103\u021bi de cercetare \u0219tiin\u021bific\u0103, institu\u021bii de inspec\u021bie a calit\u0103\u021bii, colegii \u0219i universit\u0103\u021bi, precum \u0219i \u00een aparate electronice, acoperiri, pungi, adezivi, telefoane mobile, textile, juc\u0103rii, cauciuc, materiale plastice, metale, fire \u0219i cabluri, \u00eenc\u0103l\u021b\u0103minte, piele, ambalaje, materiale de construc\u021bii, petrochimie, avia\u021bie... \u0219i alte industrii. Ele sunt esen\u021biale pentru dezvoltarea materialelor, testarea propriet\u0103\u021bilor fizice, cercetarea didactic\u0103, managementul calit\u0103\u021bii \u0219i inspec\u021bia materialelor primite.<\/p>\n<p><img fetchpriority=\"high\" decoding=\"async\" class=\"alignnone wp-image-167 size-full\" src=\"https:\/\/vazub.com\/wp-content\/uploads\/2024\/06\/Vazub-70 \u2103150 \u2103-Laborator-Simulated-Climate-Programmable-Temperatura-And-Humidity-Control-Testing-Climate-Chamber-Manufacturer-11.jpg\" alt=\"Vazub -70 \u2103 ~ 150 \u2103 laborator simulat climatice programabile temperatura \u0219i umiditatea de control de testare climatice Camera Producator\" width=\"750\" height=\"1264\" srcset=\"\" sizes=\"(max-width: 750px) 100vw, 750px\" data-srcset=\"\" \/><\/p>\n<p>Vazub va stabili o re\u021bea profesional\u0103 de cercetare \u0219i dezvoltare care s\u0103 acopere Asia, America \u0219i Europa, va stabili \u0219i \u00eembun\u0103t\u0103\u021bi mecanismele de inovare \u0219i platformele de gestionare a propriet\u0103\u021bii intelectuale, va pune bazele dezvolt\u0103rii companiei \u0219i va deveni un pionier \u00een \u00eentreprinderile na\u021bionale ale c\u0103ror produse sunt populare \u00een \u00eentreaga lume. De la \u00eenfiin\u021barea sa, compania a luat cu fermitate calitatea ca nucleu, designul aspectului rafinat ca centru \u0219i un spirit de lucru serios \u0219i pragmatic pentru a servi mai bine clien\u021bii \u0219i a c\u00e2\u0219tiga o bun\u0103 reputa\u021bie. Vom continua s\u0103 ader\u0103m la principiul \"management onest\", \"calitatea pe primul loc\" \u0219i serviciile pe primul loc, s\u0103 concepem produse cu idei \u0219i tehnologii inovatoare, s\u0103 asigur\u0103m o calitate excelent\u0103, pre\u021buri rezonabile \u0219i o re\u021bea complet\u0103 de servicii \u0219i s\u0103 oferim servicii profesionale, ideale \u0219i eficiente clien\u021bilor noi \u0219i vechi.<\/p>\n<p><img decoding=\"async\" class=\"alignnone wp-image-141 size-full\" src=\"https:\/\/vazub.com\/wp-content\/uploads\/2024\/06\/About-Vazub-Instrument-Factory-4.jpg\" alt=\"Despre Vazub Instrument Factory\" width=\"1200\" height=\"600\" srcset=\"https:\/\/vazub.com\/wp-content\/uploads\/2024\/06\/About-Vazub-Instrument-Factory-4-18x9.jpg 18w, https:\/\/vazub.com\/wp-content\/uploads\/2024\/06\/About-Vazub-Instrument-Factory-4-200x100.jpg 200w, https:\/\/vazub.com\/wp-content\/uploads\/2024\/06\/About-Vazub-Instrument-Factory-4-300x150.jpg 300w, https:\/\/vazub.com\/wp-content\/uploads\/2024\/06\/About-Vazub-Instrument-Factory-4-400x200.jpg 400w, https:\/\/vazub.com\/wp-content\/uploads\/2024\/06\/About-Vazub-Instrument-Factory-4-500x250.jpg 500w, https:\/\/vazub.com\/wp-content\/uploads\/2024\/06\/About-Vazub-Instrument-Factory-4-600x300.jpg 600w, https:\/\/vazub.com\/wp-content\/uploads\/2024\/06\/About-Vazub-Instrument-Factory-4-700x350.jpg 700w, https:\/\/vazub.com\/wp-content\/uploads\/2024\/06\/About-Vazub-Instrument-Factory-4-768x384.jpg 768w, https:\/\/vazub.com\/wp-content\/uploads\/2024\/06\/About-Vazub-Instrument-Factory-4-800x400.jpg 800w, https:\/\/vazub.com\/wp-content\/uploads\/2024\/06\/About-Vazub-Instrument-Factory-4-1024x512.jpg 1024w, https:\/\/vazub.com\/wp-content\/uploads\/2024\/06\/About-Vazub-Instrument-Factory-4.jpg 1200w\" sizes=\"(max-width: 1200px) 100vw, 1200px\" \/><\/p>\n<p>Valorile companiei Vazub: recuno\u0219tin\u021b\u0103, integritate, calitate, inova\u021bie \u0219i win-win. | Viziune (misiune): S\u0103 devin\u0103 un produc\u0103tor influent de echipamente de testare \u0219i s\u0103 ofere clien\u021bilor solu\u021bii \u0219i servicii unice. | Filosofia companiei Valori de baz\u0103 (trei crea\u021bii): Crearea competitivit\u0103\u021bii pentru clien\u021bi \u0219i ob\u021binerea satisfac\u021biei clien\u021bilor; crearea dezvolt\u0103rii pentru angaja\u021bi \u0219i reflectarea valorii angaja\u021bilor; crearea de profituri pentru companie \u0219i asigurarea func\u021bion\u0103rii durabile a companiei.<\/p>\n<p><img decoding=\"async\" class=\"alignnone wp-image-140 size-full\" src=\"https:\/\/vazub.com\/wp-content\/uploads\/2024\/06\/About-Vazub-Instrument-Factory-3.jpg\" alt=\"Despre Vazub Instrument Factory\" width=\"1200\" height=\"550\" srcset=\"https:\/\/vazub.com\/wp-content\/uploads\/2024\/06\/About-Vazub-Instrument-Factory-3-18x8.jpg 18w, https:\/\/vazub.com\/wp-content\/uploads\/2024\/06\/About-Vazub-Instrument-Factory-3-200x92.jpg 200w, https:\/\/vazub.com\/wp-content\/uploads\/2024\/06\/About-Vazub-Instrument-Factory-3-300x138.jpg 300w, https:\/\/vazub.com\/wp-content\/uploads\/2024\/06\/About-Vazub-Instrument-Factory-3-400x183.jpg 400w, https:\/\/vazub.com\/wp-content\/uploads\/2024\/06\/About-Vazub-Instrument-Factory-3-500x229.jpg 500w, https:\/\/vazub.com\/wp-content\/uploads\/2024\/06\/About-Vazub-Instrument-Factory-3-600x275.jpg 600w, https:\/\/vazub.com\/wp-content\/uploads\/2024\/06\/About-Vazub-Instrument-Factory-3-700x321.jpg 700w, https:\/\/vazub.com\/wp-content\/uploads\/2024\/06\/About-Vazub-Instrument-Factory-3-768x352.jpg 768w, https:\/\/vazub.com\/wp-content\/uploads\/2024\/06\/About-Vazub-Instrument-Factory-3-800x367.jpg 800w, https:\/\/vazub.com\/wp-content\/uploads\/2024\/06\/About-Vazub-Instrument-Factory-3-1024x469.jpg 1024w, https:\/\/vazub.com\/wp-content\/uploads\/2024\/06\/About-Vazub-Instrument-Factory-3.jpg 1200w\" sizes=\"(max-width: 1200px) 100vw, 1200px\" \/><\/p>\n<p><img loading=\"lazy\" decoding=\"async\" class=\"alignnone wp-image-139 size-full\" src=\"https:\/\/vazub.com\/wp-content\/uploads\/2024\/06\/About-Vazub-Instrument-Factory-2.jpg\" alt=\"Despre Vazub Instrument Factory\" width=\"1200\" height=\"1215\" srcset=\"https:\/\/vazub.com\/wp-content\/uploads\/2024\/06\/About-Vazub-Instrument-Factory-2-12x12.jpg 12w, https:\/\/vazub.com\/wp-content\/uploads\/2024\/06\/About-Vazub-Instrument-Factory-2-66x66.jpg 66w, https:\/\/vazub.com\/wp-content\/uploads\/2024\/06\/About-Vazub-Instrument-Factory-2-200x203.jpg 200w, https:\/\/vazub.com\/wp-content\/uploads\/2024\/06\/About-Vazub-Instrument-Factory-2-296x300.jpg 296w, https:\/\/vazub.com\/wp-content\/uploads\/2024\/06\/About-Vazub-Instrument-Factory-2-400x405.jpg 400w, https:\/\/vazub.com\/wp-content\/uploads\/2024\/06\/About-Vazub-Instrument-Factory-2-500x506.jpg 500w, https:\/\/vazub.com\/wp-content\/uploads\/2024\/06\/About-Vazub-Instrument-Factory-2-600x608.jpg 600w, https:\/\/vazub.com\/wp-content\/uploads\/2024\/06\/About-Vazub-Instrument-Factory-2-700x709.jpg 700w, https:\/\/vazub.com\/wp-content\/uploads\/2024\/06\/About-Vazub-Instrument-Factory-2-768x778.jpg 768w, https:\/\/vazub.com\/wp-content\/uploads\/2024\/06\/About-Vazub-Instrument-Factory-2-800x810.jpg 800w, https:\/\/vazub.com\/wp-content\/uploads\/2024\/06\/About-Vazub-Instrument-Factory-2-1011x1024.jpg 1011w, https:\/\/vazub.com\/wp-content\/uploads\/2024\/06\/About-Vazub-Instrument-Factory-2.jpg 1200w\" sizes=\"(max-width: 1200px) 100vw, 1200px\" \/><\/p>\n<p><img loading=\"lazy\" decoding=\"async\" class=\"alignnone wp-image-142 size-full\" src=\"https:\/\/vazub.com\/wp-content\/uploads\/2024\/06\/About-Vazub-Instrument-Factory-5.jpg\" alt=\"Despre Vazub Instrument Factory\" width=\"2048\" height=\"1024\" srcset=\"https:\/\/vazub.com\/wp-content\/uploads\/2024\/06\/About-Vazub-Instrument-Factory-5-18x9.jpg 18w, https:\/\/vazub.com\/wp-content\/uploads\/2024\/06\/About-Vazub-Instrument-Factory-5-200x100.jpg 200w, https:\/\/vazub.com\/wp-content\/uploads\/2024\/06\/About-Vazub-Instrument-Factory-5-300x150.jpg 300w, https:\/\/vazub.com\/wp-content\/uploads\/2024\/06\/About-Vazub-Instrument-Factory-5-400x200.jpg 400w, https:\/\/vazub.com\/wp-content\/uploads\/2024\/06\/About-Vazub-Instrument-Factory-5-500x250.jpg 500w, https:\/\/vazub.com\/wp-content\/uploads\/2024\/06\/About-Vazub-Instrument-Factory-5-600x300.jpg 600w, https:\/\/vazub.com\/wp-content\/uploads\/2024\/06\/About-Vazub-Instrument-Factory-5-700x350.jpg 700w, https:\/\/vazub.com\/wp-content\/uploads\/2024\/06\/About-Vazub-Instrument-Factory-5-768x384.jpg 768w, https:\/\/vazub.com\/wp-content\/uploads\/2024\/06\/About-Vazub-Instrument-Factory-5-800x400.jpg 800w, https:\/\/vazub.com\/wp-content\/uploads\/2024\/06\/About-Vazub-Instrument-Factory-5-1024x512.jpg 1024w, https:\/\/vazub.com\/wp-content\/uploads\/2024\/06\/About-Vazub-Instrument-Factory-5-1200x600.jpg 1200w, https:\/\/vazub.com\/wp-content\/uploads\/2024\/06\/About-Vazub-Instrument-Factory-5-1536x768.jpg 1536w, https:\/\/vazub.com\/wp-content\/uploads\/2024\/06\/About-Vazub-Instrument-Factory-5.jpg 2048w\" sizes=\"(max-width: 2048px) 100vw, 2048px\" \/><\/p>\n<h2 class=\"fusion-responsive-typography-calculated\" style=\"--fontsize: 40; line-height: 1.2;\" data-fontsize=\"40\" data-lineheight=\"48px\"><strong>Vazub <\/strong><strong>\u00ceNTREB\u0102RI FRECVENTE<\/strong><\/h2>\n<p><strong>1. Cum s\u0103 alege\u021bi cel mai potrivit echipament mecanic?<\/strong><br \/>\nEchipa noastr\u0103 de profesioni\u0219ti v\u0103 va oferi cea mai bun\u0103 sugestie at\u00e2ta timp c\u00e2t ne spune\u021bi ce fel de test trebuie s\u0103 face\u021bi \u0219i specifica\u021bia necesar\u0103.<br \/>\n<strong>2. Care este termenul de livrare?<\/strong><br \/>\n\u00cen cea mai mare parte a timpului, avem stocuri \u00een fabrica noastr\u0103. Dac\u0103 nu exist\u0103 stoc, \u00een mod normal, termenul de livrare este de 15 ~ 20 de zile lucr\u0103toare de la primirea depozitului. Dac\u0103 ave\u021bi nevoie urgent\u0103, putem lua \u00een considerare s\u0103 facem aranjamente speciale pentru dvs.<br \/>\n<strong>3. Accepta\u021bi servicii de personalizare?<\/strong><br \/>\nDa, desigur, putem oferi nu numai ma\u0219ini standard, ci \u0219i ma\u0219ini personalizate<br \/>\n\u00een func\u021bie de cererea dumneavoastr\u0103. Nu ezita\u021bi s\u0103 ne spune\u021bi cerin\u021bele dvs., vom face tot posibilul pentru a v\u0103 satisface nevoile.<br \/>\n<strong>4. Putem vizita fabrica dvs. \u00eenainte de comand\u0103?<\/strong><br \/>\nDa, v\u0103 salut\u0103m c\u0103lduros \u0219i v\u0103 invit\u0103m sincer pe dvs. sau echipa dvs. s\u0103 vizita\u021bi fabrica noastr\u0103<br \/>\n<strong>5. A\u021bi mai avut clien\u021bi din \u021bara noastr\u0103?<\/strong><br \/>\nAcum, ma\u0219inile noastre de testare au fost v\u00e2ndute \u00een mai mult de 80 de \u021b\u0103ri, cum ar fi America, Canada, Rusia, Marea Britanie, Italia, Germania, Europa, India, Pakistan, Filipine, Singapore, Malaezia, Thailanda, Vietnam, Coreea, Arabia Saudit\u0103, Brazilia... \u0219i a\u0219a mai departe.<br \/>\n<strong>6. Cum r\u0103m\u00e2ne cu garan\u021bia ma\u0219inii dvs.?<\/strong><br \/>\n\u00cen general, garan\u021bia noastr\u0103 este de 2 ani. \u00cen perioada de garan\u021bie, putem oferi suport tehnic \u0219i schimbarea pieselor, \u00een mod necesar, inginerii no\u0219tri pot merge la locul dvs. pentru un serviciu mai bun.<br \/>\n<strong>7. Cum r\u0103m\u00e2ne cu ambalajul ma\u0219inii, este protejat\u0103 \u00een siguran\u021b\u0103 \u00een timpul transportului?<\/strong><br \/>\nMa\u0219ina noastr\u0103 este ambalat\u0103 de o cutie de lemn standard pentru export, nu va fi deteriorat\u0103. Am livrat multe ma\u0219ini de testare \u00een str\u0103in\u0103tate pe mare sau pe calea aerului, f\u0103r\u0103 daune.<br \/>\n<strong>8. Care este procesul de comand\u0103?<\/strong><br \/>\nAnchet\u0103 - ofert\u0103 - comunicare - confirmarea comenzii - plata depozitului - produc\u021bie - testare \u0219i depanare - plata soldului - ambalare - livrare - primirea clientului - servicii post-v\u00e2nzare.<br \/>\n<strong>9. Cum s\u0103 instala\u021bi \u0219i s\u0103 utiliza\u021bi produsul?<\/strong><br \/>\nProdusul este livrat cu instruc\u021biuni de utilizare \u0219i o \u00eenregistrare video a versiunii \u00een limba englez\u0103.<\/p>\n<p><span style=\"background-color: rgba(255, 255, 255, 0); color: var(--body_typography-color); font-family: var(--body_typography-font-family); font-size: var(--body_typography-font-size); font-style: var(--body_typography-font-style,normal); font-weight: var(--body_typography-font-weight); letter-spacing: var(--body_typography-letter-spacing);\">WhatsApp\/Wechat: +86 13075286997<\/span><\/p>\n<p>E-mail: sales@vazub.com<\/p>\n\n<div class=\"wpcf7 no-js\" id=\"wpcf7-f106-o1\" lang=\"en-US\" dir=\"ltr\" data-wpcf7-id=\"106\">\n<div class=\"screen-reader-response\"><p role=\"status\" aria-live=\"polite\" aria-atomic=\"true\"><\/p> <ul><\/ul><\/div>\n<form action=\"\/ro\/wp-json\/wp\/v2\/pages\/97#wpcf7-f106-o1\" method=\"post\" class=\"wpcf7-form init\" aria-label=\"Formular de contact\" novalidate=\"novalidate\" data-status=\"init\" data-trp-original-action=\"\/ro\/wp-json\/wp\/v2\/pages\/97#wpcf7-f106-o1\">\n<fieldset class=\"hidden-fields-container\"><input type=\"hidden\" name=\"_wpcf7\" value=\"106\" \/><input type=\"hidden\" name=\"_wpcf7_version\" value=\"6.1.2\" \/><input type=\"hidden\" name=\"_wpcf7_locale\" value=\"en_US\" \/><input type=\"hidden\" name=\"_wpcf7_unit_tag\" value=\"wpcf7-f106-o1\" \/><input type=\"hidden\" name=\"_wpcf7_container_post\" value=\"0\" \/><input type=\"hidden\" name=\"_wpcf7_posted_data_hash\" value=\"\" \/>\n<\/fieldset>\n<p><label> Nume<br \/>\n<span class=\"wpcf7-form-control-wrap\" data-name=\"your-name\"><input size=\"40\" maxlength=\"400\" class=\"wpcf7-form-control wpcf7-text wpcf7-validates-as-required\" aria-required=\"true\" aria-invalid=\"false\" value=\"\" type=\"text\" name=\"your-name\" \/><\/span> <\/label>\n<\/p>\n<p><label> Email<br \/>\n<span class=\"wpcf7-form-control-wrap\" data-name=\"your-email\"><input size=\"40\" maxlength=\"400\" class=\"wpcf7-form-control wpcf7-email wpcf7-validates-as-required wpcf7-text wpcf7-validates-as-email\" aria-required=\"true\" aria-invalid=\"false\" value=\"\" type=\"email\" name=\"your-email\" \/><\/span> <\/label>\n<\/p>\n<p><label> Telefon<br \/>\n<span class=\"wpcf7-form-control-wrap\" data-name=\"your-phone\"><input size=\"40\" maxlength=\"400\" class=\"wpcf7-form-control wpcf7-text wpcf7-validates-as-required\" aria-required=\"true\" aria-invalid=\"false\" value=\"\" type=\"text\" name=\"your-phone\" \/><\/span> <\/label>\n<\/p>\n<p><label> Mesaj<br \/>\n<span class=\"wpcf7-form-control-wrap\" data-name=\"your-message\"><textarea cols=\"40\" rows=\"10\" maxlength=\"2000\" class=\"wpcf7-form-control wpcf7-textarea\" aria-invalid=\"false\" name=\"your-message\"><\/textarea><\/span> <\/label>\n<\/p>\n<p><input class=\"wpcf7-form-control wpcf7-submit has-spinner\" type=\"submit\" value=\"Trage\u021bi ancheta dvs.\" \/>\n<\/p><p style=\"display: none !important;\" class=\"akismet-fields-container\" data-prefix=\"_wpcf7_ak_\"><label>&#916;<textarea name=\"_wpcf7_ak_hp_textarea\" cols=\"45\" rows=\"8\" maxlength=\"100\"><\/textarea><\/label><input type=\"hidden\" id=\"ak_js_1\" name=\"_wpcf7_ak_js\" value=\"140\"\/><script>document.getElementById( \"ak_js_1\" ).setAttribute( \"value\", ( new Date() ).getTime() );<\/script><\/p><div class=\"fusion-alert alert custom alert-custom fusion-alert-center wpcf7-response-output awb-alert-native-link-color alert-dismissable awb-alert-close-boxed\" style=\"--awb-border-size:1px;--awb-border-top-left-radius:0px;--awb-border-top-right-radius:0px;--awb-border-bottom-left-radius:0px;--awb-border-bottom-right-radius:0px;\" role=\"alert\"><div class=\"fusion-alert-content-wrapper\"><span class=\"fusion-alert-content\"><\/span><\/div><button type=\"button\" class=\"close toggle-alert\" data-dismiss=\"alert\" aria-label=\"\u00cenchidere\">\u00d7<\/button><\/div>\n<input type=\"hidden\" name=\"trp-form-language\" value=\"ro\"\/><\/form>\n<\/div>","protected":false},"excerpt":{"rendered":"<p>Vazub Instrument Factory Vazub is a manufacturer with 21 years  [&#8230;]<\/p>","protected":false},"author":1,"featured_media":0,"parent":0,"menu_order":0,"comment_status":"closed","ping_status":"closed","template":"","meta":{"_joinchat":[],"footnotes":""},"class_list":["post-97","page","type-page","status-publish","hentry"],"jetpack_sharing_enabled":true,"_links":{"self":[{"href":"https:\/\/vazub.com\/ro\/wp-json\/wp\/v2\/pages\/97","targetHints":{"allow":["GET"]}}],"collection":[{"href":"https:\/\/vazub.com\/ro\/wp-json\/wp\/v2\/pages"}],"about":[{"href":"https:\/\/vazub.com\/ro\/wp-json\/wp\/v2\/types\/page"}],"author":[{"embeddable":true,"href":"https:\/\/vazub.com\/ro\/wp-json\/wp\/v2\/users\/1"}],"replies":[{"embeddable":true,"href":"https:\/\/vazub.com\/ro\/wp-json\/wp\/v2\/comments?post=97"}],"version-history":[{"count":12,"href":"https:\/\/vazub.com\/ro\/wp-json\/wp\/v2\/pages\/97\/revisions"}],"predecessor-version":[{"id":189,"href":"https:\/\/vazub.com\/ro\/wp-json\/wp\/v2\/pages\/97\/revisions\/189"}],"wp:attachment":[{"href":"https:\/\/vazub.com\/ro\/wp-json\/wp\/v2\/media?parent=97"}],"curies":[{"name":"wp","href":"https:\/\/api.w.org\/{rel}","templated":true}]}}