{"id":97,"date":"2024-06-22T11:19:16","date_gmt":"2024-06-22T11:19:16","guid":{"rendered":"https:\/\/vazub.com\/?page_id=97"},"modified":"2024-07-03T09:03:30","modified_gmt":"2024-07-03T09:03:30","slug":"vazub-hakkinda","status":"publish","type":"page","link":"https:\/\/vazub.com\/tr\/vazub-hakkinda\/","title":{"rendered":"Vazub Hakk\u0131nda"},"content":{"rendered":"<h2 class=\"fusion-responsive-typography-calculated\" style=\"text-align: center; --fontsize: 40; line-height: 1.2;\" data-fontsize=\"40\" data-lineheight=\"48px\"><strong>Vazub Enstr\u00fcman Fabrikas\u0131<\/strong><\/h2>\n<p>Vazub, test makinesi ara\u015ft\u0131rma ve geli\u015ftirme, tasar\u0131m ve \u00fcretiminde 21 y\u0131ll\u0131k deneyime sahip bir \u00fcreticidir. Zengin deneyime sahiptir ve tan\u0131nm\u0131\u015f yerli ve yabanc\u0131 \u015firketlerle i\u015fbirli\u011fi yapmaktad\u0131r. \u00dcr\u00fcnleri bir\u00e7ok \u00fclke ve b\u00f6lgeye ihra\u00e7 edilmektedir. \u00dcr\u00fcnler ISO, AATCC, ASTM, DIN, EN, GB, BS, JIS, ANSI, UL, TAPPI, IEC, VDE standartlar\u0131n\u0131 kar\u015f\u0131lamaktad\u0131r... Hepsi mevcuttur. \u00dcr\u00fcnler yayg\u0131n olarak \u015fu alanlarda kullan\u0131lmaktad\u0131r: bilimsel ara\u015ft\u0131rma birimleri, kalite kontrol kurumlar\u0131, kolejler ve \u00fcniversitelerin yan\u0131 s\u0131ra elektronik aletler, kaplamalar, \u00e7antalar, yap\u0131\u015ft\u0131r\u0131c\u0131lar, cep telefonlar\u0131, tekstil, oyuncaklar, kau\u00e7uk, plastik, metaller, teller ve kablolar, ayakkab\u0131, deri, ambalaj, yap\u0131 malzemeleri, petrokimya, havac\u0131l\u0131k ... ve di\u011fer end\u00fcstriler. Malzeme geli\u015ftirme, fiziksel \u00f6zellik testi, \u00f6\u011fretim ara\u015ft\u0131rmas\u0131, kalite y\u00f6netimi ve gelen malzeme denetimi i\u00e7in gereklidirler.<\/p>\n<p><img fetchpriority=\"high\" decoding=\"async\" class=\"alignnone wp-image-167 size-full\" src=\"https:\/\/vazub.com\/wp-content\/uploads\/2024\/06\/Vazub-70\u2103150\u2103-Laboratory-Simulated-Climate-Programmable-Temperature-And-Humidity-Control-Test-Climate-Chamber-Manufacturer-11.jpg\" alt=\"Vazub -70 \u2103 ~ + 150 \u2103 Laboratuvar Sim\u00fcle \u0130klim Programlanabilir S\u0131cakl\u0131k ve Nem Kontrol\u00fc Test \u0130klim Odas\u0131 \u00dcreticisi\" width=\"750\" height=\"1264\" srcset=\"\" sizes=\"(max-width: 750px) 100vw, 750px\" data-srcset=\"\" \/><\/p>\n<p>Vazub, Asya, Amerika ve Avrupa'y\u0131 kapsayan profesyonel bir Ar-Ge a\u011f\u0131 kuracak, inovasyon mekanizmalar\u0131 ve fikri m\u00fclkiyet y\u00f6netimi platformlar\u0131 kuracak ve geli\u015ftirecek, \u015firketin geli\u015fiminin temelini atacak ve \u00fcr\u00fcnleri t\u00fcm d\u00fcnyada pop\u00fcler olan yerli i\u015fletmelerde \u00f6nc\u00fc olacakt\u0131r. Kurulu\u015fundan bu yana \u015firket, m\u00fc\u015fterilere daha iyi hizmet vermek ve iyi bir itibar kazanmak i\u00e7in kaliteyi \u00e7ekirdek, m\u00fckemmel g\u00f6r\u00fcn\u00fcm tasar\u0131m\u0131n\u0131 merkez olarak ve ciddi ve pragmatik bir \u00e7al\u0131\u015fma ruhunu sa\u011flam bir \u015fekilde alm\u0131\u015ft\u0131r. \"D\u00fcr\u00fcst y\u00f6netim\", \"\u00f6nce kalite\" ve \u00f6nce hizmet ilkesine ba\u011fl\u0131 kalmaya, yenilik\u00e7i fikir ve teknolojilerle \u00fcr\u00fcnler tasarlamaya, m\u00fckemmel kalite, uygun fiyatlar ve eksiksiz bir hizmet a\u011f\u0131 sa\u011flamaya ve yeni ve eski m\u00fc\u015fterilere profesyonel, ideal ve verimli hizmetler sunmaya devam edece\u011fiz.<\/p>\n<p><img decoding=\"async\" class=\"alignnone wp-image-141 size-full\" src=\"https:\/\/vazub.com\/wp-content\/uploads\/2024\/06\/About-Vazub-Instrument-Factory-4.jpg\" alt=\"Vazub Instrument Factory Hakk\u0131nda\" width=\"1200\" height=\"600\" srcset=\"https:\/\/vazub.com\/wp-content\/uploads\/2024\/06\/About-Vazub-Instrument-Factory-4-18x9.jpg 18w, https:\/\/vazub.com\/wp-content\/uploads\/2024\/06\/About-Vazub-Instrument-Factory-4-200x100.jpg 200w, https:\/\/vazub.com\/wp-content\/uploads\/2024\/06\/About-Vazub-Instrument-Factory-4-300x150.jpg 300w, https:\/\/vazub.com\/wp-content\/uploads\/2024\/06\/About-Vazub-Instrument-Factory-4-400x200.jpg 400w, https:\/\/vazub.com\/wp-content\/uploads\/2024\/06\/About-Vazub-Instrument-Factory-4-500x250.jpg 500w, https:\/\/vazub.com\/wp-content\/uploads\/2024\/06\/About-Vazub-Instrument-Factory-4-600x300.jpg 600w, https:\/\/vazub.com\/wp-content\/uploads\/2024\/06\/About-Vazub-Instrument-Factory-4-700x350.jpg 700w, https:\/\/vazub.com\/wp-content\/uploads\/2024\/06\/About-Vazub-Instrument-Factory-4-768x384.jpg 768w, https:\/\/vazub.com\/wp-content\/uploads\/2024\/06\/About-Vazub-Instrument-Factory-4-800x400.jpg 800w, https:\/\/vazub.com\/wp-content\/uploads\/2024\/06\/About-Vazub-Instrument-Factory-4-1024x512.jpg 1024w, https:\/\/vazub.com\/wp-content\/uploads\/2024\/06\/About-Vazub-Instrument-Factory-4.jpg 1200w\" sizes=\"(max-width: 1200px) 100vw, 1200px\" \/><\/p>\n<p>Vazub \u015firket de\u011ferleri: minnettarl\u0131k, d\u00fcr\u00fcstl\u00fck, kalite, yenilik\u00e7ilik ve kazan-kazan. | Vizyon (misyon): Etkili bir test ekipman\u0131 \u00fcreticisi olmak ve m\u00fc\u015fterilere tek elden \u00e7\u00f6z\u00fcmler ve hizmetler sunmak. | \u015eirket felsefesi Temel de\u011ferler (\u00fc\u00e7 yarat\u0131m): M\u00fc\u015fteriler i\u00e7in rekabet g\u00fcc\u00fc yaratmak ve m\u00fc\u015fteri memnuniyetini sa\u011flamak; \u00e7al\u0131\u015fanlar i\u00e7in geli\u015fim yaratmak ve \u00e7al\u0131\u015fan de\u011ferini yans\u0131tmak; \u015firket i\u00e7in kar yaratmak ve \u015firketin s\u00fcrd\u00fcr\u00fclebilir \u00e7al\u0131\u015fmas\u0131n\u0131 sa\u011flamak.<\/p>\n<p><img decoding=\"async\" class=\"alignnone wp-image-140 size-full\" src=\"https:\/\/vazub.com\/wp-content\/uploads\/2024\/06\/About-Vazub-Instrument-Factory-3.jpg\" alt=\"Vazub Instrument Factory Hakk\u0131nda\" width=\"1200\" height=\"550\" srcset=\"https:\/\/vazub.com\/wp-content\/uploads\/2024\/06\/About-Vazub-Instrument-Factory-3-18x8.jpg 18w, https:\/\/vazub.com\/wp-content\/uploads\/2024\/06\/About-Vazub-Instrument-Factory-3-200x92.jpg 200w, https:\/\/vazub.com\/wp-content\/uploads\/2024\/06\/About-Vazub-Instrument-Factory-3-300x138.jpg 300w, https:\/\/vazub.com\/wp-content\/uploads\/2024\/06\/About-Vazub-Instrument-Factory-3-400x183.jpg 400w, https:\/\/vazub.com\/wp-content\/uploads\/2024\/06\/About-Vazub-Instrument-Factory-3-500x229.jpg 500w, https:\/\/vazub.com\/wp-content\/uploads\/2024\/06\/About-Vazub-Instrument-Factory-3-600x275.jpg 600w, https:\/\/vazub.com\/wp-content\/uploads\/2024\/06\/About-Vazub-Instrument-Factory-3-700x321.jpg 700w, https:\/\/vazub.com\/wp-content\/uploads\/2024\/06\/About-Vazub-Instrument-Factory-3-768x352.jpg 768w, https:\/\/vazub.com\/wp-content\/uploads\/2024\/06\/About-Vazub-Instrument-Factory-3-800x367.jpg 800w, https:\/\/vazub.com\/wp-content\/uploads\/2024\/06\/About-Vazub-Instrument-Factory-3-1024x469.jpg 1024w, https:\/\/vazub.com\/wp-content\/uploads\/2024\/06\/About-Vazub-Instrument-Factory-3.jpg 1200w\" sizes=\"(max-width: 1200px) 100vw, 1200px\" \/><\/p>\n<p><img loading=\"lazy\" decoding=\"async\" class=\"alignnone wp-image-139 size-full\" src=\"https:\/\/vazub.com\/wp-content\/uploads\/2024\/06\/About-Vazub-Instrument-Factory-2.jpg\" alt=\"Vazub Instrument Factory Hakk\u0131nda\" width=\"1200\" height=\"1215\" srcset=\"https:\/\/vazub.com\/wp-content\/uploads\/2024\/06\/About-Vazub-Instrument-Factory-2-12x12.jpg 12w, https:\/\/vazub.com\/wp-content\/uploads\/2024\/06\/About-Vazub-Instrument-Factory-2-66x66.jpg 66w, https:\/\/vazub.com\/wp-content\/uploads\/2024\/06\/About-Vazub-Instrument-Factory-2-200x203.jpg 200w, https:\/\/vazub.com\/wp-content\/uploads\/2024\/06\/About-Vazub-Instrument-Factory-2-296x300.jpg 296w, https:\/\/vazub.com\/wp-content\/uploads\/2024\/06\/About-Vazub-Instrument-Factory-2-400x405.jpg 400w, https:\/\/vazub.com\/wp-content\/uploads\/2024\/06\/About-Vazub-Instrument-Factory-2-500x506.jpg 500w, https:\/\/vazub.com\/wp-content\/uploads\/2024\/06\/About-Vazub-Instrument-Factory-2-600x608.jpg 600w, https:\/\/vazub.com\/wp-content\/uploads\/2024\/06\/About-Vazub-Instrument-Factory-2-700x709.jpg 700w, https:\/\/vazub.com\/wp-content\/uploads\/2024\/06\/About-Vazub-Instrument-Factory-2-768x778.jpg 768w, https:\/\/vazub.com\/wp-content\/uploads\/2024\/06\/About-Vazub-Instrument-Factory-2-800x810.jpg 800w, https:\/\/vazub.com\/wp-content\/uploads\/2024\/06\/About-Vazub-Instrument-Factory-2-1011x1024.jpg 1011w, https:\/\/vazub.com\/wp-content\/uploads\/2024\/06\/About-Vazub-Instrument-Factory-2.jpg 1200w\" sizes=\"(max-width: 1200px) 100vw, 1200px\" \/><\/p>\n<p><img loading=\"lazy\" decoding=\"async\" class=\"alignnone wp-image-142 size-full\" src=\"https:\/\/vazub.com\/wp-content\/uploads\/2024\/06\/About-Vazub-Instrument-Factory-5.jpg\" alt=\"Vazub Instrument Factory Hakk\u0131nda\" width=\"2048\" height=\"1024\" srcset=\"https:\/\/vazub.com\/wp-content\/uploads\/2024\/06\/About-Vazub-Instrument-Factory-5-18x9.jpg 18w, https:\/\/vazub.com\/wp-content\/uploads\/2024\/06\/About-Vazub-Instrument-Factory-5-200x100.jpg 200w, https:\/\/vazub.com\/wp-content\/uploads\/2024\/06\/About-Vazub-Instrument-Factory-5-300x150.jpg 300w, https:\/\/vazub.com\/wp-content\/uploads\/2024\/06\/About-Vazub-Instrument-Factory-5-400x200.jpg 400w, https:\/\/vazub.com\/wp-content\/uploads\/2024\/06\/About-Vazub-Instrument-Factory-5-500x250.jpg 500w, https:\/\/vazub.com\/wp-content\/uploads\/2024\/06\/About-Vazub-Instrument-Factory-5-600x300.jpg 600w, https:\/\/vazub.com\/wp-content\/uploads\/2024\/06\/About-Vazub-Instrument-Factory-5-700x350.jpg 700w, https:\/\/vazub.com\/wp-content\/uploads\/2024\/06\/About-Vazub-Instrument-Factory-5-768x384.jpg 768w, https:\/\/vazub.com\/wp-content\/uploads\/2024\/06\/About-Vazub-Instrument-Factory-5-800x400.jpg 800w, https:\/\/vazub.com\/wp-content\/uploads\/2024\/06\/About-Vazub-Instrument-Factory-5-1024x512.jpg 1024w, https:\/\/vazub.com\/wp-content\/uploads\/2024\/06\/About-Vazub-Instrument-Factory-5-1200x600.jpg 1200w, https:\/\/vazub.com\/wp-content\/uploads\/2024\/06\/About-Vazub-Instrument-Factory-5-1536x768.jpg 1536w, https:\/\/vazub.com\/wp-content\/uploads\/2024\/06\/About-Vazub-Instrument-Factory-5.jpg 2048w\" sizes=\"(max-width: 2048px) 100vw, 2048px\" \/><\/p>\n<h2 class=\"fusion-responsive-typography-calculated\" style=\"--fontsize: 40; line-height: 1.2;\" data-fontsize=\"40\" data-lineheight=\"48px\"><strong>Vazub <\/strong><strong>SSS<\/strong><\/h2>\n<p><strong>1. En uygun Mekanik Ekipman nas\u0131l se\u00e7ilir?<\/strong><br \/>\nProfesyonel ekibimiz, ne t\u00fcr bir test yapman\u0131z gerekti\u011fini ve gerekli \u00f6zellikleri bize bildirdi\u011finiz s\u00fcrece size en iyi \u00f6neriyi verecektir.<br \/>\n<strong>2. Teslimat s\u00fcresi nedir?<\/strong><br \/>\n\u00c7o\u011fu zaman fabrikam\u0131zda stoklar\u0131m\u0131z bulunmaktad\u0131r. Stok yoksa, normalde teslimat s\u00fcresi depozito al\u0131nd\u0131ktan sonra 15 ~ 20 i\u015f g\u00fcn\u00fcd\u00fcr. Acil ihtiyac\u0131n\u0131z varsa, sizin i\u00e7in \u00f6zel d\u00fczenlemeler yapmay\u0131 d\u00fc\u015f\u00fcnebiliriz.<br \/>\n<strong>3. \u00d6zelle\u015ftirme hizmetlerini kabul ediyor musunuz?<\/strong><br \/>\nEvet, elbette, sadece standart makineler de\u011fil, ayn\u0131 zamanda \u00f6zelle\u015ftirilmi\u015f makineler de sunabiliriz<br \/>\niste\u011finize g\u00f6re. \u0130htiya\u00e7lar\u0131n\u0131z\u0131 bize bildirmekten \u00e7ekinmeyin, ihtiya\u00e7lar\u0131n\u0131z\u0131 kar\u015f\u0131lamak i\u00e7in elimizden geleni yapaca\u011f\u0131z.<br \/>\n<strong>4. Sipari\u015ften \u00f6nce fabrikan\u0131z\u0131 ziyaret edebilir miyiz?<\/strong><br \/>\nEvet, sizi veya ekibinizi fabrikam\u0131z\u0131 ziyaret etmeye davet ediyor ve i\u00e7tenlikle kar\u015f\u0131l\u0131yoruz<br \/>\n<strong>5. Daha \u00f6nce \u00fclkemizden m\u00fc\u015fterileriniz oldu mu?<\/strong><br \/>\n\u015eimdi test makinelerimiz Amerika, Kanada, Rusya, \u0130ngiltere, \u0130talya, Almanya, Avrupa, Hindistan, Pakistan, Filipinler, Singapur, Malezya, Tayland, Vietnam, Kore, Suudi Arabistan, Brezilya ... gibi 80'den fazla \u00fclkeye sat\u0131ld\u0131.<br \/>\n<strong>6. Makine garantiniz ne durumda?<\/strong><br \/>\nGenel olarak garantimiz 2 y\u0131ld\u0131r. Garanti s\u00fcresi i\u00e7inde, teknik destek ve par\u00e7a de\u011fi\u015fimi sunabiliriz, mutlaka m\u00fchendislerimiz daha iyi hizmet i\u00e7in yerinize gidebilir.<br \/>\n<strong>7. Makinenin ambalaj\u0131 nas\u0131l, nakliye s\u0131ras\u0131nda g\u00fcvenli bir \u015fekilde korunuyor mu?<\/strong><br \/>\nMakinemiz standart ihracat ah\u015fap kutu ile paketlenmi\u015ftir, zarar g\u00f6rmez. Yurtd\u0131\u015f\u0131na bir\u00e7ok test makinesini deniz veya hava yoluyla hasars\u0131z olarak teslim ettik.<br \/>\n<strong>8. Sipari\u015f s\u00fcreci nedir?<\/strong><br \/>\nSoru\u015fturma - teklif - ileti\u015fim - sipari\u015f onay\u0131 - depozito \u00f6demesi - \u00fcretim - test ve hata ay\u0131klama - bakiye \u00f6demesi - paketleme - teslimat - m\u00fc\u015fteri kabul\u00fc - servis sonras\u0131.<br \/>\n<strong>9. \u00dcr\u00fcn nas\u0131l kurulur ve kullan\u0131l\u0131r?<\/strong><br \/>\n\u00dcr\u00fcn, kullan\u0131m talimatlar\u0131 ve \u0130ngilizce versiyonun bir videosu ile birlikte g\u00f6nderilir.<\/p>\n<p><span style=\"background-color: rgba(255, 255, 255, 0); color: var(--body_typography-color); font-family: var(--body_typography-font-family); font-size: var(--body_typography-font-size); font-style: var(--body_typography-font-style,normal); font-weight: var(--body_typography-font-weight); letter-spacing: var(--body_typography-letter-spacing);\">WhatsApp\/Wechat: +86 13075286997<\/span><\/p>\n<p>E-posta: sales@vazub.com<\/p>\n\n<div class=\"wpcf7 no-js\" id=\"wpcf7-f106-o1\" lang=\"en-US\" dir=\"ltr\" data-wpcf7-id=\"106\">\n<div class=\"screen-reader-response\"><p role=\"status\" aria-live=\"polite\" aria-atomic=\"true\"><\/p> <ul><\/ul><\/div>\n<form action=\"\/tr\/wp-json\/wp\/v2\/pages\/97#wpcf7-f106-o1\" method=\"post\" class=\"wpcf7-form init\" aria-label=\"\u0130leti\u015fim formu\" novalidate=\"novalidate\" data-status=\"init\" data-trp-original-action=\"\/tr\/wp-json\/wp\/v2\/pages\/97#wpcf7-f106-o1\">\n<fieldset class=\"hidden-fields-container\"><input type=\"hidden\" name=\"_wpcf7\" value=\"106\" \/><input type=\"hidden\" name=\"_wpcf7_version\" value=\"6.1.2\" \/><input type=\"hidden\" name=\"_wpcf7_locale\" value=\"en_US\" \/><input type=\"hidden\" name=\"_wpcf7_unit_tag\" value=\"wpcf7-f106-o1\" \/><input type=\"hidden\" name=\"_wpcf7_container_post\" value=\"0\" \/><input type=\"hidden\" name=\"_wpcf7_posted_data_hash\" value=\"\" \/>\n<\/fieldset>\n<p><label> \u0130sim<br \/>\n<span class=\"wpcf7-form-control-wrap\" data-name=\"your-name\"><input size=\"40\" maxlength=\"400\" class=\"wpcf7-form-control wpcf7-text wpcf7-validates-as-required\" aria-required=\"true\" aria-invalid=\"false\" value=\"\" type=\"text\" name=\"your-name\" \/><\/span> <\/label>\n<\/p>\n<p><label> E-posta<br \/>\n<span class=\"wpcf7-form-control-wrap\" data-name=\"your-email\"><input size=\"40\" maxlength=\"400\" class=\"wpcf7-form-control wpcf7-email wpcf7-validates-as-required wpcf7-text wpcf7-validates-as-email\" aria-required=\"true\" aria-invalid=\"false\" value=\"\" type=\"email\" name=\"your-email\" \/><\/span> <\/label>\n<\/p>\n<p><label> Telefon<br \/>\n<span class=\"wpcf7-form-control-wrap\" data-name=\"your-phone\"><input size=\"40\" maxlength=\"400\" class=\"wpcf7-form-control wpcf7-text wpcf7-validates-as-required\" aria-required=\"true\" aria-invalid=\"false\" value=\"\" type=\"text\" name=\"your-phone\" \/><\/span> <\/label>\n<\/p>\n<p><label> Mesaj<br \/>\n<span class=\"wpcf7-form-control-wrap\" data-name=\"your-message\"><textarea cols=\"40\" rows=\"10\" maxlength=\"2000\" class=\"wpcf7-form-control wpcf7-textarea\" aria-invalid=\"false\" name=\"your-message\"><\/textarea><\/span> <\/label>\n<\/p>\n<p><input class=\"wpcf7-form-control wpcf7-submit has-spinner\" type=\"submit\" value=\"Sorgunuzu g\u00f6nderin\" \/>\n<\/p><p style=\"display: none !important;\" class=\"akismet-fields-container\" data-prefix=\"_wpcf7_ak_\"><label>&#916;<textarea name=\"_wpcf7_ak_hp_textarea\" cols=\"45\" rows=\"8\" maxlength=\"100\"><\/textarea><\/label><input type=\"hidden\" id=\"ak_js_1\" name=\"_wpcf7_ak_js\" value=\"103\"\/><script>document.getElementById( \"ak_js_1\" ).setAttribute( \"value\", ( new Date() ).getTime() );<\/script><\/p><div class=\"fusion-alert alert custom alert-custom fusion-alert-center wpcf7-response-output awb-alert-native-link-color alert-dismissable awb-alert-close-boxed\" style=\"--awb-border-size:1px;--awb-border-top-left-radius:0px;--awb-border-top-right-radius:0px;--awb-border-bottom-left-radius:0px;--awb-border-bottom-right-radius:0px;\" role=\"alert\"><div class=\"fusion-alert-content-wrapper\"><span class=\"fusion-alert-content\"><\/span><\/div><button type=\"button\" class=\"close toggle-alert\" data-dismiss=\"alert\" aria-label=\"Kapat\">\u00d7<\/button><\/div>\n<input type=\"hidden\" name=\"trp-form-language\" value=\"tr\"\/><\/form>\n<\/div>","protected":false},"excerpt":{"rendered":"<p>Vazub Instrument Factory Vazub is a manufacturer with 21 years  [&#8230;]<\/p>","protected":false},"author":1,"featured_media":0,"parent":0,"menu_order":0,"comment_status":"closed","ping_status":"closed","template":"","meta":{"_joinchat":[],"footnotes":""},"class_list":["post-97","page","type-page","status-publish","hentry"],"jetpack_sharing_enabled":true,"_links":{"self":[{"href":"https:\/\/vazub.com\/tr\/wp-json\/wp\/v2\/pages\/97","targetHints":{"allow":["GET"]}}],"collection":[{"href":"https:\/\/vazub.com\/tr\/wp-json\/wp\/v2\/pages"}],"about":[{"href":"https:\/\/vazub.com\/tr\/wp-json\/wp\/v2\/types\/page"}],"author":[{"embeddable":true,"href":"https:\/\/vazub.com\/tr\/wp-json\/wp\/v2\/users\/1"}],"replies":[{"embeddable":true,"href":"https:\/\/vazub.com\/tr\/wp-json\/wp\/v2\/comments?post=97"}],"version-history":[{"count":12,"href":"https:\/\/vazub.com\/tr\/wp-json\/wp\/v2\/pages\/97\/revisions"}],"predecessor-version":[{"id":189,"href":"https:\/\/vazub.com\/tr\/wp-json\/wp\/v2\/pages\/97\/revisions\/189"}],"wp:attachment":[{"href":"https:\/\/vazub.com\/tr\/wp-json\/wp\/v2\/media?parent=97"}],"curies":[{"name":"wp","href":"https:\/\/api.w.org\/{rel}","templated":true}]}}